{"id":9416,"date":"2023-04-06T06:30:47","date_gmt":"2023-04-06T03:30:47","guid":{"rendered":"https:\/\/www.monaxis.lt\/parduotuve\/showcase-fridge-r62-prestige\/"},"modified":"2026-03-21T16:15:05","modified_gmt":"2026-03-21T14:15:05","slug":"showcase-refrigerator-r62-prestige","status":"publish","type":"product","link":"https:\/\/www.monaxis.lt\/en\/parduotuve\/showcase-refrigerator-r62-prestige\/","title":{"rendered":"R62 Prestige 501L display refrigerator"},"content":{"rendered":"<h4><strong>We present a modern and eye-catching showcase refrigerator<\/strong> &#8211; R62 Prestige! This stylish and functional display fridge is designed to showcase your drinks in an impressive way. With this elegant and contemporary design, it is perfect for any commercial area, restaurant or bar.<\/h4>\n<p>The R62 Prestige display fridge has a spacious interior and adjustable shelves, allowing you to display a wide range of items in a neat and visually appealing way. The glass door design provides a clear view of the products, enticing customers and making it easy to find the products of their choice.<\/p>\n<p>This display fridge not only looks great, but also offers advanced cooling technology to keep your drinks at the right temperature. Precise temperature control helps maintain the freshness and quality of your products, providing a pleasant taste experience for your customers.<\/p>\n<p>In addition, the R62 Prestige display fridge is equipped with efficient LED lighting to decorate the contents and create an attractive visual presentation. Inside, LED lighting increases the visibility of the drinks, making them even more captivating for customers.<\/p>\n<p>At Monaxis.lt we are committed to providing high quality refrigeration equipment, and the R62 Prestige display fridge is no exception. We offer competitive prices and guarantee the durability and reliability of our products. You can rely on our knowledge and experience to help you choose, install and maintain your beverage fridge.<\/p>\n<p>High quality refrigerated cabinet<br \/>\nThe display area of the cabinet is made without a frame in the Full Glass version.<br \/>\nThe stainless steel door handles give the cabinet a modern finish.<br \/>\nThe body and the inside of the cabinet are powder coated, which makes it easier to keep clean.<br \/>\nThe vertical LED lighting on the right hand side of the door increases the visibility of the screen.<br \/>\nThe shelves are reinforced, adjustable in height and plastic coated.<br \/>\nDoors with a double layer of tempered glass prevent loss of cooling properties.<br \/>\nHigh-quality insulation in the refrigeration case guarantees low electricity consumption.<br \/>\nSelf-closing doors ensure the correct temperature is maintained.<br \/>\nWheels with brake allow easy transport of the unit.<br \/>\nEach shelf is equipped with a price strip and a shelf divider\/separator .<\/p>\n<p>We guarantee the reliability and use of well-known brand components<br \/>\nThe dynamic cooling system ensures a uniform temperature throughout the chamber.<br \/>\nCarel&#8217;s electronic control panel allows you to set the temperature between 0 and +10 \u00b0C.<br \/>\nA digital display informs about the current temperature inside the chamber.<br \/>\nThe efficient Secop compressor ensures proper efficiency and energy efficiency.<br \/>\nThe product comes with a 12-month warranty.<br \/>\nThe beverage refrigerator is CE-certified to meet Sanepid requirements.<\/p>\n","protected":false},"excerpt":{"rendered":"<div class=\"product__parameter__name\"><strong><span class=\"product__parameter__name__text\"><img decoding=\"async\" class=\"alignnone wp-image-7601\" src=\"https:\/\/www.monaxis.lt\/wp-content\/uploads\/2023\/03\/delivery-1-150x150.png\" alt=\"\" width=\"23\" height=\"23\" srcset=\"https:\/\/www.monaxis.lt\/wp-content\/uploads\/2023\/03\/delivery-1-150x150.png 150w, https:\/\/www.monaxis.lt\/wp-content\/uploads\/2023\/03\/delivery-1-300x300.png 300w, https:\/\/www.monaxis.lt\/wp-content\/uploads\/2023\/03\/delivery-1.png 512w\" sizes=\"(max-width: 23px) 100vw, 23px\" \/> Delivery <\/span><\/strong><\/div>\n<div class=\"product__parameter__value\"><span class=\"product__parameter__value__text\" style=\"font-size: 75%;\">     <strong>   <span style=\"color: #999999;\"> 2-10 d.d.<\/span><\/strong><\/span><\/div>\n<div class=\"product__parameter__name\">\n<div class=\"product__parameter__value\">\n<hr>\n<\/div>\n<div>\n<div class=\"product__parameter__name\"><strong><span class=\"product__parameter__name__text\"><img decoding=\"async\" class=\"alignnone wp-image-7806\" style=\"color: #333333;\" src=\"https:\/\/www.monaxis.lt\/wp-content\/uploads\/2023\/01\/temperature-4.png\" alt=\"\" width=\"23\" height=\"23\"> Maintained temperature<\/span><\/strong><\/div>\n<div class=\"product__parameter__value\"><span class=\"product__parameter__value__text\" style=\"font-size: 75%;\">     <strong>   <span style=\"color: #999999;\">    <\/span><\/strong><\/span><span style=\"color: #999999;\"><strong><span style=\"font-size: 75%;\">(0 \u00f7 +10 \u00b0C)<\/span><\/strong><\/span><\/div>\n<\/div>\n<div>\n<hr>\n<\/div>\n<div>\n<div class=\"product__parameter__name\"><strong><span class=\"product__parameter__name__text\"><img decoding=\"async\" class=\"alignnone wp-image-7807\" src=\"https:\/\/www.monaxis.lt\/wp-content\/uploads\/2023\/01\/refrigerant.png\" alt=\"\" width=\"23\" height=\"23\"> Refrigerant<\/span><\/strong><\/div>\n<div class=\"product__parameter__value\"><span class=\"product__parameter__value__text\" style=\"font-size: 75%;\">       <span style=\"color: #808080;\">  <span style=\"color: #999999;\"><strong>R290<\/strong><\/span><\/span><\/span><\/div>\n<\/div>\n<\/div>\n<div class=\"product__parameter__value\">\n<hr>\n<\/div>\n<p><strong><img decoding=\"async\" class=\"alignnone wp-image-7810\" src=\"https:\/\/www.monaxis.lt\/wp-content\/uploads\/2023\/01\/komplektuojama.png\" alt=\"\" width=\"23\" height=\"23\"> Comes with<\/strong><br \/>\n<strong><span style=\"font-size: 75%; color: #999999;\">  Refrigerated 1-door cupboard<\/span><\/strong><br \/>\n<strong><span style=\"font-size: 75%; color: #999999;\"> Shelves &#8211; 5 pcs<\/span><\/strong><br \/>\n<strong><span style=\"font-size: 75%; color: #999999;\">  Shelf partitions &#8211; 5 pcs<\/span><\/strong><br \/>\n<strong><span style=\"font-size: 75%; color: #999999;\">  Price strips &#8211; 5 pcs<\/span><\/strong><br \/>\n<strong><span style=\"font-size: 75%; color: #999999;\"> Warranty card<\/span><\/strong><br \/>\n<strong><span style=\"font-size: 75%; color: #999999;\"> Proof of purchase &#8211; Receipt \/ FV<\/span><\/strong><\/p>\n","protected":false},"featured_media":20745,"comment_status":"open","ping_status":"closed","template":"","meta":[],"product_brand":[],"product_cat":[138,67],"product_tag":[144,146,143,142,145],"class_list":{"0":"post-9416","1":"product","2":"type-product","3":"status-publish","4":"has-post-thumbnail","6":"product_cat-showcase-refrigerators","7":"product_cat-commercial-refrigeration-equipment-en","8":"product_tag-drinks-fridge","9":"product_tag-fridge","10":"product_tag-refrigerator-with-glass-door","11":"product_tag-showcase-fridge","12":"product_tag-showcase-refrigerators","13":"pa_aukstis-198cm-en-2","14":"pa_bukle-new-en","15":"pa_ilgis-62cm-en","16":"pa_plotis-63cm-en","17":"pa_talpa-501l-en","18":"pa_temperaturos-diapazonas-c-0c-10c-en","20":"first","21":"instock","22":"sale","23":"taxable","24":"shipping-taxable","25":"purchasable","26":"product-type-simple"},"yoast_head":"<!-- This site is optimized with the Yoast SEO plugin v27.1.1 - https:\/\/yoast.com\/product\/yoast-seo-wordpress\/ -->\n<title>Showcase refrigerator R62 Prestige | Monaxis<\/title>\n<meta name=\"description\" content=\"The eye-catching, high quality R62 Prestige display fridge in the online shop Monaxis.lt. Fast delivery throughout Lithuania.\" \/>\n<meta name=\"robots\" content=\"index, follow, max-snippet:-1, max-image-preview:large, max-video-preview:-1\" \/>\n<link rel=\"canonical\" href=\"https:\/\/www.monaxis.lt\/en\/parduotuve\/showcase-refrigerator-r62-prestige\/\" \/>\n<meta property=\"og:locale\" content=\"en_US\" \/>\n<meta property=\"og:type\" content=\"article\" \/>\n<meta property=\"og:title\" content=\"Showcase refrigerator R62 Prestige | Monaxis\" \/>\n<meta property=\"og:description\" content=\"The eye-catching, high quality R62 Prestige display fridge in the online shop Monaxis.lt. Fast delivery throughout Lithuania.\" \/>\n<meta property=\"og:url\" content=\"https:\/\/www.monaxis.lt\/en\/parduotuve\/showcase-refrigerator-r62-prestige\/\" \/>\n<meta property=\"og:site_name\" content=\"Monaxis\" \/>\n<meta property=\"article:modified_time\" content=\"2026-03-21T14:15:05+00:00\" \/>\n<meta property=\"og:image\" content=\"https:\/\/www.monaxis.lt\/wp-content\/uploads\/2023\/04\/Vitrininis-saldytuvas-R62-Prestige-501L-1.jpg\" \/>\n\t<meta property=\"og:image:width\" content=\"1024\" \/>\n\t<meta property=\"og:image:height\" content=\"1024\" \/>\n\t<meta property=\"og:image:type\" content=\"image\/jpeg\" \/>\n<meta name=\"twitter:card\" content=\"summary_large_image\" \/>\n<meta name=\"twitter:label1\" content=\"Est. reading time\" \/>\n\t<meta name=\"twitter:data1\" content=\"3 minutes\" \/>\n<script type=\"application\/ld+json\" class=\"yoast-schema-graph\">{\"@context\":\"https:\/\/schema.org\",\"@graph\":[{\"@type\":\"WebPage\",\"@id\":\"https:\/\/www.monaxis.lt\/en\/parduotuve\/showcase-refrigerator-r62-prestige\/\",\"url\":\"https:\/\/www.monaxis.lt\/en\/parduotuve\/showcase-refrigerator-r62-prestige\/\",\"name\":\"Showcase refrigerator R62 Prestige | Monaxis\",\"isPartOf\":{\"@id\":\"https:\/\/www.monaxis.lt\/en\/#website\"},\"primaryImageOfPage\":{\"@id\":\"https:\/\/www.monaxis.lt\/en\/parduotuve\/showcase-refrigerator-r62-prestige\/#primaryimage\"},\"image\":{\"@id\":\"https:\/\/www.monaxis.lt\/en\/parduotuve\/showcase-refrigerator-r62-prestige\/#primaryimage\"},\"thumbnailUrl\":\"https:\/\/www.monaxis.lt\/wp-content\/uploads\/2023\/04\/Vitrininis-saldytuvas-R62-Prestige-501L-1.jpg\",\"datePublished\":\"2023-04-06T03:30:47+00:00\",\"dateModified\":\"2026-03-21T14:15:05+00:00\",\"description\":\"The eye-catching, high quality R62 Prestige display fridge in the online shop Monaxis.lt. Fast delivery throughout Lithuania.\",\"breadcrumb\":{\"@id\":\"https:\/\/www.monaxis.lt\/en\/parduotuve\/showcase-refrigerator-r62-prestige\/#breadcrumb\"},\"inLanguage\":\"en-US\",\"potentialAction\":[{\"@type\":\"ReadAction\",\"target\":[\"https:\/\/www.monaxis.lt\/en\/parduotuve\/showcase-refrigerator-r62-prestige\/\"]}]},{\"@type\":\"ImageObject\",\"inLanguage\":\"en-US\",\"@id\":\"https:\/\/www.monaxis.lt\/en\/parduotuve\/showcase-refrigerator-r62-prestige\/#primaryimage\",\"url\":\"https:\/\/www.monaxis.lt\/wp-content\/uploads\/2023\/04\/Vitrininis-saldytuvas-R62-Prestige-501L-1.jpg\",\"contentUrl\":\"https:\/\/www.monaxis.lt\/wp-content\/uploads\/2023\/04\/Vitrininis-saldytuvas-R62-Prestige-501L-1.jpg\",\"width\":1024,\"height\":1024},{\"@type\":\"BreadcrumbList\",\"@id\":\"https:\/\/www.monaxis.lt\/en\/parduotuve\/showcase-refrigerator-r62-prestige\/#breadcrumb\",\"itemListElement\":[{\"@type\":\"ListItem\",\"position\":1,\"name\":\"Pagrindinis\",\"item\":\"https:\/\/www.monaxis.lt\/en\/\"},{\"@type\":\"ListItem\",\"position\":2,\"name\":\"Shop\",\"item\":\"https:\/\/www.monaxis.lt\/en\/shop\/\"},{\"@type\":\"ListItem\",\"position\":3,\"name\":\"Prekybin\u0117 \u0161aldymo \u012franga\",\"item\":\"https:\/\/www.monaxis.lt\/produkto-kategorija\/prekybine-saldymo-iranga\/\"},{\"@type\":\"ListItem\",\"position\":4,\"name\":\"G\u0117rim\u0173 \u0161aldytuvai l \u0161aldymo spintos\",\"item\":\"https:\/\/www.monaxis.lt\/produkto-kategorija\/prekybine-saldymo-iranga\/vitrininiai-saldytuvai\/\"},{\"@type\":\"ListItem\",\"position\":5,\"name\":\"R62 Prestige 501L display refrigerator\"}]},{\"@type\":\"WebSite\",\"@id\":\"https:\/\/www.monaxis.lt\/en\/#website\",\"url\":\"https:\/\/www.monaxis.lt\/en\/\",\"name\":\"Monaxis\",\"description\":\"Prekybin\u0117, bei \u0161aldymo \u012franga\",\"publisher\":{\"@id\":\"https:\/\/www.monaxis.lt\/en\/#organization\"},\"potentialAction\":[{\"@type\":\"SearchAction\",\"target\":{\"@type\":\"EntryPoint\",\"urlTemplate\":\"https:\/\/www.monaxis.lt\/en\/?s={search_term_string}\"},\"query-input\":{\"@type\":\"PropertyValueSpecification\",\"valueRequired\":true,\"valueName\":\"search_term_string\"}}],\"inLanguage\":\"en-US\"},{\"@type\":\"Organization\",\"@id\":\"https:\/\/www.monaxis.lt\/en\/#organization\",\"name\":\"Monaxis\",\"url\":\"https:\/\/www.monaxis.lt\/en\/\",\"logo\":{\"@type\":\"ImageObject\",\"inLanguage\":\"en-US\",\"@id\":\"https:\/\/www.monaxis.lt\/en\/#\/schema\/logo\/image\/\",\"url\":\"https:\/\/www.monaxis.lt\/wp-content\/uploads\/2023\/03\/logo-1.png\",\"contentUrl\":\"https:\/\/www.monaxis.lt\/wp-content\/uploads\/2023\/03\/logo-1.png\",\"width\":205,\"height\":58,\"caption\":\"Monaxis\"},\"image\":{\"@id\":\"https:\/\/www.monaxis.lt\/en\/#\/schema\/logo\/image\/\"}}]}<\/script>\n<!-- \/ Yoast SEO plugin. -->","yoast_head_json":{"title":"Showcase refrigerator R62 Prestige | Monaxis","description":"The eye-catching, high quality R62 Prestige display fridge in the online shop Monaxis.lt. Fast delivery throughout Lithuania.","robots":{"index":"index","follow":"follow","max-snippet":"max-snippet:-1","max-image-preview":"max-image-preview:large","max-video-preview":"max-video-preview:-1"},"canonical":"https:\/\/www.monaxis.lt\/en\/parduotuve\/showcase-refrigerator-r62-prestige\/","og_locale":"en_US","og_type":"article","og_title":"Showcase refrigerator R62 Prestige | Monaxis","og_description":"The eye-catching, high quality R62 Prestige display fridge in the online shop Monaxis.lt. Fast delivery throughout Lithuania.","og_url":"https:\/\/www.monaxis.lt\/en\/parduotuve\/showcase-refrigerator-r62-prestige\/","og_site_name":"Monaxis","article_modified_time":"2026-03-21T14:15:05+00:00","og_image":[{"width":1024,"height":1024,"url":"https:\/\/www.monaxis.lt\/wp-content\/uploads\/2023\/04\/Vitrininis-saldytuvas-R62-Prestige-501L-1.jpg","type":"image\/jpeg"}],"twitter_card":"summary_large_image","twitter_misc":{"Est. reading time":"3 minutes"},"schema":{"@context":"https:\/\/schema.org","@graph":[{"@type":"WebPage","@id":"https:\/\/www.monaxis.lt\/en\/parduotuve\/showcase-refrigerator-r62-prestige\/","url":"https:\/\/www.monaxis.lt\/en\/parduotuve\/showcase-refrigerator-r62-prestige\/","name":"Showcase refrigerator R62 Prestige | Monaxis","isPartOf":{"@id":"https:\/\/www.monaxis.lt\/en\/#website"},"primaryImageOfPage":{"@id":"https:\/\/www.monaxis.lt\/en\/parduotuve\/showcase-refrigerator-r62-prestige\/#primaryimage"},"image":{"@id":"https:\/\/www.monaxis.lt\/en\/parduotuve\/showcase-refrigerator-r62-prestige\/#primaryimage"},"thumbnailUrl":"https:\/\/www.monaxis.lt\/wp-content\/uploads\/2023\/04\/Vitrininis-saldytuvas-R62-Prestige-501L-1.jpg","datePublished":"2023-04-06T03:30:47+00:00","dateModified":"2026-03-21T14:15:05+00:00","description":"The eye-catching, high quality R62 Prestige display fridge in the online shop Monaxis.lt. Fast delivery throughout Lithuania.","breadcrumb":{"@id":"https:\/\/www.monaxis.lt\/en\/parduotuve\/showcase-refrigerator-r62-prestige\/#breadcrumb"},"inLanguage":"en-US","potentialAction":[{"@type":"ReadAction","target":["https:\/\/www.monaxis.lt\/en\/parduotuve\/showcase-refrigerator-r62-prestige\/"]}]},{"@type":"ImageObject","inLanguage":"en-US","@id":"https:\/\/www.monaxis.lt\/en\/parduotuve\/showcase-refrigerator-r62-prestige\/#primaryimage","url":"https:\/\/www.monaxis.lt\/wp-content\/uploads\/2023\/04\/Vitrininis-saldytuvas-R62-Prestige-501L-1.jpg","contentUrl":"https:\/\/www.monaxis.lt\/wp-content\/uploads\/2023\/04\/Vitrininis-saldytuvas-R62-Prestige-501L-1.jpg","width":1024,"height":1024},{"@type":"BreadcrumbList","@id":"https:\/\/www.monaxis.lt\/en\/parduotuve\/showcase-refrigerator-r62-prestige\/#breadcrumb","itemListElement":[{"@type":"ListItem","position":1,"name":"Pagrindinis","item":"https:\/\/www.monaxis.lt\/en\/"},{"@type":"ListItem","position":2,"name":"Shop","item":"https:\/\/www.monaxis.lt\/en\/shop\/"},{"@type":"ListItem","position":3,"name":"Prekybin\u0117 \u0161aldymo \u012franga","item":"https:\/\/www.monaxis.lt\/produkto-kategorija\/prekybine-saldymo-iranga\/"},{"@type":"ListItem","position":4,"name":"G\u0117rim\u0173 \u0161aldytuvai l \u0161aldymo spintos","item":"https:\/\/www.monaxis.lt\/produkto-kategorija\/prekybine-saldymo-iranga\/vitrininiai-saldytuvai\/"},{"@type":"ListItem","position":5,"name":"R62 Prestige 501L display refrigerator"}]},{"@type":"WebSite","@id":"https:\/\/www.monaxis.lt\/en\/#website","url":"https:\/\/www.monaxis.lt\/en\/","name":"Monaxis","description":"Prekybin\u0117, bei \u0161aldymo \u012franga","publisher":{"@id":"https:\/\/www.monaxis.lt\/en\/#organization"},"potentialAction":[{"@type":"SearchAction","target":{"@type":"EntryPoint","urlTemplate":"https:\/\/www.monaxis.lt\/en\/?s={search_term_string}"},"query-input":{"@type":"PropertyValueSpecification","valueRequired":true,"valueName":"search_term_string"}}],"inLanguage":"en-US"},{"@type":"Organization","@id":"https:\/\/www.monaxis.lt\/en\/#organization","name":"Monaxis","url":"https:\/\/www.monaxis.lt\/en\/","logo":{"@type":"ImageObject","inLanguage":"en-US","@id":"https:\/\/www.monaxis.lt\/en\/#\/schema\/logo\/image\/","url":"https:\/\/www.monaxis.lt\/wp-content\/uploads\/2023\/03\/logo-1.png","contentUrl":"https:\/\/www.monaxis.lt\/wp-content\/uploads\/2023\/03\/logo-1.png","width":205,"height":58,"caption":"Monaxis"},"image":{"@id":"https:\/\/www.monaxis.lt\/en\/#\/schema\/logo\/image\/"}}]}},"_links":{"self":[{"href":"https:\/\/www.monaxis.lt\/en\/wp-json\/wp\/v2\/product\/9416","targetHints":{"allow":["GET"]}}],"collection":[{"href":"https:\/\/www.monaxis.lt\/en\/wp-json\/wp\/v2\/product"}],"about":[{"href":"https:\/\/www.monaxis.lt\/en\/wp-json\/wp\/v2\/types\/product"}],"replies":[{"embeddable":true,"href":"https:\/\/www.monaxis.lt\/en\/wp-json\/wp\/v2\/comments?post=9416"}],"wp:featuredmedia":[{"embeddable":true,"href":"https:\/\/www.monaxis.lt\/en\/wp-json\/wp\/v2\/media\/20745"}],"wp:attachment":[{"href":"https:\/\/www.monaxis.lt\/en\/wp-json\/wp\/v2\/media?parent=9416"}],"wp:term":[{"taxonomy":"product_brand","embeddable":true,"href":"https:\/\/www.monaxis.lt\/en\/wp-json\/wp\/v2\/product_brand?post=9416"},{"taxonomy":"product_cat","embeddable":true,"href":"https:\/\/www.monaxis.lt\/en\/wp-json\/wp\/v2\/product_cat?post=9416"},{"taxonomy":"product_tag","embeddable":true,"href":"https:\/\/www.monaxis.lt\/en\/wp-json\/wp\/v2\/product_tag?post=9416"}],"curies":[{"name":"wp","href":"https:\/\/api.w.org\/{rel}","templated":true}]}}