{"id":9420,"date":"2023-03-15T08:23:06","date_gmt":"2023-03-15T06:23:06","guid":{"rendered":"https:\/\/www.monaxis.lt\/parduotuve\/ice-generator-75kg-24h\/"},"modified":"2026-03-21T16:26:50","modified_gmt":"2026-03-21T14:26:50","slug":"ice-generators-75kg-24h","status":"publish","type":"product","link":"https:\/\/www.monaxis.lt\/en\/parduotuve\/ice-generators-75kg-24h\/","title":{"rendered":"Ice generator 75kg\/24h"},"content":{"rendered":"<h4>Are you looking for an efficient ice generator with high ice production capacity? Monaxis.lt offers a great choice of ice generators with an ice production capacity of 75 kg per 24 hours. It is a high quality technological equipment, ideal for commercial establishments.<\/h4>\n<p>Our ice generators are designed with advanced technology and high-quality components to ensure reliable and efficient ice production. This ice generator can meet even the largest ice needs in your business, ensuring a constant supply of fresh ice.<\/p>\n<p>One of the advantages of this ice generator is its convenient and easy-to-use design. You can adjust the ice-making process according to your needs to achieve the optimal result. The ice generator also has a compact size, which makes it easy to install even in confined spaces.<\/p>\n<p>These ice generators save energy, so you can reduce your operating costs. This helps to maintain an efficient ice production process and facilitates your business operations. In addition, these ice generators have a durable design for long life and low maintenance.<\/p>\n<p>Monaxis.lt is a reliable supplier of high quality process equipment and commercial refrigeration equipment. Our range includes a variety of technology equipment solutions to meet your business needs.<\/p>\n<p>Invest in a reliable and efficient ice generator from Monaxis.lt and improve your business performance. Order this ice generator today and ensure a stable and flawless supply of ice for your company. Our team is always ready to support you and answer your questions to help you find the best solution for your technological equipment.<\/p>\n<h4><strong>Benefits of the ice maker<\/strong><br \/>\nThe body is made of high quality 304 steel, resistant to temperature and corrosion.<br \/>\nIntuitive touch panel with full sensor, water level sensor and one-button cleaning function.<br \/>\nThe adjustable feet allow you to position the machine on uneven surfaces.<br \/>\nCubigel (Electrolux) compressor ensures adequate efficiency and energy efficiency.<br \/>\nBlue light for lighting and sterilisation.<br \/>\nWater filter allows the ice maker to be connected directly to the tap.<br \/>\nAir cooling reduces water consumption.<br \/>\nOutput 75 kg\/day (26 ice cubes produced per cycle).<\/h4>\n","protected":false},"excerpt":{"rendered":"<div class=\"product__parameter__name\">\n<div class=\"product__parameter__name\"><strong><span class=\"product__parameter__name__text\"><img decoding=\"async\" class=\"alignnone wp-image-7601\" src=\"https:\/\/www.monaxis.lt\/wp-content\/uploads\/2023\/03\/delivery-1-150x150.png\" alt=\"\" width=\"30\" height=\"30\" srcset=\"https:\/\/www.monaxis.lt\/wp-content\/uploads\/2023\/03\/delivery-1-150x150.png 150w, https:\/\/www.monaxis.lt\/wp-content\/uploads\/2023\/03\/delivery-1-300x300.png 300w, https:\/\/www.monaxis.lt\/wp-content\/uploads\/2023\/03\/delivery-1.png 512w\" sizes=\"(max-width: 30px) 100vw, 30px\" \/> Delivery <\/span><\/strong><\/div>\n<div class=\"product__parameter__value\"><span class=\"product__parameter__value__text\" style=\"font-size: 75%;\">     <strong>   <span style=\"color: #999999;\"> 2-10 d.d.<\/span><\/strong><\/span><\/div>\n<div class=\"product__parameter__name\">\n<div>\n<hr>\n<\/div>\n<div>\n<div class=\"product__parameter__name\"><strong><span class=\"product__parameter__name__text\"><img decoding=\"async\" class=\"alignnone wp-image-7807\" src=\"https:\/\/www.monaxis.lt\/wp-content\/uploads\/2023\/01\/refrigerant.png\" alt=\"\" width=\"32\" height=\"32\">Refrigerant<\/span><\/strong><\/div>\n<div class=\"product__parameter__value\"><span class=\"product__parameter__value__text\" style=\"font-size: 75%;\">       <span style=\"color: #808080;\">    <span style=\"color: #999999;\"><strong>R290<\/strong><\/span><\/span><\/span><\/div>\n<div>\n<hr>\n<\/div>\n<div>\n<div class=\"product__parameter__name\"><strong><span class=\"product__parameter__name__text\"><img decoding=\"async\" class=\"alignnone wp-image-10072\" src=\"https:\/\/www.monaxis.lt\/wp-content\/uploads\/2023\/03\/ice-cubess.png\" alt=\"\" width=\"27\" height=\"27\">  Ice type<\/span><\/strong><\/div>\n<div class=\"product__parameter__value\"><span class=\"product__parameter__value__text\" style=\"font-size: 75%;\">       <span style=\"color: #808080;\">   <span style=\"color: #999999;\"><strong>Ice cubes<\/strong><\/span><\/span><\/span><\/div>\n<\/div>\n<\/div>\n<\/div>\n<div class=\"product__parameter__value\">\n<hr>\n<\/div>\n<p><strong><img decoding=\"async\" class=\"alignnone wp-image-7810\" src=\"https:\/\/www.monaxis.lt\/wp-content\/uploads\/2023\/01\/komplektuojama.png\" alt=\"\" width=\"29\" height=\"29\">Comes with<\/strong><br \/>\n<strong><span style=\"font-size: 75%; color: #999999;\">  Water softener filter &#8211; 1pc  <\/span><\/strong><br \/>\n<strong><span style=\"font-size: 75%; color: #999999;\">  Ice bucket &#8211; 1 pc<\/span><\/strong><br \/>\n<strong><span style=\"font-size: 75%; color: #999999;\">  Water outlet hose &#8211; 1pc<\/span><\/strong><br \/>\n<strong><span style=\"font-size: 75%; color: #999999;\">  Water supply hose &#8211; 1pc<\/span><\/strong><br \/>\n<strong><span style=\"font-size: 75%; color: #999999;\"> Warranty card<\/span><\/strong><br \/>\n<strong><span style=\"font-size: 75%; color: #999999;\"> Proof of purchase &#8211; Receipt \/ FV<\/span><\/strong><\/p>\n<\/div>\n","protected":false},"featured_media":10389,"comment_status":"open","ping_status":"closed","template":"","meta":[],"product_brand":[],"product_cat":[150,130],"product_tag":[158,157,156,155,152,159,160],"class_list":{"0":"post-9420","1":"product","2":"type-product","3":"status-publish","4":"has-post-thumbnail","6":"product_cat-ice-generators","7":"product_cat-industrial-kitchen-equipment","8":"product_tag-ice-cream-maker","9":"product_tag-ice-cream-makers","10":"product_tag-ice-generator","11":"product_tag-ice-generators","12":"product_tag-ice-making-machines","13":"product_tag-industrial-ice-generator","14":"product_tag-industrial-ice-generators","16":"first","17":"outofstock","18":"taxable","19":"shipping-taxable","20":"purchasable","21":"product-type-simple"},"yoast_head":"<!-- This site is optimized with the Yoast SEO plugin v27.1.1 - https:\/\/yoast.com\/product\/yoast-seo-wordpress\/ -->\n<title>Ice generators | Technological equipment |% Monaxis%.lt<\/title>\n<meta name=\"description\" content=\"Order this ice generator today and ensure a stable and flawless supply of ice for your company. Ice generators 75kg\/24h Monaxis.lt\" \/>\n<meta name=\"robots\" content=\"index, follow, max-snippet:-1, max-image-preview:large, max-video-preview:-1\" \/>\n<link rel=\"canonical\" href=\"https:\/\/www.monaxis.lt\/en\/parduotuve\/ice-generators-75kg-24h\/\" \/>\n<meta property=\"og:locale\" content=\"en_US\" \/>\n<meta property=\"og:type\" content=\"article\" \/>\n<meta property=\"og:title\" content=\"Ice generators | Technological equipment |% Monaxis%.lt\" \/>\n<meta property=\"og:description\" content=\"Order this ice generator today and ensure a stable and flawless supply of ice for your company. Ice generators 75kg\/24h Monaxis.lt\" \/>\n<meta property=\"og:url\" content=\"https:\/\/www.monaxis.lt\/en\/parduotuve\/ice-generators-75kg-24h\/\" \/>\n<meta property=\"og:site_name\" content=\"Monaxis\" \/>\n<meta property=\"article:modified_time\" content=\"2026-03-21T14:26:50+00:00\" \/>\n<meta property=\"og:image\" content=\"https:\/\/www.monaxis.lt\/wp-content\/uploads\/2023\/03\/ledo-generatoriai-1-4.webp\" \/>\n\t<meta property=\"og:image:width\" content=\"1000\" \/>\n\t<meta property=\"og:image:height\" content=\"1000\" \/>\n\t<meta property=\"og:image:type\" content=\"image\/webp\" \/>\n<meta name=\"twitter:card\" content=\"summary_large_image\" \/>\n<meta name=\"twitter:label1\" content=\"Est. reading time\" \/>\n\t<meta name=\"twitter:data1\" content=\"2 minutes\" \/>\n<script type=\"application\/ld+json\" class=\"yoast-schema-graph\">{\"@context\":\"https:\/\/schema.org\",\"@graph\":[{\"@type\":\"WebPage\",\"@id\":\"https:\/\/www.monaxis.lt\/en\/parduotuve\/ice-generators-75kg-24h\/\",\"url\":\"https:\/\/www.monaxis.lt\/en\/parduotuve\/ice-generators-75kg-24h\/\",\"name\":\"Ice generators | Technological equipment |% Monaxis%.lt\",\"isPartOf\":{\"@id\":\"https:\/\/www.monaxis.lt\/en\/#website\"},\"primaryImageOfPage\":{\"@id\":\"https:\/\/www.monaxis.lt\/en\/parduotuve\/ice-generators-75kg-24h\/#primaryimage\"},\"image\":{\"@id\":\"https:\/\/www.monaxis.lt\/en\/parduotuve\/ice-generators-75kg-24h\/#primaryimage\"},\"thumbnailUrl\":\"https:\/\/www.monaxis.lt\/wp-content\/uploads\/2023\/03\/ledo-generatoriai-1-4.webp\",\"datePublished\":\"2023-03-15T06:23:06+00:00\",\"dateModified\":\"2026-03-21T14:26:50+00:00\",\"description\":\"Order this ice generator today and ensure a stable and flawless supply of ice for your company. Ice generators 75kg\/24h Monaxis.lt\",\"breadcrumb\":{\"@id\":\"https:\/\/www.monaxis.lt\/en\/parduotuve\/ice-generators-75kg-24h\/#breadcrumb\"},\"inLanguage\":\"en-US\",\"potentialAction\":[{\"@type\":\"ReadAction\",\"target\":[\"https:\/\/www.monaxis.lt\/en\/parduotuve\/ice-generators-75kg-24h\/\"]}]},{\"@type\":\"ImageObject\",\"inLanguage\":\"en-US\",\"@id\":\"https:\/\/www.monaxis.lt\/en\/parduotuve\/ice-generators-75kg-24h\/#primaryimage\",\"url\":\"https:\/\/www.monaxis.lt\/wp-content\/uploads\/2023\/03\/ledo-generatoriai-1-4.webp\",\"contentUrl\":\"https:\/\/www.monaxis.lt\/wp-content\/uploads\/2023\/03\/ledo-generatoriai-1-4.webp\",\"width\":1000,\"height\":1000},{\"@type\":\"BreadcrumbList\",\"@id\":\"https:\/\/www.monaxis.lt\/en\/parduotuve\/ice-generators-75kg-24h\/#breadcrumb\",\"itemListElement\":[{\"@type\":\"ListItem\",\"position\":1,\"name\":\"Pagrindinis\",\"item\":\"https:\/\/www.monaxis.lt\/en\/\"},{\"@type\":\"ListItem\",\"position\":2,\"name\":\"Shop\",\"item\":\"https:\/\/www.monaxis.lt\/en\/shop\/\"},{\"@type\":\"ListItem\",\"position\":3,\"name\":\"Industrial kitchen equipment\",\"item\":\"https:\/\/www.monaxis.lt\/en\/produkto-kategorija\/industrial-kitchen-equipment\/\"},{\"@type\":\"ListItem\",\"position\":4,\"name\":\"Ice generators\",\"item\":\"https:\/\/www.monaxis.lt\/en\/produkto-kategorija\/industrial-kitchen-equipment\/ice-generators\/\"},{\"@type\":\"ListItem\",\"position\":5,\"name\":\"Ice generator 75kg\/24h\"}]},{\"@type\":\"WebSite\",\"@id\":\"https:\/\/www.monaxis.lt\/en\/#website\",\"url\":\"https:\/\/www.monaxis.lt\/en\/\",\"name\":\"Monaxis\",\"description\":\"Prekybin\u0117, bei \u0161aldymo \u012franga\",\"publisher\":{\"@id\":\"https:\/\/www.monaxis.lt\/en\/#organization\"},\"potentialAction\":[{\"@type\":\"SearchAction\",\"target\":{\"@type\":\"EntryPoint\",\"urlTemplate\":\"https:\/\/www.monaxis.lt\/en\/?s={search_term_string}\"},\"query-input\":{\"@type\":\"PropertyValueSpecification\",\"valueRequired\":true,\"valueName\":\"search_term_string\"}}],\"inLanguage\":\"en-US\"},{\"@type\":\"Organization\",\"@id\":\"https:\/\/www.monaxis.lt\/en\/#organization\",\"name\":\"Monaxis\",\"url\":\"https:\/\/www.monaxis.lt\/en\/\",\"logo\":{\"@type\":\"ImageObject\",\"inLanguage\":\"en-US\",\"@id\":\"https:\/\/www.monaxis.lt\/en\/#\/schema\/logo\/image\/\",\"url\":\"https:\/\/www.monaxis.lt\/wp-content\/uploads\/2023\/03\/logo-1.png\",\"contentUrl\":\"https:\/\/www.monaxis.lt\/wp-content\/uploads\/2023\/03\/logo-1.png\",\"width\":205,\"height\":58,\"caption\":\"Monaxis\"},\"image\":{\"@id\":\"https:\/\/www.monaxis.lt\/en\/#\/schema\/logo\/image\/\"}}]}<\/script>\n<!-- \/ Yoast SEO plugin. -->","yoast_head_json":{"title":"Ice generators | Technological equipment |% Monaxis%.lt","description":"Order this ice generator today and ensure a stable and flawless supply of ice for your company. Ice generators 75kg\/24h Monaxis.lt","robots":{"index":"index","follow":"follow","max-snippet":"max-snippet:-1","max-image-preview":"max-image-preview:large","max-video-preview":"max-video-preview:-1"},"canonical":"https:\/\/www.monaxis.lt\/en\/parduotuve\/ice-generators-75kg-24h\/","og_locale":"en_US","og_type":"article","og_title":"Ice generators | Technological equipment |% Monaxis%.lt","og_description":"Order this ice generator today and ensure a stable and flawless supply of ice for your company. Ice generators 75kg\/24h Monaxis.lt","og_url":"https:\/\/www.monaxis.lt\/en\/parduotuve\/ice-generators-75kg-24h\/","og_site_name":"Monaxis","article_modified_time":"2026-03-21T14:26:50+00:00","og_image":[{"width":1000,"height":1000,"url":"https:\/\/www.monaxis.lt\/wp-content\/uploads\/2023\/03\/ledo-generatoriai-1-4.webp","type":"image\/webp"}],"twitter_card":"summary_large_image","twitter_misc":{"Est. reading time":"2 minutes"},"schema":{"@context":"https:\/\/schema.org","@graph":[{"@type":"WebPage","@id":"https:\/\/www.monaxis.lt\/en\/parduotuve\/ice-generators-75kg-24h\/","url":"https:\/\/www.monaxis.lt\/en\/parduotuve\/ice-generators-75kg-24h\/","name":"Ice generators | Technological equipment |% Monaxis%.lt","isPartOf":{"@id":"https:\/\/www.monaxis.lt\/en\/#website"},"primaryImageOfPage":{"@id":"https:\/\/www.monaxis.lt\/en\/parduotuve\/ice-generators-75kg-24h\/#primaryimage"},"image":{"@id":"https:\/\/www.monaxis.lt\/en\/parduotuve\/ice-generators-75kg-24h\/#primaryimage"},"thumbnailUrl":"https:\/\/www.monaxis.lt\/wp-content\/uploads\/2023\/03\/ledo-generatoriai-1-4.webp","datePublished":"2023-03-15T06:23:06+00:00","dateModified":"2026-03-21T14:26:50+00:00","description":"Order this ice generator today and ensure a stable and flawless supply of ice for your company. Ice generators 75kg\/24h Monaxis.lt","breadcrumb":{"@id":"https:\/\/www.monaxis.lt\/en\/parduotuve\/ice-generators-75kg-24h\/#breadcrumb"},"inLanguage":"en-US","potentialAction":[{"@type":"ReadAction","target":["https:\/\/www.monaxis.lt\/en\/parduotuve\/ice-generators-75kg-24h\/"]}]},{"@type":"ImageObject","inLanguage":"en-US","@id":"https:\/\/www.monaxis.lt\/en\/parduotuve\/ice-generators-75kg-24h\/#primaryimage","url":"https:\/\/www.monaxis.lt\/wp-content\/uploads\/2023\/03\/ledo-generatoriai-1-4.webp","contentUrl":"https:\/\/www.monaxis.lt\/wp-content\/uploads\/2023\/03\/ledo-generatoriai-1-4.webp","width":1000,"height":1000},{"@type":"BreadcrumbList","@id":"https:\/\/www.monaxis.lt\/en\/parduotuve\/ice-generators-75kg-24h\/#breadcrumb","itemListElement":[{"@type":"ListItem","position":1,"name":"Pagrindinis","item":"https:\/\/www.monaxis.lt\/en\/"},{"@type":"ListItem","position":2,"name":"Shop","item":"https:\/\/www.monaxis.lt\/en\/shop\/"},{"@type":"ListItem","position":3,"name":"Industrial kitchen equipment","item":"https:\/\/www.monaxis.lt\/en\/produkto-kategorija\/industrial-kitchen-equipment\/"},{"@type":"ListItem","position":4,"name":"Ice generators","item":"https:\/\/www.monaxis.lt\/en\/produkto-kategorija\/industrial-kitchen-equipment\/ice-generators\/"},{"@type":"ListItem","position":5,"name":"Ice generator 75kg\/24h"}]},{"@type":"WebSite","@id":"https:\/\/www.monaxis.lt\/en\/#website","url":"https:\/\/www.monaxis.lt\/en\/","name":"Monaxis","description":"Prekybin\u0117, bei \u0161aldymo \u012franga","publisher":{"@id":"https:\/\/www.monaxis.lt\/en\/#organization"},"potentialAction":[{"@type":"SearchAction","target":{"@type":"EntryPoint","urlTemplate":"https:\/\/www.monaxis.lt\/en\/?s={search_term_string}"},"query-input":{"@type":"PropertyValueSpecification","valueRequired":true,"valueName":"search_term_string"}}],"inLanguage":"en-US"},{"@type":"Organization","@id":"https:\/\/www.monaxis.lt\/en\/#organization","name":"Monaxis","url":"https:\/\/www.monaxis.lt\/en\/","logo":{"@type":"ImageObject","inLanguage":"en-US","@id":"https:\/\/www.monaxis.lt\/en\/#\/schema\/logo\/image\/","url":"https:\/\/www.monaxis.lt\/wp-content\/uploads\/2023\/03\/logo-1.png","contentUrl":"https:\/\/www.monaxis.lt\/wp-content\/uploads\/2023\/03\/logo-1.png","width":205,"height":58,"caption":"Monaxis"},"image":{"@id":"https:\/\/www.monaxis.lt\/en\/#\/schema\/logo\/image\/"}}]}},"_links":{"self":[{"href":"https:\/\/www.monaxis.lt\/en\/wp-json\/wp\/v2\/product\/9420","targetHints":{"allow":["GET"]}}],"collection":[{"href":"https:\/\/www.monaxis.lt\/en\/wp-json\/wp\/v2\/product"}],"about":[{"href":"https:\/\/www.monaxis.lt\/en\/wp-json\/wp\/v2\/types\/product"}],"replies":[{"embeddable":true,"href":"https:\/\/www.monaxis.lt\/en\/wp-json\/wp\/v2\/comments?post=9420"}],"wp:featuredmedia":[{"embeddable":true,"href":"https:\/\/www.monaxis.lt\/en\/wp-json\/wp\/v2\/media\/10389"}],"wp:attachment":[{"href":"https:\/\/www.monaxis.lt\/en\/wp-json\/wp\/v2\/media?parent=9420"}],"wp:term":[{"taxonomy":"product_brand","embeddable":true,"href":"https:\/\/www.monaxis.lt\/en\/wp-json\/wp\/v2\/product_brand?post=9420"},{"taxonomy":"product_cat","embeddable":true,"href":"https:\/\/www.monaxis.lt\/en\/wp-json\/wp\/v2\/product_cat?post=9420"},{"taxonomy":"product_tag","embeddable":true,"href":"https:\/\/www.monaxis.lt\/en\/wp-json\/wp\/v2\/product_tag?post=9420"}],"curies":[{"name":"wp","href":"https:\/\/api.w.org\/{rel}","templated":true}]}}