{"id":9630,"date":"2023-02-10T06:30:12","date_gmt":"2023-02-10T04:30:12","guid":{"rendered":"https:\/\/www.monaxis.lt\/parduotuve\/meat-mixer-cr70\/"},"modified":"2026-03-21T16:17:52","modified_gmt":"2026-03-21T14:17:52","slug":"meat-mixers-cr70","status":"publish","type":"product","link":"https:\/\/www.monaxis.lt\/en\/parduotuve\/meat-mixers-cr70\/","title":{"rendered":"Meat mixer CR70"},"content":{"rendered":"<p><strong>The CR70 electric meat blender is a professional device for blending meat and kneading ingredients into a smooth paste. Featuring a tilting bowl with adjustable bowl angle for easier removal of the filling. The stainless steel bowl can hold up to 50 kg of filling at a time. The electric mixer is entirely made of AISI 304 stainless steel, which ensures high durability, resistance to mechanical damage and biological inertness. The reverse gear allows the weight to be taken away and prevents the machine from clogging.<\/strong><\/p>\n<p><strong>Advantages of the Mega-M electric meat mixer:<\/strong><br \/>\nFully made of AISI 304 stainless steel,<br \/>\nPossibility to set the bowl tilt angle from 0%, 4%, 15%, 25%<br \/>\nReverse gear prevents the device from clogging,<br \/>\nBowl with 70 l capacity and lid,<br \/>\nSafety switch on the control panel,<br \/>\nBowl tilt protection,<br \/>\nBraked castors for a safe positioning.<\/p>\n","protected":false},"excerpt":{"rendered":"<div class=\"product__parameter__name\"><strong><span class=\"product__parameter__name__text\"><img decoding=\"async\" class=\"alignnone wp-image-7601\" src=\"https:\/\/www.monaxis.lt\/wp-content\/uploads\/2023\/03\/delivery-1-150x150.png\" alt=\"\" width=\"23\" height=\"23\" srcset=\"https:\/\/www.monaxis.lt\/wp-content\/uploads\/2023\/03\/delivery-1-150x150.png 150w, https:\/\/www.monaxis.lt\/wp-content\/uploads\/2023\/03\/delivery-1-300x300.png 300w, https:\/\/www.monaxis.lt\/wp-content\/uploads\/2023\/03\/delivery-1.png 512w\" sizes=\"(max-width: 23px) 100vw, 23px\" \/> Delivery <\/span><\/strong><\/div>\n<div class=\"product__parameter__value\"><span class=\"product__parameter__value__text\" style=\"font-size: 75%;\">     <strong>   <span style=\"color: #999999;\"> 2-10 d.d.<\/span><\/strong><\/span><\/div>\n<div class=\"product__parameter__value\">\n<hr>\n<\/div>\n<p><strong><img decoding=\"async\" class=\"alignnone wp-image-7810\" src=\"https:\/\/www.monaxis.lt\/wp-content\/uploads\/2023\/01\/komplektuojama.png\" alt=\"\" width=\"23\" height=\"23\"> Comes with<\/strong><br \/>\n<strong><span style=\"font-size: 75%; color: #999999;\">  Meat mixer &#8211; 1 piece<\/span><\/strong><br \/>\n<strong><span style=\"font-size: 75%; color: #999999;\"> Warranty card<\/span><\/strong><br \/>\n<strong><span style=\"font-size: 75%; color: #999999;\"> Proof of purchase &#8211; Receipt \/ FV<\/span><\/strong><\/p>\n","protected":false},"featured_media":11850,"comment_status":"open","ping_status":"closed","template":"","meta":[],"product_brand":[],"product_cat":[130,170],"product_tag":[],"class_list":{"0":"post-9630","1":"product","2":"type-product","3":"status-publish","4":"has-post-thumbnail","6":"product_cat-industrial-kitchen-equipment","7":"product_cat-meat-mixers","9":"first","10":"instock","11":"taxable","12":"shipping-taxable","13":"purchasable","14":"product-type-simple"},"yoast_head":"<!-- This site is optimized with the Yoast SEO plugin v27.1.1 - https:\/\/yoast.com\/product\/yoast-seo-wordpress\/ -->\n<title>Meat mixer CR70 | Monaxis<\/title>\n<meta name=\"robots\" content=\"index, follow, max-snippet:-1, max-image-preview:large, max-video-preview:-1\" \/>\n<link rel=\"canonical\" href=\"https:\/\/www.monaxis.lt\/en\/parduotuve\/meat-mixers-cr70\/\" \/>\n<meta property=\"og:locale\" content=\"en_US\" \/>\n<meta property=\"og:type\" content=\"article\" \/>\n<meta property=\"og:title\" content=\"Meat mixer CR70 | Monaxis\" \/>\n<meta property=\"og:description\" content=\"Delivery      2-10 d.d.    Comes with  Meat mixer - 1 piece Warranty card Proof of purchase - Receipt \/ FV\" \/>\n<meta property=\"og:url\" content=\"https:\/\/www.monaxis.lt\/en\/parduotuve\/meat-mixers-cr70\/\" \/>\n<meta property=\"og:site_name\" content=\"Monaxis\" \/>\n<meta property=\"article:modified_time\" content=\"2026-03-21T14:17:52+00:00\" \/>\n<meta property=\"og:image\" content=\"https:\/\/www.monaxis.lt\/wp-content\/uploads\/2023\/02\/mesos-maisytuvai-cr70-1.jpg\" \/>\n\t<meta property=\"og:image:width\" content=\"1024\" \/>\n\t<meta property=\"og:image:height\" content=\"1024\" \/>\n\t<meta property=\"og:image:type\" content=\"image\/jpeg\" \/>\n<meta name=\"twitter:card\" content=\"summary_large_image\" \/>\n<meta name=\"twitter:label1\" content=\"Est. reading time\" \/>\n\t<meta name=\"twitter:data1\" content=\"1 minute\" \/>\n<script type=\"application\/ld+json\" class=\"yoast-schema-graph\">{\"@context\":\"https:\/\/schema.org\",\"@graph\":[{\"@type\":\"WebPage\",\"@id\":\"https:\/\/www.monaxis.lt\/en\/parduotuve\/meat-mixers-cr70\/\",\"url\":\"https:\/\/www.monaxis.lt\/en\/parduotuve\/meat-mixers-cr70\/\",\"name\":\"Meat mixer CR70 | Monaxis\",\"isPartOf\":{\"@id\":\"https:\/\/www.monaxis.lt\/en\/#website\"},\"primaryImageOfPage\":{\"@id\":\"https:\/\/www.monaxis.lt\/en\/parduotuve\/meat-mixers-cr70\/#primaryimage\"},\"image\":{\"@id\":\"https:\/\/www.monaxis.lt\/en\/parduotuve\/meat-mixers-cr70\/#primaryimage\"},\"thumbnailUrl\":\"https:\/\/www.monaxis.lt\/wp-content\/uploads\/2023\/02\/mesos-maisytuvai-cr70-1.jpg\",\"datePublished\":\"2023-02-10T04:30:12+00:00\",\"dateModified\":\"2026-03-21T14:17:52+00:00\",\"breadcrumb\":{\"@id\":\"https:\/\/www.monaxis.lt\/en\/parduotuve\/meat-mixers-cr70\/#breadcrumb\"},\"inLanguage\":\"en-US\",\"potentialAction\":[{\"@type\":\"ReadAction\",\"target\":[\"https:\/\/www.monaxis.lt\/en\/parduotuve\/meat-mixers-cr70\/\"]}]},{\"@type\":\"ImageObject\",\"inLanguage\":\"en-US\",\"@id\":\"https:\/\/www.monaxis.lt\/en\/parduotuve\/meat-mixers-cr70\/#primaryimage\",\"url\":\"https:\/\/www.monaxis.lt\/wp-content\/uploads\/2023\/02\/mesos-maisytuvai-cr70-1.jpg\",\"contentUrl\":\"https:\/\/www.monaxis.lt\/wp-content\/uploads\/2023\/02\/mesos-maisytuvai-cr70-1.jpg\",\"width\":1024,\"height\":1024},{\"@type\":\"BreadcrumbList\",\"@id\":\"https:\/\/www.monaxis.lt\/en\/parduotuve\/meat-mixers-cr70\/#breadcrumb\",\"itemListElement\":[{\"@type\":\"ListItem\",\"position\":1,\"name\":\"Pagrindinis\",\"item\":\"https:\/\/www.monaxis.lt\/en\/\"},{\"@type\":\"ListItem\",\"position\":2,\"name\":\"Shop\",\"item\":\"https:\/\/www.monaxis.lt\/en\/shop\/\"},{\"@type\":\"ListItem\",\"position\":3,\"name\":\"Industrial kitchen equipment\",\"item\":\"https:\/\/www.monaxis.lt\/en\/produkto-kategorija\/industrial-kitchen-equipment\/\"},{\"@type\":\"ListItem\",\"position\":4,\"name\":\"Technologin\u0117 \u012franga\",\"item\":\"https:\/\/www.monaxis.lt\/produkto-kategorija\/pramonine-virtuves-iranga\/mesos-maisytuvai\/\"},{\"@type\":\"ListItem\",\"position\":5,\"name\":\"Meat mixer CR70\"}]},{\"@type\":\"WebSite\",\"@id\":\"https:\/\/www.monaxis.lt\/en\/#website\",\"url\":\"https:\/\/www.monaxis.lt\/en\/\",\"name\":\"Monaxis\",\"description\":\"Prekybin\u0117, bei \u0161aldymo \u012franga\",\"publisher\":{\"@id\":\"https:\/\/www.monaxis.lt\/en\/#organization\"},\"potentialAction\":[{\"@type\":\"SearchAction\",\"target\":{\"@type\":\"EntryPoint\",\"urlTemplate\":\"https:\/\/www.monaxis.lt\/en\/?s={search_term_string}\"},\"query-input\":{\"@type\":\"PropertyValueSpecification\",\"valueRequired\":true,\"valueName\":\"search_term_string\"}}],\"inLanguage\":\"en-US\"},{\"@type\":\"Organization\",\"@id\":\"https:\/\/www.monaxis.lt\/en\/#organization\",\"name\":\"Monaxis\",\"url\":\"https:\/\/www.monaxis.lt\/en\/\",\"logo\":{\"@type\":\"ImageObject\",\"inLanguage\":\"en-US\",\"@id\":\"https:\/\/www.monaxis.lt\/en\/#\/schema\/logo\/image\/\",\"url\":\"https:\/\/www.monaxis.lt\/wp-content\/uploads\/2023\/03\/logo-1.png\",\"contentUrl\":\"https:\/\/www.monaxis.lt\/wp-content\/uploads\/2023\/03\/logo-1.png\",\"width\":205,\"height\":58,\"caption\":\"Monaxis\"},\"image\":{\"@id\":\"https:\/\/www.monaxis.lt\/en\/#\/schema\/logo\/image\/\"}}]}<\/script>\n<!-- \/ Yoast SEO plugin. -->","yoast_head_json":{"title":"Meat mixer CR70 | Monaxis","robots":{"index":"index","follow":"follow","max-snippet":"max-snippet:-1","max-image-preview":"max-image-preview:large","max-video-preview":"max-video-preview:-1"},"canonical":"https:\/\/www.monaxis.lt\/en\/parduotuve\/meat-mixers-cr70\/","og_locale":"en_US","og_type":"article","og_title":"Meat mixer CR70 | Monaxis","og_description":"Delivery      2-10 d.d.    Comes with  Meat mixer - 1 piece Warranty card Proof of purchase - Receipt \/ FV","og_url":"https:\/\/www.monaxis.lt\/en\/parduotuve\/meat-mixers-cr70\/","og_site_name":"Monaxis","article_modified_time":"2026-03-21T14:17:52+00:00","og_image":[{"width":1024,"height":1024,"url":"https:\/\/www.monaxis.lt\/wp-content\/uploads\/2023\/02\/mesos-maisytuvai-cr70-1.jpg","type":"image\/jpeg"}],"twitter_card":"summary_large_image","twitter_misc":{"Est. reading time":"1 minute"},"schema":{"@context":"https:\/\/schema.org","@graph":[{"@type":"WebPage","@id":"https:\/\/www.monaxis.lt\/en\/parduotuve\/meat-mixers-cr70\/","url":"https:\/\/www.monaxis.lt\/en\/parduotuve\/meat-mixers-cr70\/","name":"Meat mixer CR70 | Monaxis","isPartOf":{"@id":"https:\/\/www.monaxis.lt\/en\/#website"},"primaryImageOfPage":{"@id":"https:\/\/www.monaxis.lt\/en\/parduotuve\/meat-mixers-cr70\/#primaryimage"},"image":{"@id":"https:\/\/www.monaxis.lt\/en\/parduotuve\/meat-mixers-cr70\/#primaryimage"},"thumbnailUrl":"https:\/\/www.monaxis.lt\/wp-content\/uploads\/2023\/02\/mesos-maisytuvai-cr70-1.jpg","datePublished":"2023-02-10T04:30:12+00:00","dateModified":"2026-03-21T14:17:52+00:00","breadcrumb":{"@id":"https:\/\/www.monaxis.lt\/en\/parduotuve\/meat-mixers-cr70\/#breadcrumb"},"inLanguage":"en-US","potentialAction":[{"@type":"ReadAction","target":["https:\/\/www.monaxis.lt\/en\/parduotuve\/meat-mixers-cr70\/"]}]},{"@type":"ImageObject","inLanguage":"en-US","@id":"https:\/\/www.monaxis.lt\/en\/parduotuve\/meat-mixers-cr70\/#primaryimage","url":"https:\/\/www.monaxis.lt\/wp-content\/uploads\/2023\/02\/mesos-maisytuvai-cr70-1.jpg","contentUrl":"https:\/\/www.monaxis.lt\/wp-content\/uploads\/2023\/02\/mesos-maisytuvai-cr70-1.jpg","width":1024,"height":1024},{"@type":"BreadcrumbList","@id":"https:\/\/www.monaxis.lt\/en\/parduotuve\/meat-mixers-cr70\/#breadcrumb","itemListElement":[{"@type":"ListItem","position":1,"name":"Pagrindinis","item":"https:\/\/www.monaxis.lt\/en\/"},{"@type":"ListItem","position":2,"name":"Shop","item":"https:\/\/www.monaxis.lt\/en\/shop\/"},{"@type":"ListItem","position":3,"name":"Industrial kitchen equipment","item":"https:\/\/www.monaxis.lt\/en\/produkto-kategorija\/industrial-kitchen-equipment\/"},{"@type":"ListItem","position":4,"name":"Technologin\u0117 \u012franga","item":"https:\/\/www.monaxis.lt\/produkto-kategorija\/pramonine-virtuves-iranga\/mesos-maisytuvai\/"},{"@type":"ListItem","position":5,"name":"Meat mixer CR70"}]},{"@type":"WebSite","@id":"https:\/\/www.monaxis.lt\/en\/#website","url":"https:\/\/www.monaxis.lt\/en\/","name":"Monaxis","description":"Prekybin\u0117, bei \u0161aldymo \u012franga","publisher":{"@id":"https:\/\/www.monaxis.lt\/en\/#organization"},"potentialAction":[{"@type":"SearchAction","target":{"@type":"EntryPoint","urlTemplate":"https:\/\/www.monaxis.lt\/en\/?s={search_term_string}"},"query-input":{"@type":"PropertyValueSpecification","valueRequired":true,"valueName":"search_term_string"}}],"inLanguage":"en-US"},{"@type":"Organization","@id":"https:\/\/www.monaxis.lt\/en\/#organization","name":"Monaxis","url":"https:\/\/www.monaxis.lt\/en\/","logo":{"@type":"ImageObject","inLanguage":"en-US","@id":"https:\/\/www.monaxis.lt\/en\/#\/schema\/logo\/image\/","url":"https:\/\/www.monaxis.lt\/wp-content\/uploads\/2023\/03\/logo-1.png","contentUrl":"https:\/\/www.monaxis.lt\/wp-content\/uploads\/2023\/03\/logo-1.png","width":205,"height":58,"caption":"Monaxis"},"image":{"@id":"https:\/\/www.monaxis.lt\/en\/#\/schema\/logo\/image\/"}}]}},"_links":{"self":[{"href":"https:\/\/www.monaxis.lt\/en\/wp-json\/wp\/v2\/product\/9630","targetHints":{"allow":["GET"]}}],"collection":[{"href":"https:\/\/www.monaxis.lt\/en\/wp-json\/wp\/v2\/product"}],"about":[{"href":"https:\/\/www.monaxis.lt\/en\/wp-json\/wp\/v2\/types\/product"}],"replies":[{"embeddable":true,"href":"https:\/\/www.monaxis.lt\/en\/wp-json\/wp\/v2\/comments?post=9630"}],"wp:featuredmedia":[{"embeddable":true,"href":"https:\/\/www.monaxis.lt\/en\/wp-json\/wp\/v2\/media\/11850"}],"wp:attachment":[{"href":"https:\/\/www.monaxis.lt\/en\/wp-json\/wp\/v2\/media?parent=9630"}],"wp:term":[{"taxonomy":"product_brand","embeddable":true,"href":"https:\/\/www.monaxis.lt\/en\/wp-json\/wp\/v2\/product_brand?post=9630"},{"taxonomy":"product_cat","embeddable":true,"href":"https:\/\/www.monaxis.lt\/en\/wp-json\/wp\/v2\/product_cat?post=9630"},{"taxonomy":"product_tag","embeddable":true,"href":"https:\/\/www.monaxis.lt\/en\/wp-json\/wp\/v2\/product_tag?post=9630"}],"curies":[{"name":"wp","href":"https:\/\/api.w.org\/{rel}","templated":true}]}}