{"id":9633,"date":"2023-02-10T07:15:37","date_gmt":"2023-02-10T05:15:37","guid":{"rendered":"https:\/\/www.monaxis.lt\/parduotuve\/bread-slicer-em11\/"},"modified":"2026-03-21T16:26:42","modified_gmt":"2026-03-21T14:26:42","slug":"bread-cutting-meat","status":"publish","type":"product","link":"https:\/\/www.monaxis.lt\/en\/parduotuve\/bread-cutting-meat\/","title":{"rendered":"Bread slicer EM11"},"content":{"rendered":"<h4>A bread slicer is an essential piece of equipment for every business in the food industry. This device can save you time and money. Bread slicers help to adjust the thickness of the slices and the quality of the sliced bread, giving a more attractive appearance and a smoother texture. This is an essential tool that can save you time while improving the quality of your bread and the customer experience. Invest in a bread slicer and save time in your business.<\/h4>\n<h1><\/h1>\n<p>Slicing bread can be a time-consuming and manual process. However, our bread slicing equipment, such as the bread slicer, can significantly increase productivity and save time. A bread slicer is a useful piece of equipment for restaurants, cafes, bakers and other food production companies with more than a few servings of bread requirements. Our bread slicers are distinguished by their high quality and reliability, so you don&#8217;t have to keep replacing them and your staff can concentrate on other tasks, saving time and improving the overall work process.<\/p>\n<p>The krchEM11.370n Adjustable Bread Slicer is a device for fast and safe slicing of various types of bread. This allows you to slice hard breads with a high grain content as well as soft breads, e.g. Toasted bread with maximum dimensions: 48&#215;13 cm in 11 mm thick slices. The device looks elegant while taking up little space. The Bread Slicer provides comfort, efficiency and ease of use.<\/p>\n<p><strong>Advantages of an electric table cutter:<\/strong><br \/>\nConstruction &#8211; the cutter has a reinforced powder-coated housing. All food contact elements are made of stainless steel. Number of blades 38.<br \/>\nFeatures &#8211; the countertop slicer has a shelf for storing sliced bread, a drawer for crumbs and feet that allow the unit to be adjusted.<br \/>\nEfficiency &#8211; the ability to slice at different heights thanks to the special pressure adjustment. Number of slices per hour: 600 pieces.<br \/>\nSlicing &#8211; the gastronomic slicer allows the slicing of bread in slices of 11 mm thickness without crushing or breaking, thanks to the adjustable lever.<br \/>\nEasy to use &#8211; the slicer is easy to clean, the lever is maintenance-free and does not require any additional lubrication.<br \/>\nSafety &#8211; the slicer is equipped with a safety lock which switches off the slicer automatically when it is finished cutting. <\/p>\n","protected":false},"excerpt":{"rendered":"<div class=\"product__parameter__name\"><strong><span class=\"product__parameter__name__text\"><img decoding=\"async\" class=\"alignnone wp-image-7601\" src=\"https:\/\/www.monaxis.lt\/wp-content\/uploads\/2023\/03\/delivery-1-150x150.png\" alt=\"\" width=\"23\" height=\"23\" srcset=\"https:\/\/www.monaxis.lt\/wp-content\/uploads\/2023\/03\/delivery-1-150x150.png 150w, https:\/\/www.monaxis.lt\/wp-content\/uploads\/2023\/03\/delivery-1-300x300.png 300w, https:\/\/www.monaxis.lt\/wp-content\/uploads\/2023\/03\/delivery-1.png 512w\" sizes=\"(max-width: 23px) 100vw, 23px\" \/> Delivery <\/span><\/strong><\/div>\n<div class=\"product__parameter__value\"><span class=\"product__parameter__value__text\" style=\"font-size: 75%;\">     <strong>   <span style=\"color: #999999;\"> 2-10 d.d.<\/span><\/strong><\/span><\/div>\n<div class=\"product__parameter__value\">\n<hr>\n<\/div>\n<p><strong><img decoding=\"async\" class=\"alignnone wp-image-7810\" src=\"https:\/\/www.monaxis.lt\/wp-content\/uploads\/2023\/01\/komplektuojama.png\" alt=\"\" width=\"23\" height=\"23\"> Comes with<\/strong><br \/>\n<strong><span style=\"font-size: 75%; color: #999999;\"> Bread slicer &#8211; 1 piece<\/span><\/strong><br \/>\n<strong><span style=\"font-size: 75%; color: #999999;\"> Warranty card<\/span><\/strong><br \/>\n<strong><span style=\"font-size: 75%; color: #999999;\"> Proof of purchase &#8211; Receipt \/ FV<\/span><\/strong><\/p>\n","protected":false},"featured_media":7265,"comment_status":"open","ping_status":"closed","template":"","meta":[],"product_brand":[],"product_cat":[141,130],"product_tag":[],"class_list":{"0":"post-9633","1":"product","2":"type-product","3":"status-publish","4":"has-post-thumbnail","6":"product_cat-bread-slicers","7":"product_cat-industrial-kitchen-equipment","9":"first","10":"instock","11":"taxable","12":"shipping-taxable","13":"purchasable","14":"product-type-simple"},"yoast_head":"<!-- This site is optimized with the Yoast SEO plugin v27.1.1 - https:\/\/yoast.com\/product\/yoast-seo-wordpress\/ -->\n<title>Bread slicer EM11| Trade equipment | Monaxis<\/title>\n<meta name=\"description\" content=\"Discover the perfect bread slicer on Monaxis.lt! Wide choice and competitive prices. Book now! Bread slicing machines\" \/>\n<meta name=\"robots\" content=\"index, follow, max-snippet:-1, max-image-preview:large, max-video-preview:-1\" \/>\n<link rel=\"canonical\" href=\"https:\/\/www.monaxis.lt\/en\/parduotuve\/bread-cutting-meat\/\" \/>\n<meta property=\"og:locale\" content=\"en_US\" \/>\n<meta property=\"og:type\" content=\"article\" \/>\n<meta property=\"og:title\" content=\"Bread slicer EM11| Trade equipment | Monaxis\" \/>\n<meta property=\"og:description\" content=\"Discover the perfect bread slicer on Monaxis.lt! Wide choice and competitive prices. Book now! Bread slicing machines\" \/>\n<meta property=\"og:url\" content=\"https:\/\/www.monaxis.lt\/en\/parduotuve\/bread-cutting-meat\/\" \/>\n<meta property=\"og:site_name\" content=\"Monaxis\" \/>\n<meta property=\"article:modified_time\" content=\"2026-03-21T14:26:42+00:00\" \/>\n<meta property=\"og:image\" content=\"https:\/\/www.monaxis.lt\/wp-content\/uploads\/2023\/02\/Duonos-pjaustykle-1.png\" \/>\n\t<meta property=\"og:image:width\" content=\"2500\" \/>\n\t<meta property=\"og:image:height\" content=\"2500\" \/>\n\t<meta property=\"og:image:type\" content=\"image\/png\" \/>\n<meta name=\"twitter:card\" content=\"summary_large_image\" \/>\n<meta name=\"twitter:label1\" content=\"Est. reading time\" \/>\n\t<meta name=\"twitter:data1\" content=\"2 minutes\" \/>\n<script type=\"application\/ld+json\" class=\"yoast-schema-graph\">{\"@context\":\"https:\/\/schema.org\",\"@graph\":[{\"@type\":\"WebPage\",\"@id\":\"https:\/\/www.monaxis.lt\/en\/parduotuve\/bread-cutting-meat\/\",\"url\":\"https:\/\/www.monaxis.lt\/en\/parduotuve\/bread-cutting-meat\/\",\"name\":\"Bread slicer EM11| Trade equipment | Monaxis\",\"isPartOf\":{\"@id\":\"https:\/\/www.monaxis.lt\/en\/#website\"},\"primaryImageOfPage\":{\"@id\":\"https:\/\/www.monaxis.lt\/en\/parduotuve\/bread-cutting-meat\/#primaryimage\"},\"image\":{\"@id\":\"https:\/\/www.monaxis.lt\/en\/parduotuve\/bread-cutting-meat\/#primaryimage\"},\"thumbnailUrl\":\"https:\/\/www.monaxis.lt\/wp-content\/uploads\/2023\/02\/Duonos-pjaustykle-1.png\",\"datePublished\":\"2023-02-10T05:15:37+00:00\",\"dateModified\":\"2026-03-21T14:26:42+00:00\",\"description\":\"Discover the perfect bread slicer on Monaxis.lt! Wide choice and competitive prices. Book now! Bread slicing machines\",\"breadcrumb\":{\"@id\":\"https:\/\/www.monaxis.lt\/en\/parduotuve\/bread-cutting-meat\/#breadcrumb\"},\"inLanguage\":\"en-US\",\"potentialAction\":[{\"@type\":\"ReadAction\",\"target\":[\"https:\/\/www.monaxis.lt\/en\/parduotuve\/bread-cutting-meat\/\"]}]},{\"@type\":\"ImageObject\",\"inLanguage\":\"en-US\",\"@id\":\"https:\/\/www.monaxis.lt\/en\/parduotuve\/bread-cutting-meat\/#primaryimage\",\"url\":\"https:\/\/www.monaxis.lt\/wp-content\/uploads\/2023\/02\/Duonos-pjaustykle-1.png\",\"contentUrl\":\"https:\/\/www.monaxis.lt\/wp-content\/uploads\/2023\/02\/Duonos-pjaustykle-1.png\",\"width\":2500,\"height\":2500},{\"@type\":\"BreadcrumbList\",\"@id\":\"https:\/\/www.monaxis.lt\/en\/parduotuve\/bread-cutting-meat\/#breadcrumb\",\"itemListElement\":[{\"@type\":\"ListItem\",\"position\":1,\"name\":\"Pagrindinis\",\"item\":\"https:\/\/www.monaxis.lt\/en\/\"},{\"@type\":\"ListItem\",\"position\":2,\"name\":\"Shop\",\"item\":\"https:\/\/www.monaxis.lt\/en\/shop\/\"},{\"@type\":\"ListItem\",\"position\":3,\"name\":\"Industrial kitchen equipment\",\"item\":\"https:\/\/www.monaxis.lt\/en\/produkto-kategorija\/industrial-kitchen-equipment\/\"},{\"@type\":\"ListItem\",\"position\":4,\"name\":\"Gastronomic slicers\",\"item\":\"https:\/\/www.monaxis.lt\/en\/produkto-kategorija\/industrial-kitchen-equipment\/gastronomic-slicers\/\"},{\"@type\":\"ListItem\",\"position\":5,\"name\":\"Technologin\u0117 \u012franga\",\"item\":\"https:\/\/www.monaxis.lt\/produkto-kategorija\/pramonine-virtuves-iranga\/gastronomines-pjaustykles\/duonos-pjaustymo-masinos\/\"},{\"@type\":\"ListItem\",\"position\":6,\"name\":\"Bread slicer EM11\"}]},{\"@type\":\"WebSite\",\"@id\":\"https:\/\/www.monaxis.lt\/en\/#website\",\"url\":\"https:\/\/www.monaxis.lt\/en\/\",\"name\":\"Monaxis\",\"description\":\"Prekybin\u0117, bei \u0161aldymo \u012franga\",\"publisher\":{\"@id\":\"https:\/\/www.monaxis.lt\/en\/#organization\"},\"potentialAction\":[{\"@type\":\"SearchAction\",\"target\":{\"@type\":\"EntryPoint\",\"urlTemplate\":\"https:\/\/www.monaxis.lt\/en\/?s={search_term_string}\"},\"query-input\":{\"@type\":\"PropertyValueSpecification\",\"valueRequired\":true,\"valueName\":\"search_term_string\"}}],\"inLanguage\":\"en-US\"},{\"@type\":\"Organization\",\"@id\":\"https:\/\/www.monaxis.lt\/en\/#organization\",\"name\":\"Monaxis\",\"url\":\"https:\/\/www.monaxis.lt\/en\/\",\"logo\":{\"@type\":\"ImageObject\",\"inLanguage\":\"en-US\",\"@id\":\"https:\/\/www.monaxis.lt\/en\/#\/schema\/logo\/image\/\",\"url\":\"https:\/\/www.monaxis.lt\/wp-content\/uploads\/2023\/03\/logo-1.png\",\"contentUrl\":\"https:\/\/www.monaxis.lt\/wp-content\/uploads\/2023\/03\/logo-1.png\",\"width\":205,\"height\":58,\"caption\":\"Monaxis\"},\"image\":{\"@id\":\"https:\/\/www.monaxis.lt\/en\/#\/schema\/logo\/image\/\"}}]}<\/script>\n<!-- \/ Yoast SEO plugin. -->","yoast_head_json":{"title":"Bread slicer EM11| Trade equipment | Monaxis","description":"Discover the perfect bread slicer on Monaxis.lt! Wide choice and competitive prices. Book now! Bread slicing machines","robots":{"index":"index","follow":"follow","max-snippet":"max-snippet:-1","max-image-preview":"max-image-preview:large","max-video-preview":"max-video-preview:-1"},"canonical":"https:\/\/www.monaxis.lt\/en\/parduotuve\/bread-cutting-meat\/","og_locale":"en_US","og_type":"article","og_title":"Bread slicer EM11| Trade equipment | Monaxis","og_description":"Discover the perfect bread slicer on Monaxis.lt! Wide choice and competitive prices. Book now! Bread slicing machines","og_url":"https:\/\/www.monaxis.lt\/en\/parduotuve\/bread-cutting-meat\/","og_site_name":"Monaxis","article_modified_time":"2026-03-21T14:26:42+00:00","og_image":[{"width":2500,"height":2500,"url":"https:\/\/www.monaxis.lt\/wp-content\/uploads\/2023\/02\/Duonos-pjaustykle-1.png","type":"image\/png"}],"twitter_card":"summary_large_image","twitter_misc":{"Est. reading time":"2 minutes"},"schema":{"@context":"https:\/\/schema.org","@graph":[{"@type":"WebPage","@id":"https:\/\/www.monaxis.lt\/en\/parduotuve\/bread-cutting-meat\/","url":"https:\/\/www.monaxis.lt\/en\/parduotuve\/bread-cutting-meat\/","name":"Bread slicer EM11| Trade equipment | Monaxis","isPartOf":{"@id":"https:\/\/www.monaxis.lt\/en\/#website"},"primaryImageOfPage":{"@id":"https:\/\/www.monaxis.lt\/en\/parduotuve\/bread-cutting-meat\/#primaryimage"},"image":{"@id":"https:\/\/www.monaxis.lt\/en\/parduotuve\/bread-cutting-meat\/#primaryimage"},"thumbnailUrl":"https:\/\/www.monaxis.lt\/wp-content\/uploads\/2023\/02\/Duonos-pjaustykle-1.png","datePublished":"2023-02-10T05:15:37+00:00","dateModified":"2026-03-21T14:26:42+00:00","description":"Discover the perfect bread slicer on Monaxis.lt! Wide choice and competitive prices. Book now! Bread slicing machines","breadcrumb":{"@id":"https:\/\/www.monaxis.lt\/en\/parduotuve\/bread-cutting-meat\/#breadcrumb"},"inLanguage":"en-US","potentialAction":[{"@type":"ReadAction","target":["https:\/\/www.monaxis.lt\/en\/parduotuve\/bread-cutting-meat\/"]}]},{"@type":"ImageObject","inLanguage":"en-US","@id":"https:\/\/www.monaxis.lt\/en\/parduotuve\/bread-cutting-meat\/#primaryimage","url":"https:\/\/www.monaxis.lt\/wp-content\/uploads\/2023\/02\/Duonos-pjaustykle-1.png","contentUrl":"https:\/\/www.monaxis.lt\/wp-content\/uploads\/2023\/02\/Duonos-pjaustykle-1.png","width":2500,"height":2500},{"@type":"BreadcrumbList","@id":"https:\/\/www.monaxis.lt\/en\/parduotuve\/bread-cutting-meat\/#breadcrumb","itemListElement":[{"@type":"ListItem","position":1,"name":"Pagrindinis","item":"https:\/\/www.monaxis.lt\/en\/"},{"@type":"ListItem","position":2,"name":"Shop","item":"https:\/\/www.monaxis.lt\/en\/shop\/"},{"@type":"ListItem","position":3,"name":"Industrial kitchen equipment","item":"https:\/\/www.monaxis.lt\/en\/produkto-kategorija\/industrial-kitchen-equipment\/"},{"@type":"ListItem","position":4,"name":"Gastronomic slicers","item":"https:\/\/www.monaxis.lt\/en\/produkto-kategorija\/industrial-kitchen-equipment\/gastronomic-slicers\/"},{"@type":"ListItem","position":5,"name":"Technologin\u0117 \u012franga","item":"https:\/\/www.monaxis.lt\/produkto-kategorija\/pramonine-virtuves-iranga\/gastronomines-pjaustykles\/duonos-pjaustymo-masinos\/"},{"@type":"ListItem","position":6,"name":"Bread slicer EM11"}]},{"@type":"WebSite","@id":"https:\/\/www.monaxis.lt\/en\/#website","url":"https:\/\/www.monaxis.lt\/en\/","name":"Monaxis","description":"Prekybin\u0117, bei \u0161aldymo \u012franga","publisher":{"@id":"https:\/\/www.monaxis.lt\/en\/#organization"},"potentialAction":[{"@type":"SearchAction","target":{"@type":"EntryPoint","urlTemplate":"https:\/\/www.monaxis.lt\/en\/?s={search_term_string}"},"query-input":{"@type":"PropertyValueSpecification","valueRequired":true,"valueName":"search_term_string"}}],"inLanguage":"en-US"},{"@type":"Organization","@id":"https:\/\/www.monaxis.lt\/en\/#organization","name":"Monaxis","url":"https:\/\/www.monaxis.lt\/en\/","logo":{"@type":"ImageObject","inLanguage":"en-US","@id":"https:\/\/www.monaxis.lt\/en\/#\/schema\/logo\/image\/","url":"https:\/\/www.monaxis.lt\/wp-content\/uploads\/2023\/03\/logo-1.png","contentUrl":"https:\/\/www.monaxis.lt\/wp-content\/uploads\/2023\/03\/logo-1.png","width":205,"height":58,"caption":"Monaxis"},"image":{"@id":"https:\/\/www.monaxis.lt\/en\/#\/schema\/logo\/image\/"}}]}},"_links":{"self":[{"href":"https:\/\/www.monaxis.lt\/en\/wp-json\/wp\/v2\/product\/9633","targetHints":{"allow":["GET"]}}],"collection":[{"href":"https:\/\/www.monaxis.lt\/en\/wp-json\/wp\/v2\/product"}],"about":[{"href":"https:\/\/www.monaxis.lt\/en\/wp-json\/wp\/v2\/types\/product"}],"replies":[{"embeddable":true,"href":"https:\/\/www.monaxis.lt\/en\/wp-json\/wp\/v2\/comments?post=9633"}],"wp:featuredmedia":[{"embeddable":true,"href":"https:\/\/www.monaxis.lt\/en\/wp-json\/wp\/v2\/media\/7265"}],"wp:attachment":[{"href":"https:\/\/www.monaxis.lt\/en\/wp-json\/wp\/v2\/media?parent=9633"}],"wp:term":[{"taxonomy":"product_brand","embeddable":true,"href":"https:\/\/www.monaxis.lt\/en\/wp-json\/wp\/v2\/product_brand?post=9633"},{"taxonomy":"product_cat","embeddable":true,"href":"https:\/\/www.monaxis.lt\/en\/wp-json\/wp\/v2\/product_cat?post=9633"},{"taxonomy":"product_tag","embeddable":true,"href":"https:\/\/www.monaxis.lt\/en\/wp-json\/wp\/v2\/product_tag?post=9633"}],"curies":[{"name":"wp","href":"https:\/\/api.w.org\/{rel}","templated":true}]}}