{"id":9640,"date":"2023-02-06T07:01:29","date_gmt":"2023-02-06T05:01:29","guid":{"rendered":"https:\/\/www.monaxis.lt\/parduotuve\/elsa-mini-s66-heated-display-cabinet\/"},"modified":"2026-03-21T16:17:43","modified_gmt":"2026-03-21T14:17:43","slug":"heated-vitrina-elsa-mini-s66","status":"publish","type":"product","link":"https:\/\/www.monaxis.lt\/en\/parduotuve\/heated-vitrina-elsa-mini-s66\/","title":{"rendered":"ELSA MINI S66 heated display cabinet"},"content":{"rendered":"<h4>The Elsa Mini S66 heated display cabinet is the perfect choice for retail outlets that require an attractive and functional food presentation solution. This showcase is designed to ensure high product quality and safety, as well as maximum energy savings.<\/h4>\n<p>The heated display cabinet is made of high-quality materials, making it robust, reliable and long-lasting. It also has glass doors, which not only provide good insulation but also an attractive appearance. The heat control system allows you to easily regulate the temperature in the display cabinet and store your products properly.<\/p>\n<p>This heated display case is not only a convenient solution, but also a powerful advertising tool. The products that are presented in this showcase can be presented in an attractive and professional manner to help consumers choose what they want to buy. This solution is particularly useful if you want to attract the attention of customers with new products or special offers.<\/p>\n<p>This heated display cabinet is also extremely energy efficient. This means that it not only helps to maintain the right temperature in the display cabinet, but also helps to reduce electricity costs. This makes it not only a convenient solution, but also a long-term investment that saves you time and money.<\/p>\n<p>The Elsa Mini S66 heated display cabinet is an exceptional product for retail outlets that require an attractive, functional and energy-saving solution. This display is the perfect choice to give your outlets a professional and modern look, as well as ensuring high product quality and safety.<\/p>\n<p>The ELSA MINI S66 heated display cabinets have a modern design, functionality and compact dimensions. This allows you to display your products, thereby increasing sales. Adjustable display case for caf\u00e9s, pastry shops, buffets, restaurants and shops. Thanks to its small dimensions, it can be placed on the counter so that customers can see warm snacks, pizzas, stews, baked potatoes and ready meals.<br \/>\nHeating window with straight double-glazed unit.<br \/>\nThe display space of the showcase maintains high heating properties.<br \/>\nThe bottom of the camera is made of stainless steel plates that can be easily disassembled and washed.<br \/>\nThe camera is equipped with an LED top light inside the camera to increase the exposure of the product.<br \/>\nStainless steel shelving frame with reinforced structure and adjustable height.<br \/>\nSliding doors with a double layer of toughened glass guarantee a reduction in heat loss.<br \/>\nThe display cabinet has height-adjustable feet.<br \/>\nThe heating system ensures a uniform temperature throughout the chamber.<br \/>\nThe electronic control panel allows the temperature to be set between +35 and +75 \u00b0C.<br \/>\nA digital display shows the current temperature inside the chamber.<br \/>\nThe product comes with a 12-month warranty.<\/p>\n","protected":false},"excerpt":{"rendered":"<div class=\"product__parameter__name\"><strong><span class=\"product__parameter__name__text\"><img decoding=\"async\" class=\"alignnone wp-image-7601\" src=\"https:\/\/www.monaxis.lt\/wp-content\/uploads\/2023\/03\/delivery-1-150x150.png\" alt=\"\" width=\"23\" height=\"23\" srcset=\"https:\/\/www.monaxis.lt\/wp-content\/uploads\/2023\/03\/delivery-1-150x150.png 150w, https:\/\/www.monaxis.lt\/wp-content\/uploads\/2023\/03\/delivery-1-300x300.png 300w, https:\/\/www.monaxis.lt\/wp-content\/uploads\/2023\/03\/delivery-1.png 512w\" sizes=\"(max-width: 23px) 100vw, 23px\" \/> Delivery <\/span><\/strong><\/div>\n<div class=\"product__parameter__value\"><span class=\"product__parameter__value__text\" style=\"font-size: 75%;\">     <strong>   <span style=\"color: #999999;\"> 2-10 d.d.<\/span><\/strong><\/span><\/div>\n<div class=\"product__parameter__name\">\n<div class=\"product__parameter__value\">\n<hr>\n<\/div>\n<div>\n<div class=\"product__parameter__name\"><strong><span class=\"product__parameter__name__text\"><img decoding=\"async\" class=\"alignnone wp-image-7806\" style=\"color: #333333;\" src=\"https:\/\/www.monaxis.lt\/wp-content\/uploads\/2023\/01\/temperature-4.png\" alt=\"\" width=\"23\" height=\"23\"> Maintained temperature<\/span><\/strong><\/div>\n<div class=\"product__parameter__value\"><span class=\"product__parameter__value__text\" style=\"font-size: 75%;\">     <strong>   <span style=\"color: #999999;\">    <\/span><\/strong><\/span><span style=\"color: #999999;\"><strong><span style=\"font-size: 75%;\">(+35 \u00f7 +75 \u00b0C)<\/span><\/strong><\/span><\/div>\n<\/div>\n<\/div>\n<div class=\"product__parameter__value\">\n<hr>\n<\/div>\n<p><strong><img decoding=\"async\" class=\"alignnone wp-image-7810\" src=\"https:\/\/www.monaxis.lt\/wp-content\/uploads\/2023\/01\/komplektuojama.png\" alt=\"\" width=\"23\" height=\"23\"> Comes with<\/strong><br \/>\n<strong><span style=\"font-size: 75%; color: #999999;\">  Heated display cabinet<\/span><\/strong><br \/>\n<strong><span style=\"font-size: 75%; color: #999999;\">  Shelves &#8211; 3pcs<\/span><\/strong><br \/>\n<strong><span style=\"font-size: 75%; color: #999999;\"> User Guide<\/span><\/strong><br \/>\n<strong><span style=\"font-size: 75%; color: #999999;\"> Warranty card<\/span><\/strong><br \/>\n<strong><span style=\"font-size: 75%; color: #999999;\"> Proof of purchase &#8211; Receipt \/ FV<\/span><\/strong><\/p>\n","protected":false},"featured_media":7377,"comment_status":"open","ping_status":"closed","template":"","meta":[],"product_brand":[],"product_cat":[885],"product_tag":[],"class_list":{"0":"post-9640","1":"product","2":"type-product","3":"status-publish","4":"has-post-thumbnail","6":"product_cat-numatyta-en","8":"first","9":"outofstock","10":"taxable","11":"shipping-taxable","12":"purchasable","13":"product-type-simple"},"yoast_head":"<!-- This site is optimized with the Yoast SEO plugin v27.1.1 - https:\/\/yoast.com\/product\/yoast-seo-wordpress\/ -->\n<title>ELSA MINI S66 heated display cabinet| Trade equipment | Monaxis<\/title>\n<meta name=\"description\" content=\"The Elsa Mini S66 heated display cabinet is a high-quality, energy-efficient display cabinet with glass doors. The perfect solution for displaying products in your shop.\" \/>\n<meta name=\"robots\" content=\"index, follow, max-snippet:-1, max-image-preview:large, max-video-preview:-1\" \/>\n<link rel=\"canonical\" href=\"https:\/\/www.monaxis.lt\/en\/parduotuve\/heated-vitrina-elsa-mini-s66\/\" \/>\n<meta property=\"og:locale\" content=\"en_US\" \/>\n<meta property=\"og:type\" content=\"article\" \/>\n<meta property=\"og:title\" content=\"ELSA MINI S66 heated display cabinet| Trade equipment | Monaxis\" \/>\n<meta property=\"og:description\" content=\"The Elsa Mini S66 heated display cabinet is a high-quality, energy-efficient display cabinet with glass doors. The perfect solution for displaying products in your shop.\" \/>\n<meta property=\"og:url\" content=\"https:\/\/www.monaxis.lt\/en\/parduotuve\/heated-vitrina-elsa-mini-s66\/\" \/>\n<meta property=\"og:site_name\" content=\"Monaxis\" \/>\n<meta property=\"article:modified_time\" content=\"2026-03-21T14:17:43+00:00\" \/>\n<meta property=\"og:image\" content=\"https:\/\/www.monaxis.lt\/wp-content\/uploads\/2023\/02\/sildoma-vitrina-1.png\" \/>\n\t<meta property=\"og:image:width\" content=\"2500\" \/>\n\t<meta property=\"og:image:height\" content=\"2500\" \/>\n\t<meta property=\"og:image:type\" content=\"image\/png\" \/>\n<meta name=\"twitter:card\" content=\"summary_large_image\" \/>\n<meta name=\"twitter:label1\" content=\"Est. reading time\" \/>\n\t<meta name=\"twitter:data1\" content=\"2 minutes\" \/>\n<script type=\"application\/ld+json\" class=\"yoast-schema-graph\">{\"@context\":\"https:\/\/schema.org\",\"@graph\":[{\"@type\":\"WebPage\",\"@id\":\"https:\/\/www.monaxis.lt\/en\/parduotuve\/heated-vitrina-elsa-mini-s66\/\",\"url\":\"https:\/\/www.monaxis.lt\/en\/parduotuve\/heated-vitrina-elsa-mini-s66\/\",\"name\":\"ELSA MINI S66 heated display cabinet| Trade equipment | Monaxis\",\"isPartOf\":{\"@id\":\"https:\/\/www.monaxis.lt\/en\/#website\"},\"primaryImageOfPage\":{\"@id\":\"https:\/\/www.monaxis.lt\/en\/parduotuve\/heated-vitrina-elsa-mini-s66\/#primaryimage\"},\"image\":{\"@id\":\"https:\/\/www.monaxis.lt\/en\/parduotuve\/heated-vitrina-elsa-mini-s66\/#primaryimage\"},\"thumbnailUrl\":\"https:\/\/www.monaxis.lt\/wp-content\/uploads\/2023\/02\/sildoma-vitrina-1.png\",\"datePublished\":\"2023-02-06T05:01:29+00:00\",\"dateModified\":\"2026-03-21T14:17:43+00:00\",\"description\":\"The Elsa Mini S66 heated display cabinet is a high-quality, energy-efficient display cabinet with glass doors. The perfect solution for displaying products in your shop.\",\"breadcrumb\":{\"@id\":\"https:\/\/www.monaxis.lt\/en\/parduotuve\/heated-vitrina-elsa-mini-s66\/#breadcrumb\"},\"inLanguage\":\"en-US\",\"potentialAction\":[{\"@type\":\"ReadAction\",\"target\":[\"https:\/\/www.monaxis.lt\/en\/parduotuve\/heated-vitrina-elsa-mini-s66\/\"]}]},{\"@type\":\"ImageObject\",\"inLanguage\":\"en-US\",\"@id\":\"https:\/\/www.monaxis.lt\/en\/parduotuve\/heated-vitrina-elsa-mini-s66\/#primaryimage\",\"url\":\"https:\/\/www.monaxis.lt\/wp-content\/uploads\/2023\/02\/sildoma-vitrina-1.png\",\"contentUrl\":\"https:\/\/www.monaxis.lt\/wp-content\/uploads\/2023\/02\/sildoma-vitrina-1.png\",\"width\":2500,\"height\":2500},{\"@type\":\"BreadcrumbList\",\"@id\":\"https:\/\/www.monaxis.lt\/en\/parduotuve\/heated-vitrina-elsa-mini-s66\/#breadcrumb\",\"itemListElement\":[{\"@type\":\"ListItem\",\"position\":1,\"name\":\"Pagrindinis\",\"item\":\"https:\/\/www.monaxis.lt\/en\/\"},{\"@type\":\"ListItem\",\"position\":2,\"name\":\"Shop\",\"item\":\"https:\/\/www.monaxis.lt\/en\/shop\/\"},{\"@type\":\"ListItem\",\"position\":3,\"name\":\"Numatyta\",\"item\":\"https:\/\/www.monaxis.lt\/produkto-kategorija\/numatyta\/\"},{\"@type\":\"ListItem\",\"position\":4,\"name\":\"ELSA MINI S66 heated display cabinet\"}]},{\"@type\":\"WebSite\",\"@id\":\"https:\/\/www.monaxis.lt\/en\/#website\",\"url\":\"https:\/\/www.monaxis.lt\/en\/\",\"name\":\"Monaxis\",\"description\":\"Prekybin\u0117, bei \u0161aldymo \u012franga\",\"publisher\":{\"@id\":\"https:\/\/www.monaxis.lt\/en\/#organization\"},\"potentialAction\":[{\"@type\":\"SearchAction\",\"target\":{\"@type\":\"EntryPoint\",\"urlTemplate\":\"https:\/\/www.monaxis.lt\/en\/?s={search_term_string}\"},\"query-input\":{\"@type\":\"PropertyValueSpecification\",\"valueRequired\":true,\"valueName\":\"search_term_string\"}}],\"inLanguage\":\"en-US\"},{\"@type\":\"Organization\",\"@id\":\"https:\/\/www.monaxis.lt\/en\/#organization\",\"name\":\"Monaxis\",\"url\":\"https:\/\/www.monaxis.lt\/en\/\",\"logo\":{\"@type\":\"ImageObject\",\"inLanguage\":\"en-US\",\"@id\":\"https:\/\/www.monaxis.lt\/en\/#\/schema\/logo\/image\/\",\"url\":\"https:\/\/www.monaxis.lt\/wp-content\/uploads\/2023\/03\/logo-1.png\",\"contentUrl\":\"https:\/\/www.monaxis.lt\/wp-content\/uploads\/2023\/03\/logo-1.png\",\"width\":205,\"height\":58,\"caption\":\"Monaxis\"},\"image\":{\"@id\":\"https:\/\/www.monaxis.lt\/en\/#\/schema\/logo\/image\/\"}}]}<\/script>\n<!-- \/ Yoast SEO plugin. -->","yoast_head_json":{"title":"ELSA MINI S66 heated display cabinet| Trade equipment | Monaxis","description":"The Elsa Mini S66 heated display cabinet is a high-quality, energy-efficient display cabinet with glass doors. The perfect solution for displaying products in your shop.","robots":{"index":"index","follow":"follow","max-snippet":"max-snippet:-1","max-image-preview":"max-image-preview:large","max-video-preview":"max-video-preview:-1"},"canonical":"https:\/\/www.monaxis.lt\/en\/parduotuve\/heated-vitrina-elsa-mini-s66\/","og_locale":"en_US","og_type":"article","og_title":"ELSA MINI S66 heated display cabinet| Trade equipment | Monaxis","og_description":"The Elsa Mini S66 heated display cabinet is a high-quality, energy-efficient display cabinet with glass doors. The perfect solution for displaying products in your shop.","og_url":"https:\/\/www.monaxis.lt\/en\/parduotuve\/heated-vitrina-elsa-mini-s66\/","og_site_name":"Monaxis","article_modified_time":"2026-03-21T14:17:43+00:00","og_image":[{"width":2500,"height":2500,"url":"https:\/\/www.monaxis.lt\/wp-content\/uploads\/2023\/02\/sildoma-vitrina-1.png","type":"image\/png"}],"twitter_card":"summary_large_image","twitter_misc":{"Est. reading time":"2 minutes"},"schema":{"@context":"https:\/\/schema.org","@graph":[{"@type":"WebPage","@id":"https:\/\/www.monaxis.lt\/en\/parduotuve\/heated-vitrina-elsa-mini-s66\/","url":"https:\/\/www.monaxis.lt\/en\/parduotuve\/heated-vitrina-elsa-mini-s66\/","name":"ELSA MINI S66 heated display cabinet| Trade equipment | Monaxis","isPartOf":{"@id":"https:\/\/www.monaxis.lt\/en\/#website"},"primaryImageOfPage":{"@id":"https:\/\/www.monaxis.lt\/en\/parduotuve\/heated-vitrina-elsa-mini-s66\/#primaryimage"},"image":{"@id":"https:\/\/www.monaxis.lt\/en\/parduotuve\/heated-vitrina-elsa-mini-s66\/#primaryimage"},"thumbnailUrl":"https:\/\/www.monaxis.lt\/wp-content\/uploads\/2023\/02\/sildoma-vitrina-1.png","datePublished":"2023-02-06T05:01:29+00:00","dateModified":"2026-03-21T14:17:43+00:00","description":"The Elsa Mini S66 heated display cabinet is a high-quality, energy-efficient display cabinet with glass doors. The perfect solution for displaying products in your shop.","breadcrumb":{"@id":"https:\/\/www.monaxis.lt\/en\/parduotuve\/heated-vitrina-elsa-mini-s66\/#breadcrumb"},"inLanguage":"en-US","potentialAction":[{"@type":"ReadAction","target":["https:\/\/www.monaxis.lt\/en\/parduotuve\/heated-vitrina-elsa-mini-s66\/"]}]},{"@type":"ImageObject","inLanguage":"en-US","@id":"https:\/\/www.monaxis.lt\/en\/parduotuve\/heated-vitrina-elsa-mini-s66\/#primaryimage","url":"https:\/\/www.monaxis.lt\/wp-content\/uploads\/2023\/02\/sildoma-vitrina-1.png","contentUrl":"https:\/\/www.monaxis.lt\/wp-content\/uploads\/2023\/02\/sildoma-vitrina-1.png","width":2500,"height":2500},{"@type":"BreadcrumbList","@id":"https:\/\/www.monaxis.lt\/en\/parduotuve\/heated-vitrina-elsa-mini-s66\/#breadcrumb","itemListElement":[{"@type":"ListItem","position":1,"name":"Pagrindinis","item":"https:\/\/www.monaxis.lt\/en\/"},{"@type":"ListItem","position":2,"name":"Shop","item":"https:\/\/www.monaxis.lt\/en\/shop\/"},{"@type":"ListItem","position":3,"name":"Numatyta","item":"https:\/\/www.monaxis.lt\/produkto-kategorija\/numatyta\/"},{"@type":"ListItem","position":4,"name":"ELSA MINI S66 heated display cabinet"}]},{"@type":"WebSite","@id":"https:\/\/www.monaxis.lt\/en\/#website","url":"https:\/\/www.monaxis.lt\/en\/","name":"Monaxis","description":"Prekybin\u0117, bei \u0161aldymo \u012franga","publisher":{"@id":"https:\/\/www.monaxis.lt\/en\/#organization"},"potentialAction":[{"@type":"SearchAction","target":{"@type":"EntryPoint","urlTemplate":"https:\/\/www.monaxis.lt\/en\/?s={search_term_string}"},"query-input":{"@type":"PropertyValueSpecification","valueRequired":true,"valueName":"search_term_string"}}],"inLanguage":"en-US"},{"@type":"Organization","@id":"https:\/\/www.monaxis.lt\/en\/#organization","name":"Monaxis","url":"https:\/\/www.monaxis.lt\/en\/","logo":{"@type":"ImageObject","inLanguage":"en-US","@id":"https:\/\/www.monaxis.lt\/en\/#\/schema\/logo\/image\/","url":"https:\/\/www.monaxis.lt\/wp-content\/uploads\/2023\/03\/logo-1.png","contentUrl":"https:\/\/www.monaxis.lt\/wp-content\/uploads\/2023\/03\/logo-1.png","width":205,"height":58,"caption":"Monaxis"},"image":{"@id":"https:\/\/www.monaxis.lt\/en\/#\/schema\/logo\/image\/"}}]}},"_links":{"self":[{"href":"https:\/\/www.monaxis.lt\/en\/wp-json\/wp\/v2\/product\/9640","targetHints":{"allow":["GET"]}}],"collection":[{"href":"https:\/\/www.monaxis.lt\/en\/wp-json\/wp\/v2\/product"}],"about":[{"href":"https:\/\/www.monaxis.lt\/en\/wp-json\/wp\/v2\/types\/product"}],"replies":[{"embeddable":true,"href":"https:\/\/www.monaxis.lt\/en\/wp-json\/wp\/v2\/comments?post=9640"}],"wp:featuredmedia":[{"embeddable":true,"href":"https:\/\/www.monaxis.lt\/en\/wp-json\/wp\/v2\/media\/7377"}],"wp:attachment":[{"href":"https:\/\/www.monaxis.lt\/en\/wp-json\/wp\/v2\/media?parent=9640"}],"wp:term":[{"taxonomy":"product_brand","embeddable":true,"href":"https:\/\/www.monaxis.lt\/en\/wp-json\/wp\/v2\/product_brand?post=9640"},{"taxonomy":"product_cat","embeddable":true,"href":"https:\/\/www.monaxis.lt\/en\/wp-json\/wp\/v2\/product_cat?post=9640"},{"taxonomy":"product_tag","embeddable":true,"href":"https:\/\/www.monaxis.lt\/en\/wp-json\/wp\/v2\/product_tag?post=9640"}],"curies":[{"name":"wp","href":"https:\/\/api.w.org\/{rel}","templated":true}]}}