{"id":9654,"date":"2023-02-05T07:36:14","date_gmt":"2023-02-05T07:36:14","guid":{"rendered":"https:\/\/www.monaxis.lt\/parduotuve\/pastry-display-elsa-s150\/"},"modified":"2026-03-21T16:17:46","modified_gmt":"2026-03-21T14:17:46","slug":"confectionery-showcase-elsa-s150","status":"publish","type":"product","link":"https:\/\/www.monaxis.lt\/en\/parduotuve\/confectionery-showcase-elsa-s150\/","title":{"rendered":"Pastry display ELSA S150 WHITE"},"content":{"rendered":"<h4>The <strong>Elsa S150<\/strong> confectionery display case is the perfect choice to attract customer attention and improve the appearance of your shop. This confectionery display case not only maintains the optimum temperature to keep your sweets fresh and tasty, but also features a modern design that fits in with any shop interior. An exceptionally stylish window display will catch the eye of your customers and boost your sales. All our confectionery display cabinets are designed with quality and functionality in mind, so your products will not only be beautifully presented but also safely stored. Monaxis.lt offers a wide range of confectionery display cabinets so that you can find the right solution for your shop. Choose quality confectionery displays from us and improve the visual appeal and sales of your shop.<\/h4>\n<p>Buying a confectionery display case is very important if you want your shop to look professional and attractive. The Elsa model not only gives your goods the ideal temperature but also looks modern and attractive. The glass in this confectionery display case is of high quality and gives your goods maximum visibility. In addition, this display case has efficient lighting that enhances the beauty of your products. Give your shop a professional and attractive look with the Elsa model confectionery display!<\/p>\n<h4><strong>Advantages of the ELSA S150 pastry display case:<\/strong><\/h4>\n<p>Pastry display case with straight glass, made of double glass.<br \/>\nThe display space of the showcase shall maintain high cooling properties.<br \/>\nThe bottom of the camera is made of stainless steel plates that can be easily disassembled and washed.<br \/>\nThe highest LED illumination and each shelf level increases the visibility of the product display.<br \/>\nShelving frame in stainless steel with reinforced construction and space for a price strip.<br \/>\nThe biscuit maker has three levels of height-adjustable glass shelves.<br \/>\nSliding doors with a double layer of toughened glass guarantee a reduction in cold loss.<br \/>\nHeight-adjustable feet and castors make it easy to move the unit to any location.<br \/>\nHeated double windscreen to prevent dew.<br \/>\nThe dynamic cooling system ensures a uniform temperature throughout the chamber.<br \/>\nThe device has an automatic defrost function.<br \/>\nThe Dixell electronic control panel allows the temperature to be set between +2 and +8 \u00b0C.<br \/>\nA digital display shows the current temperature inside the chamber.<br \/>\nThe efficient Secop compressor ensures adequate efficiency and energy efficiency.<\/p>\n","protected":false},"excerpt":{"rendered":"<div class=\"product__parameter__name\"><strong><span class=\"product__parameter__name__text\"><img decoding=\"async\" class=\"alignnone wp-image-7601\" src=\"https:\/\/www.monaxis.lt\/wp-content\/uploads\/2023\/03\/delivery-1-150x150.png\" alt=\"\" width=\"23\" height=\"23\" srcset=\"https:\/\/www.monaxis.lt\/wp-content\/uploads\/2023\/03\/delivery-1-150x150.png 150w, https:\/\/www.monaxis.lt\/wp-content\/uploads\/2023\/03\/delivery-1-300x300.png 300w, https:\/\/www.monaxis.lt\/wp-content\/uploads\/2023\/03\/delivery-1.png 512w\" sizes=\"(max-width: 23px) 100vw, 23px\" \/> Delivery <\/span><\/strong><\/div>\n<div class=\"product__parameter__value\"><span class=\"product__parameter__value__text\" style=\"font-size: 75%;\">     <strong>   <span style=\"color: #999999;\"> 2-10 d.d.<\/span><\/strong><\/span><\/div>\n<div class=\"product__parameter__name\">\n<div class=\"product__parameter__value\">\n<hr>\n<\/div>\n<div>\n<div class=\"product__parameter__name\"><strong><span class=\"product__parameter__name__text\"><img decoding=\"async\" class=\"alignnone wp-image-7806\" style=\"color: #333333;\" src=\"https:\/\/www.monaxis.lt\/wp-content\/uploads\/2023\/01\/temperature-4.png\" alt=\"\" width=\"23\" height=\"23\"> Maintained temperature<\/span><\/strong><\/div>\n<div class=\"product__parameter__value\"><span class=\"product__parameter__value__text\" style=\"font-size: 75%;\">     <strong>   <span style=\"color: #999999;\">    <\/span><\/strong><\/span><span style=\"color: #999999;\"><strong><span style=\"font-size: 75%;\">(+2 \u00f7 +8 \u00b0C)<\/span><\/strong><\/span><\/div>\n<\/div>\n<div>\n<hr>\n<\/div>\n<div>\n<div class=\"product__parameter__name\"><strong><span class=\"product__parameter__name__text\"><img decoding=\"async\" class=\"alignnone wp-image-7807\" src=\"https:\/\/www.monaxis.lt\/wp-content\/uploads\/2023\/01\/refrigerant.png\" alt=\"\" width=\"23\" height=\"23\"> Refrigerant<\/span><\/strong><\/div>\n<div class=\"product__parameter__value\"><span class=\"product__parameter__value__text\" style=\"font-size: 75%;\">       <span style=\"color: #808080;\">  <span style=\"color: #999999;\"><strong>R290<\/strong><\/span><\/span><\/span><\/div>\n<\/div>\n<\/div>\n<div class=\"product__parameter__value\">\n<hr>\n<\/div>\n<p><strong><img decoding=\"async\" class=\"alignnone wp-image-7810\" src=\"https:\/\/www.monaxis.lt\/wp-content\/uploads\/2023\/01\/komplektuojama.png\" alt=\"\" width=\"23\" height=\"23\"> Comes with<\/strong><br \/>\n<strong><span style=\"font-size: 75%; color: #999999;\">  Pastry display cabinet &#8211; 1pc<\/span><\/strong><br \/>\n<strong><span style=\"font-size: 75%; color: #999999;\">  Shelves &#8211; 3 levels<\/span><\/strong><br \/>\n<strong><span style=\"font-size: 75%; color: #999999;\"> Warranty card<\/span><\/strong><br \/>\n<strong><span style=\"font-size: 75%; color: #999999;\"> Proof of purchase &#8211; Receipt \/ FV<\/span><\/strong><\/p>\n","protected":false},"featured_media":10582,"comment_status":"open","ping_status":"closed","template":"","meta":[],"product_brand":[],"product_cat":[172,67],"product_tag":[],"class_list":{"0":"post-9654","1":"product","2":"type-product","3":"status-publish","4":"has-post-thumbnail","6":"product_cat-confectionery-showcases","7":"product_cat-commercial-refrigeration-equipment-en","9":"first","10":"onbackorder","11":"taxable","12":"shipping-taxable","13":"product-type-simple"},"yoast_head":"<!-- This site is optimized with the Yoast SEO plugin v27.1.1 - https:\/\/yoast.com\/product\/yoast-seo-wordpress\/ -->\n<title>Confectionery showcase case Elsa S150 |% Refrigeration equipment |%Monaxis% .lt<\/title>\n<meta name=\"description\" content=\"High quality confectionery display Elsa S150 - Monaxis.lt. A stylish and functional confectionery display, suitable for both small and large rooms.\" \/>\n<meta name=\"robots\" content=\"index, follow, max-snippet:-1, max-image-preview:large, max-video-preview:-1\" \/>\n<link rel=\"canonical\" href=\"https:\/\/www.monaxis.lt\/en\/parduotuve\/confectionery-showcase-elsa-s150\/\" \/>\n<meta property=\"og:locale\" content=\"en_US\" \/>\n<meta property=\"og:type\" content=\"article\" \/>\n<meta property=\"og:title\" content=\"Confectionery showcase case Elsa S150 |% Refrigeration equipment |%Monaxis% .lt\" \/>\n<meta property=\"og:description\" content=\"High quality confectionery display Elsa S150 - Monaxis.lt. A stylish and functional confectionery display, suitable for both small and large rooms.\" \/>\n<meta property=\"og:url\" content=\"https:\/\/www.monaxis.lt\/en\/parduotuve\/confectionery-showcase-elsa-s150\/\" \/>\n<meta property=\"og:site_name\" content=\"Monaxis\" \/>\n<meta property=\"article:modified_time\" content=\"2026-03-21T14:17:46+00:00\" \/>\n<meta property=\"og:image\" content=\"https:\/\/www.monaxis.lt\/wp-content\/uploads\/2023\/02\/Konditerine-vitrina-150-1.webp\" \/>\n\t<meta property=\"og:image:width\" content=\"1000\" \/>\n\t<meta property=\"og:image:height\" content=\"1000\" \/>\n\t<meta property=\"og:image:type\" content=\"image\/webp\" \/>\n<meta name=\"twitter:card\" content=\"summary_large_image\" \/>\n<meta name=\"twitter:label1\" content=\"Est. reading time\" \/>\n\t<meta name=\"twitter:data1\" content=\"3 minutes\" \/>\n<script type=\"application\/ld+json\" class=\"yoast-schema-graph\">{\"@context\":\"https:\/\/schema.org\",\"@graph\":[{\"@type\":\"WebPage\",\"@id\":\"https:\/\/www.monaxis.lt\/en\/parduotuve\/confectionery-showcase-elsa-s150\/\",\"url\":\"https:\/\/www.monaxis.lt\/en\/parduotuve\/confectionery-showcase-elsa-s150\/\",\"name\":\"Confectionery showcase case Elsa S150 |% Refrigeration equipment |%Monaxis% .lt\",\"isPartOf\":{\"@id\":\"https:\/\/www.monaxis.lt\/en\/#website\"},\"primaryImageOfPage\":{\"@id\":\"https:\/\/www.monaxis.lt\/en\/parduotuve\/confectionery-showcase-elsa-s150\/#primaryimage\"},\"image\":{\"@id\":\"https:\/\/www.monaxis.lt\/en\/parduotuve\/confectionery-showcase-elsa-s150\/#primaryimage\"},\"thumbnailUrl\":\"https:\/\/www.monaxis.lt\/wp-content\/uploads\/2023\/02\/Konditerine-vitrina-150-1.webp\",\"datePublished\":\"2023-02-05T07:36:14+00:00\",\"dateModified\":\"2026-03-21T14:17:46+00:00\",\"description\":\"High quality confectionery display Elsa S150 - Monaxis.lt. A stylish and functional confectionery display, suitable for both small and large rooms.\",\"breadcrumb\":{\"@id\":\"https:\/\/www.monaxis.lt\/en\/parduotuve\/confectionery-showcase-elsa-s150\/#breadcrumb\"},\"inLanguage\":\"en-US\",\"potentialAction\":[{\"@type\":\"ReadAction\",\"target\":[\"https:\/\/www.monaxis.lt\/en\/parduotuve\/confectionery-showcase-elsa-s150\/\"]}]},{\"@type\":\"ImageObject\",\"inLanguage\":\"en-US\",\"@id\":\"https:\/\/www.monaxis.lt\/en\/parduotuve\/confectionery-showcase-elsa-s150\/#primaryimage\",\"url\":\"https:\/\/www.monaxis.lt\/wp-content\/uploads\/2023\/02\/Konditerine-vitrina-150-1.webp\",\"contentUrl\":\"https:\/\/www.monaxis.lt\/wp-content\/uploads\/2023\/02\/Konditerine-vitrina-150-1.webp\",\"width\":1000,\"height\":1000},{\"@type\":\"BreadcrumbList\",\"@id\":\"https:\/\/www.monaxis.lt\/en\/parduotuve\/confectionery-showcase-elsa-s150\/#breadcrumb\",\"itemListElement\":[{\"@type\":\"ListItem\",\"position\":1,\"name\":\"Pagrindinis\",\"item\":\"https:\/\/www.monaxis.lt\/en\/\"},{\"@type\":\"ListItem\",\"position\":2,\"name\":\"Shop\",\"item\":\"https:\/\/www.monaxis.lt\/en\/shop\/\"},{\"@type\":\"ListItem\",\"position\":3,\"name\":\"Prekybin\u0117 \u0161aldymo \u012franga\",\"item\":\"https:\/\/www.monaxis.lt\/produkto-kategorija\/prekybine-saldymo-iranga\/\"},{\"@type\":\"ListItem\",\"position\":4,\"name\":\"Pastry display ELSA S150 WHITE\"}]},{\"@type\":\"WebSite\",\"@id\":\"https:\/\/www.monaxis.lt\/en\/#website\",\"url\":\"https:\/\/www.monaxis.lt\/en\/\",\"name\":\"Monaxis\",\"description\":\"Prekybin\u0117, bei \u0161aldymo \u012franga\",\"publisher\":{\"@id\":\"https:\/\/www.monaxis.lt\/en\/#organization\"},\"potentialAction\":[{\"@type\":\"SearchAction\",\"target\":{\"@type\":\"EntryPoint\",\"urlTemplate\":\"https:\/\/www.monaxis.lt\/en\/?s={search_term_string}\"},\"query-input\":{\"@type\":\"PropertyValueSpecification\",\"valueRequired\":true,\"valueName\":\"search_term_string\"}}],\"inLanguage\":\"en-US\"},{\"@type\":\"Organization\",\"@id\":\"https:\/\/www.monaxis.lt\/en\/#organization\",\"name\":\"Monaxis\",\"url\":\"https:\/\/www.monaxis.lt\/en\/\",\"logo\":{\"@type\":\"ImageObject\",\"inLanguage\":\"en-US\",\"@id\":\"https:\/\/www.monaxis.lt\/en\/#\/schema\/logo\/image\/\",\"url\":\"https:\/\/www.monaxis.lt\/wp-content\/uploads\/2023\/03\/logo-1.png\",\"contentUrl\":\"https:\/\/www.monaxis.lt\/wp-content\/uploads\/2023\/03\/logo-1.png\",\"width\":205,\"height\":58,\"caption\":\"Monaxis\"},\"image\":{\"@id\":\"https:\/\/www.monaxis.lt\/en\/#\/schema\/logo\/image\/\"}}]}<\/script>\n<!-- \/ Yoast SEO plugin. -->","yoast_head_json":{"title":"Confectionery showcase case Elsa S150 |% Refrigeration equipment |%Monaxis% .lt","description":"High quality confectionery display Elsa S150 - Monaxis.lt. A stylish and functional confectionery display, suitable for both small and large rooms.","robots":{"index":"index","follow":"follow","max-snippet":"max-snippet:-1","max-image-preview":"max-image-preview:large","max-video-preview":"max-video-preview:-1"},"canonical":"https:\/\/www.monaxis.lt\/en\/parduotuve\/confectionery-showcase-elsa-s150\/","og_locale":"en_US","og_type":"article","og_title":"Confectionery showcase case Elsa S150 |% Refrigeration equipment |%Monaxis% .lt","og_description":"High quality confectionery display Elsa S150 - Monaxis.lt. A stylish and functional confectionery display, suitable for both small and large rooms.","og_url":"https:\/\/www.monaxis.lt\/en\/parduotuve\/confectionery-showcase-elsa-s150\/","og_site_name":"Monaxis","article_modified_time":"2026-03-21T14:17:46+00:00","og_image":[{"width":1000,"height":1000,"url":"https:\/\/www.monaxis.lt\/wp-content\/uploads\/2023\/02\/Konditerine-vitrina-150-1.webp","type":"image\/webp"}],"twitter_card":"summary_large_image","twitter_misc":{"Est. reading time":"3 minutes"},"schema":{"@context":"https:\/\/schema.org","@graph":[{"@type":"WebPage","@id":"https:\/\/www.monaxis.lt\/en\/parduotuve\/confectionery-showcase-elsa-s150\/","url":"https:\/\/www.monaxis.lt\/en\/parduotuve\/confectionery-showcase-elsa-s150\/","name":"Confectionery showcase case Elsa S150 |% Refrigeration equipment |%Monaxis% .lt","isPartOf":{"@id":"https:\/\/www.monaxis.lt\/en\/#website"},"primaryImageOfPage":{"@id":"https:\/\/www.monaxis.lt\/en\/parduotuve\/confectionery-showcase-elsa-s150\/#primaryimage"},"image":{"@id":"https:\/\/www.monaxis.lt\/en\/parduotuve\/confectionery-showcase-elsa-s150\/#primaryimage"},"thumbnailUrl":"https:\/\/www.monaxis.lt\/wp-content\/uploads\/2023\/02\/Konditerine-vitrina-150-1.webp","datePublished":"2023-02-05T07:36:14+00:00","dateModified":"2026-03-21T14:17:46+00:00","description":"High quality confectionery display Elsa S150 - Monaxis.lt. A stylish and functional confectionery display, suitable for both small and large rooms.","breadcrumb":{"@id":"https:\/\/www.monaxis.lt\/en\/parduotuve\/confectionery-showcase-elsa-s150\/#breadcrumb"},"inLanguage":"en-US","potentialAction":[{"@type":"ReadAction","target":["https:\/\/www.monaxis.lt\/en\/parduotuve\/confectionery-showcase-elsa-s150\/"]}]},{"@type":"ImageObject","inLanguage":"en-US","@id":"https:\/\/www.monaxis.lt\/en\/parduotuve\/confectionery-showcase-elsa-s150\/#primaryimage","url":"https:\/\/www.monaxis.lt\/wp-content\/uploads\/2023\/02\/Konditerine-vitrina-150-1.webp","contentUrl":"https:\/\/www.monaxis.lt\/wp-content\/uploads\/2023\/02\/Konditerine-vitrina-150-1.webp","width":1000,"height":1000},{"@type":"BreadcrumbList","@id":"https:\/\/www.monaxis.lt\/en\/parduotuve\/confectionery-showcase-elsa-s150\/#breadcrumb","itemListElement":[{"@type":"ListItem","position":1,"name":"Pagrindinis","item":"https:\/\/www.monaxis.lt\/en\/"},{"@type":"ListItem","position":2,"name":"Shop","item":"https:\/\/www.monaxis.lt\/en\/shop\/"},{"@type":"ListItem","position":3,"name":"Prekybin\u0117 \u0161aldymo \u012franga","item":"https:\/\/www.monaxis.lt\/produkto-kategorija\/prekybine-saldymo-iranga\/"},{"@type":"ListItem","position":4,"name":"Pastry display ELSA S150 WHITE"}]},{"@type":"WebSite","@id":"https:\/\/www.monaxis.lt\/en\/#website","url":"https:\/\/www.monaxis.lt\/en\/","name":"Monaxis","description":"Prekybin\u0117, bei \u0161aldymo \u012franga","publisher":{"@id":"https:\/\/www.monaxis.lt\/en\/#organization"},"potentialAction":[{"@type":"SearchAction","target":{"@type":"EntryPoint","urlTemplate":"https:\/\/www.monaxis.lt\/en\/?s={search_term_string}"},"query-input":{"@type":"PropertyValueSpecification","valueRequired":true,"valueName":"search_term_string"}}],"inLanguage":"en-US"},{"@type":"Organization","@id":"https:\/\/www.monaxis.lt\/en\/#organization","name":"Monaxis","url":"https:\/\/www.monaxis.lt\/en\/","logo":{"@type":"ImageObject","inLanguage":"en-US","@id":"https:\/\/www.monaxis.lt\/en\/#\/schema\/logo\/image\/","url":"https:\/\/www.monaxis.lt\/wp-content\/uploads\/2023\/03\/logo-1.png","contentUrl":"https:\/\/www.monaxis.lt\/wp-content\/uploads\/2023\/03\/logo-1.png","width":205,"height":58,"caption":"Monaxis"},"image":{"@id":"https:\/\/www.monaxis.lt\/en\/#\/schema\/logo\/image\/"}}]}},"_links":{"self":[{"href":"https:\/\/www.monaxis.lt\/en\/wp-json\/wp\/v2\/product\/9654","targetHints":{"allow":["GET"]}}],"collection":[{"href":"https:\/\/www.monaxis.lt\/en\/wp-json\/wp\/v2\/product"}],"about":[{"href":"https:\/\/www.monaxis.lt\/en\/wp-json\/wp\/v2\/types\/product"}],"replies":[{"embeddable":true,"href":"https:\/\/www.monaxis.lt\/en\/wp-json\/wp\/v2\/comments?post=9654"}],"wp:featuredmedia":[{"embeddable":true,"href":"https:\/\/www.monaxis.lt\/en\/wp-json\/wp\/v2\/media\/10582"}],"wp:attachment":[{"href":"https:\/\/www.monaxis.lt\/en\/wp-json\/wp\/v2\/media?parent=9654"}],"wp:term":[{"taxonomy":"product_brand","embeddable":true,"href":"https:\/\/www.monaxis.lt\/en\/wp-json\/wp\/v2\/product_brand?post=9654"},{"taxonomy":"product_cat","embeddable":true,"href":"https:\/\/www.monaxis.lt\/en\/wp-json\/wp\/v2\/product_cat?post=9654"},{"taxonomy":"product_tag","embeddable":true,"href":"https:\/\/www.monaxis.lt\/en\/wp-json\/wp\/v2\/product_tag?post=9654"}],"curies":[{"name":"wp","href":"https:\/\/api.w.org\/{rel}","templated":true}]}}