{"id":9655,"date":"2023-02-03T17:47:21","date_gmt":"2023-02-03T17:47:21","guid":{"rendered":"https:\/\/www.monaxis.lt\/parduotuve\/pastry-display-clara-s90\/"},"modified":"2026-03-21T16:17:37","modified_gmt":"2026-03-21T14:17:37","slug":"confectionery-showcase-clara-s90","status":"publish","type":"product","link":"https:\/\/www.monaxis.lt\/en\/parduotuve\/confectionery-showcase-clara-s90\/","title":{"rendered":"Confectionery showcase CLARA S90 WHITE"},"content":{"rendered":"<p>With our high quality Clara S90 confectionery display cabinets, you will add a luxury touch to your space and attract more customers! Pastry display cabinets are an essential tool for every pastry chef who wants to display their creations in style and elegance. Our Clara S90 confectionery display cabinets not only give your space a luxurious feel, but also perfectly display your sweets so that customers can&#8217;t resist.<\/p>\n<p>We offer fast delivery, competitive prices and a 12-month guarantee so you can enjoy our confectionery displays without any hassle. We also understand that attracting the attention of customers is paramount, which is why our Clara S90 confectionery display cabinets, with their elegant design and lighting, will create a unique environment that will catch the eye of customers and encourage them to make purchases.<\/p>\n<p>Trust in our reliable service and exclusive confectionery displays. Order the Clara S90 confectionery display cabinets and experience the luxury that will make your business stand out and attract more customers. We provide fast delivery, competitive prices and a 12-month guarantee so you can take care of your business without any hassle.<\/p>\n<p>Let your confectionery creations shine with our high quality Clara S90 confectionery display cabinets. These showcases not only add elegance and style to your space, but also help you attract attention and increase sales. We understand your needs and strive to provide you with the best service. Choose our Clara S90 confectionery display cabinets and see how they can transform your confectionery business.<\/p>\n<h4><strong>Advantages of the CLARA S90 pastry display case:<\/strong><\/h4>\n<p>Pastry display case with curved glass, made of double glass.<br \/>\nThe display space of the showcase shall maintain high cooling properties.<br \/>\nThe bottom of the camera is made of stainless steel plates that can be easily disassembled and washed.<br \/>\nInside the camera there is a vertical LED light that increases the exposure of the product.<br \/>\nShelving frame in stainless steel with reinforced construction and space for a price strip.<br \/>\nThe biscuit maker has three levels of height-adjustable glass shelves.<br \/>\nSliding doors with a double layer of toughened glass guarantee a reduction in cold loss.<br \/>\nHeight-adjustable feet and castors make it easy to move the unit to any location.<\/p>\n<p>Heated double windscreen to prevent dew.<br \/>\nDynamic cooling system ensures a uniform temperature throughout the chamber.<br \/>\nThe appliance is equipped with an automatic defrost function.<br \/>\nThe Dixell electronic control panel allows you to set the temperature in the range of +2 to +8 \u00b0C.<br \/>\nA digital display informs you about the current temperature inside the chamber.<br \/>\nThe efficient Secop compressor ensures proper efficiency and energy efficiency.<\/p>\n","protected":false},"excerpt":{"rendered":"<div class=\"product__parameter__name\"><strong><span class=\"product__parameter__name__text\"><img decoding=\"async\" class=\"alignnone wp-image-7601\" src=\"https:\/\/www.monaxis.lt\/wp-content\/uploads\/2023\/03\/delivery-1-150x150.png\" alt=\"\" width=\"23\" height=\"23\" srcset=\"https:\/\/www.monaxis.lt\/wp-content\/uploads\/2023\/03\/delivery-1-150x150.png 150w, https:\/\/www.monaxis.lt\/wp-content\/uploads\/2023\/03\/delivery-1-300x300.png 300w, https:\/\/www.monaxis.lt\/wp-content\/uploads\/2023\/03\/delivery-1.png 512w\" sizes=\"(max-width: 23px) 100vw, 23px\" \/> Delivery <\/span><\/strong><\/div>\n<div class=\"product__parameter__value\"><span class=\"product__parameter__value__text\" style=\"font-size: 75%;\">     <strong>   <span style=\"color: #999999;\"> 2-10 d.d.<\/span><\/strong><\/span><\/div>\n<div class=\"product__parameter__name\">\n<div class=\"product__parameter__value\">\n<hr>\n<\/div>\n<div>\n<div class=\"product__parameter__name\"><strong><span class=\"product__parameter__name__text\"><img decoding=\"async\" class=\"alignnone wp-image-7806\" style=\"color: #333333;\" src=\"https:\/\/www.monaxis.lt\/wp-content\/uploads\/2023\/01\/temperature-4.png\" alt=\"\" width=\"23\" height=\"23\"> Maintained temperature<\/span><\/strong><\/div>\n<div class=\"product__parameter__value\"><span class=\"product__parameter__value__text\" style=\"font-size: 75%;\">     <strong>   <span style=\"color: #999999;\">    <\/span><\/strong><\/span><span style=\"color: #999999;\"><strong><span style=\"font-size: 75%;\">(+2 \u00f7 +8 \u00b0C)<\/span><\/strong><\/span><\/div>\n<\/div>\n<div>\n<hr>\n<\/div>\n<div>\n<div class=\"product__parameter__name\"><strong><span class=\"product__parameter__name__text\"><img decoding=\"async\" class=\"alignnone wp-image-7807\" src=\"https:\/\/www.monaxis.lt\/wp-content\/uploads\/2023\/01\/refrigerant.png\" alt=\"\" width=\"23\" height=\"23\"> Refrigerant<\/span><\/strong><\/div>\n<div class=\"product__parameter__value\"><span class=\"product__parameter__value__text\" style=\"font-size: 75%;\">       <span style=\"color: #808080;\">  <span style=\"color: #999999;\"><strong>R290<\/strong><\/span><\/span><\/span><\/div>\n<\/div>\n<\/div>\n<div class=\"product__parameter__value\">\n<hr>\n<\/div>\n<p><strong><img decoding=\"async\" class=\"alignnone wp-image-7810\" src=\"https:\/\/www.monaxis.lt\/wp-content\/uploads\/2023\/01\/komplektuojama.png\" alt=\"\" width=\"23\" height=\"23\"> Comes with<\/strong><br \/>\n<strong><span style=\"font-size: 75%; color: #999999;\">  Pastry display cabinet &#8211; 1pc<\/span><\/strong><br \/>\n<strong><span style=\"font-size: 75%; color: #999999;\">  Shelves &#8211; 3 levels<\/span><\/strong><br \/>\n<strong><span style=\"font-size: 75%; color: #999999;\"> Warranty card<\/span><\/strong><br \/>\n<strong><span style=\"font-size: 75%; color: #999999;\"> Proof of purchase &#8211; Receipt \/ FV<\/span><\/strong><\/p>\n","protected":false},"featured_media":10874,"comment_status":"open","ping_status":"closed","template":"","meta":[],"product_brand":[],"product_cat":[172,67],"product_tag":[],"class_list":{"0":"post-9655","1":"product","2":"type-product","3":"status-publish","4":"has-post-thumbnail","6":"product_cat-confectionery-showcases","7":"product_cat-commercial-refrigeration-equipment-en","9":"first","10":"onbackorder","11":"taxable","12":"shipping-taxable","13":"product-type-simple"},"yoast_head":"<!-- This site is optimized with the Yoast SEO plugin v27.1.1 - https:\/\/yoast.com\/product\/yoast-seo-wordpress\/ -->\n<title>CLARA S90 confectionery display cabinets |% Refrigeration equipment | Monaxis% .lt<\/title>\n<meta name=\"description\" content=\"Add a touch of luxury to your retail space and attract more customers! Pastry display cabinets CLARA S90 Monaxis.lt\" \/>\n<meta name=\"robots\" content=\"index, follow, max-snippet:-1, max-image-preview:large, max-video-preview:-1\" \/>\n<link rel=\"canonical\" href=\"https:\/\/www.monaxis.lt\/en\/parduotuve\/confectionery-showcase-clara-s90\/\" \/>\n<meta property=\"og:locale\" content=\"en_US\" \/>\n<meta property=\"og:type\" content=\"article\" \/>\n<meta property=\"og:title\" content=\"CLARA S90 confectionery display cabinets |% Refrigeration equipment | Monaxis% .lt\" \/>\n<meta property=\"og:description\" content=\"Add a touch of luxury to your retail space and attract more customers! Pastry display cabinets CLARA S90 Monaxis.lt\" \/>\n<meta property=\"og:url\" content=\"https:\/\/www.monaxis.lt\/en\/parduotuve\/confectionery-showcase-clara-s90\/\" \/>\n<meta property=\"og:site_name\" content=\"Monaxis\" \/>\n<meta property=\"article:modified_time\" content=\"2026-03-21T14:17:37+00:00\" \/>\n<meta property=\"og:image\" content=\"https:\/\/www.monaxis.lt\/wp-content\/uploads\/2023\/02\/Konditerine-vitrina-1-4.webp\" \/>\n\t<meta property=\"og:image:width\" content=\"1000\" \/>\n\t<meta property=\"og:image:height\" content=\"1000\" \/>\n\t<meta property=\"og:image:type\" content=\"image\/webp\" \/>\n<meta name=\"twitter:card\" content=\"summary_large_image\" \/>\n<meta name=\"twitter:label1\" content=\"Est. reading time\" \/>\n\t<meta name=\"twitter:data1\" content=\"3 minutes\" \/>\n<script type=\"application\/ld+json\" class=\"yoast-schema-graph\">{\"@context\":\"https:\/\/schema.org\",\"@graph\":[{\"@type\":\"WebPage\",\"@id\":\"https:\/\/www.monaxis.lt\/en\/parduotuve\/confectionery-showcase-clara-s90\/\",\"url\":\"https:\/\/www.monaxis.lt\/en\/parduotuve\/confectionery-showcase-clara-s90\/\",\"name\":\"CLARA S90 confectionery display cabinets |% Refrigeration equipment | Monaxis% .lt\",\"isPartOf\":{\"@id\":\"https:\/\/www.monaxis.lt\/en\/#website\"},\"primaryImageOfPage\":{\"@id\":\"https:\/\/www.monaxis.lt\/en\/parduotuve\/confectionery-showcase-clara-s90\/#primaryimage\"},\"image\":{\"@id\":\"https:\/\/www.monaxis.lt\/en\/parduotuve\/confectionery-showcase-clara-s90\/#primaryimage\"},\"thumbnailUrl\":\"https:\/\/www.monaxis.lt\/wp-content\/uploads\/2023\/02\/Konditerine-vitrina-1-4.webp\",\"datePublished\":\"2023-02-03T17:47:21+00:00\",\"dateModified\":\"2026-03-21T14:17:37+00:00\",\"description\":\"Add a touch of luxury to your retail space and attract more customers! Pastry display cabinets CLARA S90 Monaxis.lt\",\"breadcrumb\":{\"@id\":\"https:\/\/www.monaxis.lt\/en\/parduotuve\/confectionery-showcase-clara-s90\/#breadcrumb\"},\"inLanguage\":\"en-US\",\"potentialAction\":[{\"@type\":\"ReadAction\",\"target\":[\"https:\/\/www.monaxis.lt\/en\/parduotuve\/confectionery-showcase-clara-s90\/\"]}]},{\"@type\":\"ImageObject\",\"inLanguage\":\"en-US\",\"@id\":\"https:\/\/www.monaxis.lt\/en\/parduotuve\/confectionery-showcase-clara-s90\/#primaryimage\",\"url\":\"https:\/\/www.monaxis.lt\/wp-content\/uploads\/2023\/02\/Konditerine-vitrina-1-4.webp\",\"contentUrl\":\"https:\/\/www.monaxis.lt\/wp-content\/uploads\/2023\/02\/Konditerine-vitrina-1-4.webp\",\"width\":1000,\"height\":1000},{\"@type\":\"BreadcrumbList\",\"@id\":\"https:\/\/www.monaxis.lt\/en\/parduotuve\/confectionery-showcase-clara-s90\/#breadcrumb\",\"itemListElement\":[{\"@type\":\"ListItem\",\"position\":1,\"name\":\"Pagrindinis\",\"item\":\"https:\/\/www.monaxis.lt\/en\/\"},{\"@type\":\"ListItem\",\"position\":2,\"name\":\"Shop\",\"item\":\"https:\/\/www.monaxis.lt\/en\/shop\/\"},{\"@type\":\"ListItem\",\"position\":3,\"name\":\"Prekybin\u0117 \u0161aldymo \u012franga\",\"item\":\"https:\/\/www.monaxis.lt\/produkto-kategorija\/prekybine-saldymo-iranga\/\"},{\"@type\":\"ListItem\",\"position\":4,\"name\":\"Confectionery showcase CLARA S90 WHITE\"}]},{\"@type\":\"WebSite\",\"@id\":\"https:\/\/www.monaxis.lt\/en\/#website\",\"url\":\"https:\/\/www.monaxis.lt\/en\/\",\"name\":\"Monaxis\",\"description\":\"Prekybin\u0117, bei \u0161aldymo \u012franga\",\"publisher\":{\"@id\":\"https:\/\/www.monaxis.lt\/en\/#organization\"},\"potentialAction\":[{\"@type\":\"SearchAction\",\"target\":{\"@type\":\"EntryPoint\",\"urlTemplate\":\"https:\/\/www.monaxis.lt\/en\/?s={search_term_string}\"},\"query-input\":{\"@type\":\"PropertyValueSpecification\",\"valueRequired\":true,\"valueName\":\"search_term_string\"}}],\"inLanguage\":\"en-US\"},{\"@type\":\"Organization\",\"@id\":\"https:\/\/www.monaxis.lt\/en\/#organization\",\"name\":\"Monaxis\",\"url\":\"https:\/\/www.monaxis.lt\/en\/\",\"logo\":{\"@type\":\"ImageObject\",\"inLanguage\":\"en-US\",\"@id\":\"https:\/\/www.monaxis.lt\/en\/#\/schema\/logo\/image\/\",\"url\":\"https:\/\/www.monaxis.lt\/wp-content\/uploads\/2023\/03\/logo-1.png\",\"contentUrl\":\"https:\/\/www.monaxis.lt\/wp-content\/uploads\/2023\/03\/logo-1.png\",\"width\":205,\"height\":58,\"caption\":\"Monaxis\"},\"image\":{\"@id\":\"https:\/\/www.monaxis.lt\/en\/#\/schema\/logo\/image\/\"}}]}<\/script>\n<!-- \/ Yoast SEO plugin. -->","yoast_head_json":{"title":"CLARA S90 confectionery display cabinets |% Refrigeration equipment | Monaxis% .lt","description":"Add a touch of luxury to your retail space and attract more customers! Pastry display cabinets CLARA S90 Monaxis.lt","robots":{"index":"index","follow":"follow","max-snippet":"max-snippet:-1","max-image-preview":"max-image-preview:large","max-video-preview":"max-video-preview:-1"},"canonical":"https:\/\/www.monaxis.lt\/en\/parduotuve\/confectionery-showcase-clara-s90\/","og_locale":"en_US","og_type":"article","og_title":"CLARA S90 confectionery display cabinets |% Refrigeration equipment | Monaxis% .lt","og_description":"Add a touch of luxury to your retail space and attract more customers! Pastry display cabinets CLARA S90 Monaxis.lt","og_url":"https:\/\/www.monaxis.lt\/en\/parduotuve\/confectionery-showcase-clara-s90\/","og_site_name":"Monaxis","article_modified_time":"2026-03-21T14:17:37+00:00","og_image":[{"width":1000,"height":1000,"url":"https:\/\/www.monaxis.lt\/wp-content\/uploads\/2023\/02\/Konditerine-vitrina-1-4.webp","type":"image\/webp"}],"twitter_card":"summary_large_image","twitter_misc":{"Est. reading time":"3 minutes"},"schema":{"@context":"https:\/\/schema.org","@graph":[{"@type":"WebPage","@id":"https:\/\/www.monaxis.lt\/en\/parduotuve\/confectionery-showcase-clara-s90\/","url":"https:\/\/www.monaxis.lt\/en\/parduotuve\/confectionery-showcase-clara-s90\/","name":"CLARA S90 confectionery display cabinets |% Refrigeration equipment | Monaxis% .lt","isPartOf":{"@id":"https:\/\/www.monaxis.lt\/en\/#website"},"primaryImageOfPage":{"@id":"https:\/\/www.monaxis.lt\/en\/parduotuve\/confectionery-showcase-clara-s90\/#primaryimage"},"image":{"@id":"https:\/\/www.monaxis.lt\/en\/parduotuve\/confectionery-showcase-clara-s90\/#primaryimage"},"thumbnailUrl":"https:\/\/www.monaxis.lt\/wp-content\/uploads\/2023\/02\/Konditerine-vitrina-1-4.webp","datePublished":"2023-02-03T17:47:21+00:00","dateModified":"2026-03-21T14:17:37+00:00","description":"Add a touch of luxury to your retail space and attract more customers! Pastry display cabinets CLARA S90 Monaxis.lt","breadcrumb":{"@id":"https:\/\/www.monaxis.lt\/en\/parduotuve\/confectionery-showcase-clara-s90\/#breadcrumb"},"inLanguage":"en-US","potentialAction":[{"@type":"ReadAction","target":["https:\/\/www.monaxis.lt\/en\/parduotuve\/confectionery-showcase-clara-s90\/"]}]},{"@type":"ImageObject","inLanguage":"en-US","@id":"https:\/\/www.monaxis.lt\/en\/parduotuve\/confectionery-showcase-clara-s90\/#primaryimage","url":"https:\/\/www.monaxis.lt\/wp-content\/uploads\/2023\/02\/Konditerine-vitrina-1-4.webp","contentUrl":"https:\/\/www.monaxis.lt\/wp-content\/uploads\/2023\/02\/Konditerine-vitrina-1-4.webp","width":1000,"height":1000},{"@type":"BreadcrumbList","@id":"https:\/\/www.monaxis.lt\/en\/parduotuve\/confectionery-showcase-clara-s90\/#breadcrumb","itemListElement":[{"@type":"ListItem","position":1,"name":"Pagrindinis","item":"https:\/\/www.monaxis.lt\/en\/"},{"@type":"ListItem","position":2,"name":"Shop","item":"https:\/\/www.monaxis.lt\/en\/shop\/"},{"@type":"ListItem","position":3,"name":"Prekybin\u0117 \u0161aldymo \u012franga","item":"https:\/\/www.monaxis.lt\/produkto-kategorija\/prekybine-saldymo-iranga\/"},{"@type":"ListItem","position":4,"name":"Confectionery showcase CLARA S90 WHITE"}]},{"@type":"WebSite","@id":"https:\/\/www.monaxis.lt\/en\/#website","url":"https:\/\/www.monaxis.lt\/en\/","name":"Monaxis","description":"Prekybin\u0117, bei \u0161aldymo \u012franga","publisher":{"@id":"https:\/\/www.monaxis.lt\/en\/#organization"},"potentialAction":[{"@type":"SearchAction","target":{"@type":"EntryPoint","urlTemplate":"https:\/\/www.monaxis.lt\/en\/?s={search_term_string}"},"query-input":{"@type":"PropertyValueSpecification","valueRequired":true,"valueName":"search_term_string"}}],"inLanguage":"en-US"},{"@type":"Organization","@id":"https:\/\/www.monaxis.lt\/en\/#organization","name":"Monaxis","url":"https:\/\/www.monaxis.lt\/en\/","logo":{"@type":"ImageObject","inLanguage":"en-US","@id":"https:\/\/www.monaxis.lt\/en\/#\/schema\/logo\/image\/","url":"https:\/\/www.monaxis.lt\/wp-content\/uploads\/2023\/03\/logo-1.png","contentUrl":"https:\/\/www.monaxis.lt\/wp-content\/uploads\/2023\/03\/logo-1.png","width":205,"height":58,"caption":"Monaxis"},"image":{"@id":"https:\/\/www.monaxis.lt\/en\/#\/schema\/logo\/image\/"}}]}},"_links":{"self":[{"href":"https:\/\/www.monaxis.lt\/en\/wp-json\/wp\/v2\/product\/9655","targetHints":{"allow":["GET"]}}],"collection":[{"href":"https:\/\/www.monaxis.lt\/en\/wp-json\/wp\/v2\/product"}],"about":[{"href":"https:\/\/www.monaxis.lt\/en\/wp-json\/wp\/v2\/types\/product"}],"replies":[{"embeddable":true,"href":"https:\/\/www.monaxis.lt\/en\/wp-json\/wp\/v2\/comments?post=9655"}],"wp:featuredmedia":[{"embeddable":true,"href":"https:\/\/www.monaxis.lt\/en\/wp-json\/wp\/v2\/media\/10874"}],"wp:attachment":[{"href":"https:\/\/www.monaxis.lt\/en\/wp-json\/wp\/v2\/media?parent=9655"}],"wp:term":[{"taxonomy":"product_brand","embeddable":true,"href":"https:\/\/www.monaxis.lt\/en\/wp-json\/wp\/v2\/product_brand?post=9655"},{"taxonomy":"product_cat","embeddable":true,"href":"https:\/\/www.monaxis.lt\/en\/wp-json\/wp\/v2\/product_cat?post=9655"},{"taxonomy":"product_tag","embeddable":true,"href":"https:\/\/www.monaxis.lt\/en\/wp-json\/wp\/v2\/product_tag?post=9655"}],"curies":[{"name":"wp","href":"https:\/\/api.w.org\/{rel}","templated":true}]}}