{"id":9677,"date":"2023-01-31T07:52:37","date_gmt":"2023-01-31T05:52:37","guid":{"rendered":"https:\/\/www.monaxis.lt\/parduotuve\/refrigeration-wall-diego-r168-prestige-white\/"},"modified":"2026-03-21T16:17:34","modified_gmt":"2026-03-21T14:17:34","slug":"refrigerated-display-cabinets-diego-r168","status":"publish","type":"product","link":"https:\/\/www.monaxis.lt\/en\/parduotuve\/refrigerated-display-cabinets-diego-r168\/","title":{"rendered":"Refrigerated display cabinet DIEGO R168 Prestige White"},"content":{"rendered":"<p>The Diego R168 is the perfect choice for industrial refrigeration applications. These refrigeration units not only meet high standards of efficiency and functionality, but also help boost business sales. With LED lighting, glass doors and a large storage volume, you can add value to your business.<\/p>\n<p>One of the advantages of these refrigerated display cabinets is LED lighting, which provides a bright and energy-efficient light source. This not only improves the visual presentation of the goods, but also gives you the opportunity to attract the attention of customers.<\/p>\n<p>The Diego R168 also has a large storage volume, which allows you to organise your goods conveniently and efficiently. This is important, especially if you have a wide variety of products that require proper storage. For your business, this means increased productivity and efficiency.<\/p>\n<p>In addition, the Diego R168 is an energy-efficient appliance. This is not only important from a cost-cutting point of view, but also from an environmental perspective. Saving energy is not only the responsible thing to do, but it also helps reduce the environmental impact of your business activities.<\/p>\n<p>All of these benefits have a significant impact on business sales. The Diego R168 Refrigerated Display Units give you the opportunity to efficiently display your goods, improve their visibility and maintain the right temperature, while showing your professionalism and impressing your customers with their modern design and functionality. This is a great choice to help you grow and develop your business in the food retail industry.<\/p>\n<h4><strong>Advantages of the DIEGO R168 refrigerated display cabinet<\/strong><\/h4>\n<p>DIEGO R168 Refrigeration units are extremely durable<br \/>\nThe display area of the showcase is made in a frameless Full Glass version.<br \/>\nThe stainless steel door handles give the showcase a contemporary finish.<br \/>\nThe housing and interior of the chamber are powder-coated, making it easier to keep clean.<br \/>\nTop and vertical LED lighting on both sides of the door to increase product exposure.<br \/>\nThe shelves with reinforced construction are height-adjustable and plastic-coated.<br \/>\nDoors with a double layer of toughened glass prevent loss of cooling properties.<br \/>\nHigh-quality insulation in the refrigeration housing ensures low electricity consumption.<br \/>\nThe self-closing door ensures proper temperature maintenance.<br \/>\nThe wheels with brake allow easy transport.<br \/>\nThe front compressor is mounted at the bottom of the chamber, making the unit extremely compact and good-looking<br \/>\nThe unit is 230V, making it very easy to start up<br \/>\nThe dynamic cooling system ensures a uniform temperature throughout the chamber.<br \/>\nCarel&#8217;s electronic control panel allows you to set the temperature between 0 and +10 \u00b0C.<br \/>\nA digital display shows the current temperature inside the chamber.<br \/>\nThe efficient Secop compressor ensures adequate efficiency and energy efficiency.<br \/>\nThe product comes with a 12-month warranty.<br \/>\nWe deliver equipment throughout Lithuania<\/p>\n","protected":false},"excerpt":{"rendered":"<div class=\"product__parameter__name\"><strong><span class=\"product__parameter__name__text\"><img decoding=\"async\" class=\"alignnone wp-image-7601\" src=\"https:\/\/www.monaxis.lt\/wp-content\/uploads\/2023\/03\/delivery-1-150x150.png\" alt=\"\" width=\"23\" height=\"23\" srcset=\"https:\/\/www.monaxis.lt\/wp-content\/uploads\/2023\/03\/delivery-1-150x150.png 150w, https:\/\/www.monaxis.lt\/wp-content\/uploads\/2023\/03\/delivery-1-300x300.png 300w, https:\/\/www.monaxis.lt\/wp-content\/uploads\/2023\/03\/delivery-1.png 512w\" sizes=\"(max-width: 23px) 100vw, 23px\" \/> Delivery <\/span><\/strong><\/div>\n<div class=\"product__parameter__value\"><span class=\"product__parameter__value__text\" style=\"font-size: 75%;\">     <strong>   <span style=\"color: #999999;\"> 2-10 d.d.<\/span><\/strong><\/span><\/div>\n<div class=\"product__parameter__name\">\n<div class=\"product__parameter__value\">\n<hr>\n<\/div>\n<div>\n<div class=\"product__parameter__name\"><strong><span class=\"product__parameter__name__text\"><img decoding=\"async\" class=\"alignnone wp-image-7806\" style=\"color: #333333;\" src=\"https:\/\/www.monaxis.lt\/wp-content\/uploads\/2023\/01\/temperature-4.png\" alt=\"\" width=\"23\" height=\"23\"> Maintained temperature<\/span><\/strong><\/div>\n<div class=\"product__parameter__value\"><span class=\"product__parameter__value__text\" style=\"font-size: 75%;\">     <strong>   <span style=\"color: #999999;\">    <\/span><\/strong><\/span><span style=\"color: #999999;\"><strong><span style=\"font-size: 75%;\">(0 \u00f7 +10 \u00b0C)<\/span><\/strong><\/span><\/div>\n<\/div>\n<div>\n<hr>\n<\/div>\n<div>\n<div class=\"product__parameter__name\"><strong><span class=\"product__parameter__name__text\"><img decoding=\"async\" class=\"alignnone wp-image-7807\" src=\"https:\/\/www.monaxis.lt\/wp-content\/uploads\/2023\/01\/refrigerant.png\" alt=\"\" width=\"23\" height=\"23\"> Refrigerant<\/span><\/strong><\/div>\n<div class=\"product__parameter__value\"><span class=\"product__parameter__value__text\" style=\"font-size: 75%;\">       <span style=\"color: #808080;\">  <span style=\"color: #999999;\"><strong>R290<\/strong><\/span><\/span><\/span><\/div>\n<\/div>\n<\/div>\n<div class=\"product__parameter__value\">\n<hr>\n<\/div>\n<p><strong><img decoding=\"async\" class=\"alignnone wp-image-7810\" src=\"https:\/\/www.monaxis.lt\/wp-content\/uploads\/2023\/01\/komplektuojama.png\" alt=\"\" width=\"23\" height=\"23\"> Comes with<\/strong><br \/>\n<strong><span style=\"font-size: 75%; color: #999999;\">  Refrigerated 3-door cupboard<\/span><\/strong><br \/>\n<strong><span style=\"font-size: 75%; color: #999999;\">  Shelves &#8211; 15pcs<\/span><\/strong><br \/>\n<strong><span style=\"font-size: 75%; color: #999999;\">  Shelf partitions &#8211; 15 pcs<\/span><\/strong><br \/>\n<strong><span style=\"font-size: 75%; color: #999999;\">  Price strips &#8211; 15 pcs<\/span><\/strong><br \/>\n<strong><span style=\"font-size: 75%; color: #999999;\"> Warranty card<\/span><\/strong><br \/>\n<strong><span style=\"font-size: 75%; color: #999999;\"> Proof of purchase &#8211; Receipt \/ FV<\/span><\/strong><\/p>\n","protected":false},"featured_media":8453,"comment_status":"open","ping_status":"closed","template":"","meta":[],"product_brand":[],"product_cat":[138,67],"product_tag":[],"class_list":{"0":"post-9677","1":"product","2":"type-product","3":"status-publish","4":"has-post-thumbnail","6":"product_cat-showcase-refrigerators","7":"product_cat-commercial-refrigeration-equipment-en","8":"pa_aukstis-200cm-en","9":"pa_bukle-new-en","10":"pa_ilgis-168cm-en","11":"pa_plotis-63cm-en","12":"pa_talpa-1180l-en","13":"pa_temperaturos-diapazonas-c-0c-10c-en","15":"first","16":"outofstock","17":"taxable","18":"shipping-taxable","19":"purchasable","20":"product-type-simple"},"yoast_head":"<!-- This site is optimized with the Yoast SEO plugin v27.1.1 - https:\/\/yoast.com\/product\/yoast-seo-wordpress\/ -->\n<title>Refrigeration display cabinet sDIEGO R168 |% Refrigeration equipment | Monaxis.lt<\/title>\n<meta name=\"description\" content=\"Stylish refrigeration accessories in the online shop Monaxis.lt High quality commercial refrigeration equipment at affordable prices.\" \/>\n<meta name=\"robots\" content=\"index, follow, max-snippet:-1, max-image-preview:large, max-video-preview:-1\" \/>\n<link rel=\"canonical\" href=\"https:\/\/www.monaxis.lt\/en\/parduotuve\/refrigerated-display-cabinets-diego-r168\/\" \/>\n<meta property=\"og:locale\" content=\"en_US\" \/>\n<meta property=\"og:type\" content=\"article\" \/>\n<meta property=\"og:title\" content=\"Refrigeration display cabinet sDIEGO R168 |% Refrigeration equipment | Monaxis.lt\" \/>\n<meta property=\"og:description\" content=\"Stylish refrigeration accessories in the online shop Monaxis.lt High quality commercial refrigeration equipment at affordable prices.\" \/>\n<meta property=\"og:url\" content=\"https:\/\/www.monaxis.lt\/en\/parduotuve\/refrigerated-display-cabinets-diego-r168\/\" \/>\n<meta property=\"og:site_name\" content=\"Monaxis\" \/>\n<meta property=\"article:modified_time\" content=\"2026-03-21T14:17:34+00:00\" \/>\n<meta property=\"og:image\" content=\"https:\/\/www.monaxis.lt\/wp-content\/uploads\/2023\/01\/1-IMG_1715-kopia.png\" \/>\n\t<meta property=\"og:image:width\" content=\"2500\" \/>\n\t<meta property=\"og:image:height\" content=\"2500\" \/>\n\t<meta property=\"og:image:type\" content=\"image\/png\" \/>\n<meta name=\"twitter:card\" content=\"summary_large_image\" \/>\n<meta name=\"twitter:label1\" content=\"Est. reading time\" \/>\n\t<meta name=\"twitter:data1\" content=\"3 minutes\" \/>\n<script type=\"application\/ld+json\" class=\"yoast-schema-graph\">{\"@context\":\"https:\/\/schema.org\",\"@graph\":[{\"@type\":\"WebPage\",\"@id\":\"https:\/\/www.monaxis.lt\/en\/parduotuve\/refrigerated-display-cabinets-diego-r168\/\",\"url\":\"https:\/\/www.monaxis.lt\/en\/parduotuve\/refrigerated-display-cabinets-diego-r168\/\",\"name\":\"Refrigeration display cabinet sDIEGO R168 |% Refrigeration equipment | Monaxis.lt\",\"isPartOf\":{\"@id\":\"https:\/\/www.monaxis.lt\/en\/#website\"},\"primaryImageOfPage\":{\"@id\":\"https:\/\/www.monaxis.lt\/en\/parduotuve\/refrigerated-display-cabinets-diego-r168\/#primaryimage\"},\"image\":{\"@id\":\"https:\/\/www.monaxis.lt\/en\/parduotuve\/refrigerated-display-cabinets-diego-r168\/#primaryimage\"},\"thumbnailUrl\":\"https:\/\/www.monaxis.lt\/wp-content\/uploads\/2023\/01\/1-IMG_1715-kopia.png\",\"datePublished\":\"2023-01-31T05:52:37+00:00\",\"dateModified\":\"2026-03-21T14:17:34+00:00\",\"description\":\"Stylish refrigeration accessories in the online shop Monaxis.lt High quality commercial refrigeration equipment at affordable prices.\",\"breadcrumb\":{\"@id\":\"https:\/\/www.monaxis.lt\/en\/parduotuve\/refrigerated-display-cabinets-diego-r168\/#breadcrumb\"},\"inLanguage\":\"en-US\",\"potentialAction\":[{\"@type\":\"ReadAction\",\"target\":[\"https:\/\/www.monaxis.lt\/en\/parduotuve\/refrigerated-display-cabinets-diego-r168\/\"]}]},{\"@type\":\"ImageObject\",\"inLanguage\":\"en-US\",\"@id\":\"https:\/\/www.monaxis.lt\/en\/parduotuve\/refrigerated-display-cabinets-diego-r168\/#primaryimage\",\"url\":\"https:\/\/www.monaxis.lt\/wp-content\/uploads\/2023\/01\/1-IMG_1715-kopia.png\",\"contentUrl\":\"https:\/\/www.monaxis.lt\/wp-content\/uploads\/2023\/01\/1-IMG_1715-kopia.png\",\"width\":2500,\"height\":2500},{\"@type\":\"BreadcrumbList\",\"@id\":\"https:\/\/www.monaxis.lt\/en\/parduotuve\/refrigerated-display-cabinets-diego-r168\/#breadcrumb\",\"itemListElement\":[{\"@type\":\"ListItem\",\"position\":1,\"name\":\"Pagrindinis\",\"item\":\"https:\/\/www.monaxis.lt\/en\/\"},{\"@type\":\"ListItem\",\"position\":2,\"name\":\"Shop\",\"item\":\"https:\/\/www.monaxis.lt\/en\/shop\/\"},{\"@type\":\"ListItem\",\"position\":3,\"name\":\"Commercial refrigeration equipment\",\"item\":\"https:\/\/www.monaxis.lt\/en\/produkto-kategorija\/commercial-refrigeration-equipment-en\/\"},{\"@type\":\"ListItem\",\"position\":4,\"name\":\"Showcase refrigerators\",\"item\":\"https:\/\/www.monaxis.lt\/en\/produkto-kategorija\/commercial-refrigeration-equipment-en\/showcase-refrigerators\/\"},{\"@type\":\"ListItem\",\"position\":5,\"name\":\"Refrigeration equipment\"}]},{\"@type\":\"WebSite\",\"@id\":\"https:\/\/www.monaxis.lt\/en\/#website\",\"url\":\"https:\/\/www.monaxis.lt\/en\/\",\"name\":\"Monaxis\",\"description\":\"Prekybin\u0117, bei \u0161aldymo \u012franga\",\"publisher\":{\"@id\":\"https:\/\/www.monaxis.lt\/en\/#organization\"},\"potentialAction\":[{\"@type\":\"SearchAction\",\"target\":{\"@type\":\"EntryPoint\",\"urlTemplate\":\"https:\/\/www.monaxis.lt\/en\/?s={search_term_string}\"},\"query-input\":{\"@type\":\"PropertyValueSpecification\",\"valueRequired\":true,\"valueName\":\"search_term_string\"}}],\"inLanguage\":\"en-US\"},{\"@type\":\"Organization\",\"@id\":\"https:\/\/www.monaxis.lt\/en\/#organization\",\"name\":\"Monaxis\",\"url\":\"https:\/\/www.monaxis.lt\/en\/\",\"logo\":{\"@type\":\"ImageObject\",\"inLanguage\":\"en-US\",\"@id\":\"https:\/\/www.monaxis.lt\/en\/#\/schema\/logo\/image\/\",\"url\":\"https:\/\/www.monaxis.lt\/wp-content\/uploads\/2023\/03\/logo-1.png\",\"contentUrl\":\"https:\/\/www.monaxis.lt\/wp-content\/uploads\/2023\/03\/logo-1.png\",\"width\":205,\"height\":58,\"caption\":\"Monaxis\"},\"image\":{\"@id\":\"https:\/\/www.monaxis.lt\/en\/#\/schema\/logo\/image\/\"}}]}<\/script>\n<!-- \/ Yoast SEO plugin. -->","yoast_head_json":{"title":"Refrigeration display cabinet sDIEGO R168 |% Refrigeration equipment | Monaxis.lt","description":"Stylish refrigeration accessories in the online shop Monaxis.lt High quality commercial refrigeration equipment at affordable prices.","robots":{"index":"index","follow":"follow","max-snippet":"max-snippet:-1","max-image-preview":"max-image-preview:large","max-video-preview":"max-video-preview:-1"},"canonical":"https:\/\/www.monaxis.lt\/en\/parduotuve\/refrigerated-display-cabinets-diego-r168\/","og_locale":"en_US","og_type":"article","og_title":"Refrigeration display cabinet sDIEGO R168 |% Refrigeration equipment | Monaxis.lt","og_description":"Stylish refrigeration accessories in the online shop Monaxis.lt High quality commercial refrigeration equipment at affordable prices.","og_url":"https:\/\/www.monaxis.lt\/en\/parduotuve\/refrigerated-display-cabinets-diego-r168\/","og_site_name":"Monaxis","article_modified_time":"2026-03-21T14:17:34+00:00","og_image":[{"width":2500,"height":2500,"url":"https:\/\/www.monaxis.lt\/wp-content\/uploads\/2023\/01\/1-IMG_1715-kopia.png","type":"image\/png"}],"twitter_card":"summary_large_image","twitter_misc":{"Est. reading time":"3 minutes"},"schema":{"@context":"https:\/\/schema.org","@graph":[{"@type":"WebPage","@id":"https:\/\/www.monaxis.lt\/en\/parduotuve\/refrigerated-display-cabinets-diego-r168\/","url":"https:\/\/www.monaxis.lt\/en\/parduotuve\/refrigerated-display-cabinets-diego-r168\/","name":"Refrigeration display cabinet sDIEGO R168 |% Refrigeration equipment | Monaxis.lt","isPartOf":{"@id":"https:\/\/www.monaxis.lt\/en\/#website"},"primaryImageOfPage":{"@id":"https:\/\/www.monaxis.lt\/en\/parduotuve\/refrigerated-display-cabinets-diego-r168\/#primaryimage"},"image":{"@id":"https:\/\/www.monaxis.lt\/en\/parduotuve\/refrigerated-display-cabinets-diego-r168\/#primaryimage"},"thumbnailUrl":"https:\/\/www.monaxis.lt\/wp-content\/uploads\/2023\/01\/1-IMG_1715-kopia.png","datePublished":"2023-01-31T05:52:37+00:00","dateModified":"2026-03-21T14:17:34+00:00","description":"Stylish refrigeration accessories in the online shop Monaxis.lt High quality commercial refrigeration equipment at affordable prices.","breadcrumb":{"@id":"https:\/\/www.monaxis.lt\/en\/parduotuve\/refrigerated-display-cabinets-diego-r168\/#breadcrumb"},"inLanguage":"en-US","potentialAction":[{"@type":"ReadAction","target":["https:\/\/www.monaxis.lt\/en\/parduotuve\/refrigerated-display-cabinets-diego-r168\/"]}]},{"@type":"ImageObject","inLanguage":"en-US","@id":"https:\/\/www.monaxis.lt\/en\/parduotuve\/refrigerated-display-cabinets-diego-r168\/#primaryimage","url":"https:\/\/www.monaxis.lt\/wp-content\/uploads\/2023\/01\/1-IMG_1715-kopia.png","contentUrl":"https:\/\/www.monaxis.lt\/wp-content\/uploads\/2023\/01\/1-IMG_1715-kopia.png","width":2500,"height":2500},{"@type":"BreadcrumbList","@id":"https:\/\/www.monaxis.lt\/en\/parduotuve\/refrigerated-display-cabinets-diego-r168\/#breadcrumb","itemListElement":[{"@type":"ListItem","position":1,"name":"Pagrindinis","item":"https:\/\/www.monaxis.lt\/en\/"},{"@type":"ListItem","position":2,"name":"Shop","item":"https:\/\/www.monaxis.lt\/en\/shop\/"},{"@type":"ListItem","position":3,"name":"Commercial refrigeration equipment","item":"https:\/\/www.monaxis.lt\/en\/produkto-kategorija\/commercial-refrigeration-equipment-en\/"},{"@type":"ListItem","position":4,"name":"Showcase refrigerators","item":"https:\/\/www.monaxis.lt\/en\/produkto-kategorija\/commercial-refrigeration-equipment-en\/showcase-refrigerators\/"},{"@type":"ListItem","position":5,"name":"Refrigeration equipment"}]},{"@type":"WebSite","@id":"https:\/\/www.monaxis.lt\/en\/#website","url":"https:\/\/www.monaxis.lt\/en\/","name":"Monaxis","description":"Prekybin\u0117, bei \u0161aldymo \u012franga","publisher":{"@id":"https:\/\/www.monaxis.lt\/en\/#organization"},"potentialAction":[{"@type":"SearchAction","target":{"@type":"EntryPoint","urlTemplate":"https:\/\/www.monaxis.lt\/en\/?s={search_term_string}"},"query-input":{"@type":"PropertyValueSpecification","valueRequired":true,"valueName":"search_term_string"}}],"inLanguage":"en-US"},{"@type":"Organization","@id":"https:\/\/www.monaxis.lt\/en\/#organization","name":"Monaxis","url":"https:\/\/www.monaxis.lt\/en\/","logo":{"@type":"ImageObject","inLanguage":"en-US","@id":"https:\/\/www.monaxis.lt\/en\/#\/schema\/logo\/image\/","url":"https:\/\/www.monaxis.lt\/wp-content\/uploads\/2023\/03\/logo-1.png","contentUrl":"https:\/\/www.monaxis.lt\/wp-content\/uploads\/2023\/03\/logo-1.png","width":205,"height":58,"caption":"Monaxis"},"image":{"@id":"https:\/\/www.monaxis.lt\/en\/#\/schema\/logo\/image\/"}}]}},"_links":{"self":[{"href":"https:\/\/www.monaxis.lt\/en\/wp-json\/wp\/v2\/product\/9677","targetHints":{"allow":["GET"]}}],"collection":[{"href":"https:\/\/www.monaxis.lt\/en\/wp-json\/wp\/v2\/product"}],"about":[{"href":"https:\/\/www.monaxis.lt\/en\/wp-json\/wp\/v2\/types\/product"}],"replies":[{"embeddable":true,"href":"https:\/\/www.monaxis.lt\/en\/wp-json\/wp\/v2\/comments?post=9677"}],"wp:featuredmedia":[{"embeddable":true,"href":"https:\/\/www.monaxis.lt\/en\/wp-json\/wp\/v2\/media\/8453"}],"wp:attachment":[{"href":"https:\/\/www.monaxis.lt\/en\/wp-json\/wp\/v2\/media?parent=9677"}],"wp:term":[{"taxonomy":"product_brand","embeddable":true,"href":"https:\/\/www.monaxis.lt\/en\/wp-json\/wp\/v2\/product_brand?post=9677"},{"taxonomy":"product_cat","embeddable":true,"href":"https:\/\/www.monaxis.lt\/en\/wp-json\/wp\/v2\/product_cat?post=9677"},{"taxonomy":"product_tag","embeddable":true,"href":"https:\/\/www.monaxis.lt\/en\/wp-json\/wp\/v2\/product_tag?post=9677"}],"curies":[{"name":"wp","href":"https:\/\/api.w.org\/{rel}","templated":true}]}}