{"id":9680,"date":"2023-01-31T07:41:01","date_gmt":"2023-01-31T05:41:01","guid":{"rendered":"https:\/\/www.monaxis.lt\/parduotuve\/refrigeration-wall-diego-r188-white\/"},"modified":"2026-03-21T16:17:33","modified_gmt":"2026-03-21T14:17:33","slug":"refrigerated-display-cabinet-diego-r188","status":"publish","type":"product","link":"https:\/\/www.monaxis.lt\/en\/parduotuve\/refrigerated-display-cabinet-diego-r188\/","title":{"rendered":"Refrigerated display cabinet DIEGO R188 White"},"content":{"rendered":"<p>The Diego R188 is an exceptional commercial refrigeration solution, ideal for your business needs. These refrigeration units combine high quality materials, modern design and advanced technology, enabling you to stand out from the competition and ensure successful sales.<\/p>\n<p>The Diego R188 has integrated LED lighting that not only provides brightness but also helps to create the right atmosphere for displaying your goods. LED lighting not only saves energy, but also delivers a high-quality light output that perfectly highlights your products and captures the attention of shoppers.<\/p>\n<p>The Diego R188 is the perfect choice for those looking for a large storage capacity. Its spacious interior allows you to conveniently display and organise a large amount of products, while ensuring everything is easily accessible and organised.<\/p>\n<p>These refrigeration units are an energy-efficient solution that not only saves you money, but also allows you to be more environmentally friendly. It is the exclusive industrial refrigeration equipment that meets your business needs and helps you achieve the best results.<\/p>\n<h4><strong>Advantages of the DIEGO R188:<\/strong><\/h4>\n<p>The refrigerator is made of high-quality powder-coated steel.<\/p>\n<p>High-quality insulation in the refrigeration housing guarantees a reduction in cold loss.<\/p>\n<p>The inside of the camera is powder-coated, making it easier to keep clean.<\/p>\n<p>The shelves with reinforced construction are height-adjustable and plastic-coated.<\/p>\n<p>Doors with double tempered glass and self-closing function.<\/p>\n<p>Vertical LED lighting on both sides of the door increases the visibility of the display.<\/p>\n<p>The wheels with brake allow easy transport.<\/p>\n<p>The dynamic cooling system ensures a uniform temperature throughout the chamber.<br \/>\nThe electronic control panel of the renowned Carel brand allows the temperature to be set from 0 to +10 \u00b0C.<br \/>\nThe digital display informs about the current temperature inside the chamber.<br \/>\nThe efficient compressor of the renowned Secop brand ensures the correct efficiency.<br \/>\nThe product is guaranteed for 12 months.<br \/>\nThe refrigerated display cabinets are CE certified in compliance with the requirements of the Sanepid.<\/p>\n","protected":false},"excerpt":{"rendered":"<div class=\"product__parameter__name\"><strong><span class=\"product__parameter__name__text\"><img decoding=\"async\" class=\"alignnone wp-image-7601\" src=\"https:\/\/www.monaxis.lt\/wp-content\/uploads\/2023\/03\/delivery-1-150x150.png\" alt=\"\" width=\"23\" height=\"23\" srcset=\"https:\/\/www.monaxis.lt\/wp-content\/uploads\/2023\/03\/delivery-1-150x150.png 150w, https:\/\/www.monaxis.lt\/wp-content\/uploads\/2023\/03\/delivery-1-300x300.png 300w, https:\/\/www.monaxis.lt\/wp-content\/uploads\/2023\/03\/delivery-1.png 512w\" sizes=\"(max-width: 23px) 100vw, 23px\" \/> Delivery <\/span><\/strong><\/div>\n<div class=\"product__parameter__value\"><span class=\"product__parameter__value__text\" style=\"font-size: 75%;\">     <strong>   <span style=\"color: #999999;\">  Advance booking<\/span><\/strong><\/span><\/div>\n<div class=\"product__parameter__name\">\n<div class=\"product__parameter__value\">\n<hr>\n<\/div>\n<div>\n<div class=\"product__parameter__name\"><strong><span class=\"product__parameter__name__text\"><img decoding=\"async\" class=\"alignnone wp-image-7806\" style=\"color: #333333;\" src=\"https:\/\/www.monaxis.lt\/wp-content\/uploads\/2023\/01\/temperature-4.png\" alt=\"\" width=\"23\" height=\"23\"> Maintained temperature<\/span><\/strong><\/div>\n<div class=\"product__parameter__value\"><span class=\"product__parameter__value__text\" style=\"font-size: 75%;\">     <strong>   <span style=\"color: #999999;\">    <\/span><\/strong><\/span><span style=\"color: #999999;\"><strong><span style=\"font-size: 75%;\">(0 \u00f7 +10 \u00b0C)<\/span><\/strong><\/span><\/div>\n<\/div>\n<div>\n<hr>\n<\/div>\n<div>\n<div class=\"product__parameter__name\"><strong><span class=\"product__parameter__name__text\"><img decoding=\"async\" class=\"alignnone wp-image-7807\" src=\"https:\/\/www.monaxis.lt\/wp-content\/uploads\/2023\/01\/refrigerant.png\" alt=\"\" width=\"23\" height=\"23\"> Refrigerant<\/span><\/strong><\/div>\n<div class=\"product__parameter__value\"><span class=\"product__parameter__value__text\" style=\"font-size: 75%;\">       <span style=\"color: #808080;\">  <span style=\"color: #999999;\"><strong>R290<\/strong><\/span><\/span><\/span><\/div>\n<\/div>\n<\/div>\n<div class=\"product__parameter__value\">\n<hr>\n<\/div>\n<p><strong><img decoding=\"async\" class=\"alignnone wp-image-7810\" src=\"https:\/\/www.monaxis.lt\/wp-content\/uploads\/2023\/01\/komplektuojama.png\" alt=\"\" width=\"23\" height=\"23\"> Comes with<\/strong><br \/>\n<strong><span style=\"font-size: 75%; color: #999999;\">  Refrigerated 3-door cupboard<\/span><\/strong><br \/>\n<strong><span style=\"font-size: 75%; color: #999999;\">  Shelves &#8211; 15pcs<\/span><\/strong><br \/>\n<strong><span style=\"font-size: 75%; color: #999999;\">  Shelf partitions &#8211; 15 pcs<\/span><\/strong><br \/>\n<strong><span style=\"font-size: 75%; color: #999999;\">  Price strips &#8211; 15 pcs<\/span><\/strong><br \/>\n<strong><span style=\"font-size: 75%; color: #999999;\"> Warranty card<\/span><\/strong><br \/>\n<strong><span style=\"font-size: 75%; color: #999999;\"> Proof of purchase &#8211; Receipt \/ FV<\/span><\/strong><\/p>\n","protected":false},"featured_media":11324,"comment_status":"open","ping_status":"closed","template":"","meta":[],"product_brand":[],"product_cat":[138,67],"product_tag":[],"class_list":{"0":"post-9680","1":"product","2":"type-product","3":"status-publish","4":"has-post-thumbnail","6":"product_cat-showcase-refrigerators","7":"product_cat-commercial-refrigeration-equipment-en","9":"first","10":"outofstock","11":"taxable","12":"shipping-taxable","13":"purchasable","14":"product-type-simple"},"yoast_head":"<!-- This site is optimized with the Yoast SEO plugin v27.1.1 - https:\/\/yoast.com\/product\/yoast-seo-wordpress\/ -->\n<title>Refrigerated display cabinets DIEGO R188 | \u0160aldymo \u012franga | Monaxis.lt<\/title>\n<meta name=\"description\" content=\"Encourage your customers to explore the variety of your offers with the DIEGO R188 Refrigerated display cabinet. Refrigerated display cabinets at affordable prices Monaxis.lt\" \/>\n<meta name=\"robots\" content=\"index, follow, max-snippet:-1, max-image-preview:large, max-video-preview:-1\" \/>\n<link rel=\"canonical\" href=\"https:\/\/www.monaxis.lt\/en\/parduotuve\/refrigerated-display-cabinet-diego-r188\/\" \/>\n<meta property=\"og:locale\" content=\"en_US\" \/>\n<meta property=\"og:type\" content=\"article\" \/>\n<meta property=\"og:title\" content=\"Refrigerated display cabinets DIEGO R188 | \u0160aldymo \u012franga | Monaxis.lt\" \/>\n<meta property=\"og:description\" content=\"Encourage your customers to explore the variety of your offers with the DIEGO R188 Refrigerated display cabinet. Refrigerated display cabinets at affordable prices Monaxis.lt\" \/>\n<meta property=\"og:url\" content=\"https:\/\/www.monaxis.lt\/en\/parduotuve\/refrigerated-display-cabinet-diego-r188\/\" \/>\n<meta property=\"og:site_name\" content=\"Monaxis\" \/>\n<meta property=\"article:modified_time\" content=\"2026-03-21T14:17:33+00:00\" \/>\n<meta property=\"og:image\" content=\"https:\/\/www.monaxis.lt\/wp-content\/uploads\/2023\/01\/1-IMG_1351.webp\" \/>\n\t<meta property=\"og:image:width\" content=\"1000\" \/>\n\t<meta property=\"og:image:height\" content=\"1000\" \/>\n\t<meta property=\"og:image:type\" content=\"image\/webp\" \/>\n<meta name=\"twitter:card\" content=\"summary_large_image\" \/>\n<meta name=\"twitter:label1\" content=\"Est. reading time\" \/>\n\t<meta name=\"twitter:data1\" content=\"2 minutes\" \/>\n<script type=\"application\/ld+json\" class=\"yoast-schema-graph\">{\"@context\":\"https:\/\/schema.org\",\"@graph\":[{\"@type\":\"WebPage\",\"@id\":\"https:\/\/www.monaxis.lt\/en\/parduotuve\/refrigerated-display-cabinet-diego-r188\/\",\"url\":\"https:\/\/www.monaxis.lt\/en\/parduotuve\/refrigerated-display-cabinet-diego-r188\/\",\"name\":\"Refrigerated display cabinets DIEGO R188 | \u0160aldymo \u012franga | Monaxis.lt\",\"isPartOf\":{\"@id\":\"https:\/\/www.monaxis.lt\/en\/#website\"},\"primaryImageOfPage\":{\"@id\":\"https:\/\/www.monaxis.lt\/en\/parduotuve\/refrigerated-display-cabinet-diego-r188\/#primaryimage\"},\"image\":{\"@id\":\"https:\/\/www.monaxis.lt\/en\/parduotuve\/refrigerated-display-cabinet-diego-r188\/#primaryimage\"},\"thumbnailUrl\":\"https:\/\/www.monaxis.lt\/wp-content\/uploads\/2023\/01\/1-IMG_1351.webp\",\"datePublished\":\"2023-01-31T05:41:01+00:00\",\"dateModified\":\"2026-03-21T14:17:33+00:00\",\"description\":\"Encourage your customers to explore the variety of your offers with the DIEGO R188 Refrigerated display cabinet. Refrigerated display cabinets at affordable prices Monaxis.lt\",\"breadcrumb\":{\"@id\":\"https:\/\/www.monaxis.lt\/en\/parduotuve\/refrigerated-display-cabinet-diego-r188\/#breadcrumb\"},\"inLanguage\":\"en-US\",\"potentialAction\":[{\"@type\":\"ReadAction\",\"target\":[\"https:\/\/www.monaxis.lt\/en\/parduotuve\/refrigerated-display-cabinet-diego-r188\/\"]}]},{\"@type\":\"ImageObject\",\"inLanguage\":\"en-US\",\"@id\":\"https:\/\/www.monaxis.lt\/en\/parduotuve\/refrigerated-display-cabinet-diego-r188\/#primaryimage\",\"url\":\"https:\/\/www.monaxis.lt\/wp-content\/uploads\/2023\/01\/1-IMG_1351.webp\",\"contentUrl\":\"https:\/\/www.monaxis.lt\/wp-content\/uploads\/2023\/01\/1-IMG_1351.webp\",\"width\":1000,\"height\":1000},{\"@type\":\"BreadcrumbList\",\"@id\":\"https:\/\/www.monaxis.lt\/en\/parduotuve\/refrigerated-display-cabinet-diego-r188\/#breadcrumb\",\"itemListElement\":[{\"@type\":\"ListItem\",\"position\":1,\"name\":\"Pagrindinis\",\"item\":\"https:\/\/www.monaxis.lt\/en\/\"},{\"@type\":\"ListItem\",\"position\":2,\"name\":\"Shop\",\"item\":\"https:\/\/www.monaxis.lt\/en\/shop\/\"},{\"@type\":\"ListItem\",\"position\":3,\"name\":\"Commercial refrigeration equipment\",\"item\":\"https:\/\/www.monaxis.lt\/en\/produkto-kategorija\/commercial-refrigeration-equipment-en\/\"},{\"@type\":\"ListItem\",\"position\":4,\"name\":\"Showcase refrigerators\",\"item\":\"https:\/\/www.monaxis.lt\/en\/produkto-kategorija\/commercial-refrigeration-equipment-en\/showcase-refrigerators\/\"},{\"@type\":\"ListItem\",\"position\":5,\"name\":\"Refrigerated display cabinet DIEGO R188 White\"}]},{\"@type\":\"WebSite\",\"@id\":\"https:\/\/www.monaxis.lt\/en\/#website\",\"url\":\"https:\/\/www.monaxis.lt\/en\/\",\"name\":\"Monaxis\",\"description\":\"Prekybin\u0117, bei \u0161aldymo \u012franga\",\"publisher\":{\"@id\":\"https:\/\/www.monaxis.lt\/en\/#organization\"},\"potentialAction\":[{\"@type\":\"SearchAction\",\"target\":{\"@type\":\"EntryPoint\",\"urlTemplate\":\"https:\/\/www.monaxis.lt\/en\/?s={search_term_string}\"},\"query-input\":{\"@type\":\"PropertyValueSpecification\",\"valueRequired\":true,\"valueName\":\"search_term_string\"}}],\"inLanguage\":\"en-US\"},{\"@type\":\"Organization\",\"@id\":\"https:\/\/www.monaxis.lt\/en\/#organization\",\"name\":\"Monaxis\",\"url\":\"https:\/\/www.monaxis.lt\/en\/\",\"logo\":{\"@type\":\"ImageObject\",\"inLanguage\":\"en-US\",\"@id\":\"https:\/\/www.monaxis.lt\/en\/#\/schema\/logo\/image\/\",\"url\":\"https:\/\/www.monaxis.lt\/wp-content\/uploads\/2023\/03\/logo-1.png\",\"contentUrl\":\"https:\/\/www.monaxis.lt\/wp-content\/uploads\/2023\/03\/logo-1.png\",\"width\":205,\"height\":58,\"caption\":\"Monaxis\"},\"image\":{\"@id\":\"https:\/\/www.monaxis.lt\/en\/#\/schema\/logo\/image\/\"}}]}<\/script>\n<!-- \/ Yoast SEO plugin. -->","yoast_head_json":{"title":"Refrigerated display cabinets DIEGO R188 | \u0160aldymo \u012franga | Monaxis.lt","description":"Encourage your customers to explore the variety of your offers with the DIEGO R188 Refrigerated display cabinet. Refrigerated display cabinets at affordable prices Monaxis.lt","robots":{"index":"index","follow":"follow","max-snippet":"max-snippet:-1","max-image-preview":"max-image-preview:large","max-video-preview":"max-video-preview:-1"},"canonical":"https:\/\/www.monaxis.lt\/en\/parduotuve\/refrigerated-display-cabinet-diego-r188\/","og_locale":"en_US","og_type":"article","og_title":"Refrigerated display cabinets DIEGO R188 | \u0160aldymo \u012franga | Monaxis.lt","og_description":"Encourage your customers to explore the variety of your offers with the DIEGO R188 Refrigerated display cabinet. Refrigerated display cabinets at affordable prices Monaxis.lt","og_url":"https:\/\/www.monaxis.lt\/en\/parduotuve\/refrigerated-display-cabinet-diego-r188\/","og_site_name":"Monaxis","article_modified_time":"2026-03-21T14:17:33+00:00","og_image":[{"width":1000,"height":1000,"url":"https:\/\/www.monaxis.lt\/wp-content\/uploads\/2023\/01\/1-IMG_1351.webp","type":"image\/webp"}],"twitter_card":"summary_large_image","twitter_misc":{"Est. reading time":"2 minutes"},"schema":{"@context":"https:\/\/schema.org","@graph":[{"@type":"WebPage","@id":"https:\/\/www.monaxis.lt\/en\/parduotuve\/refrigerated-display-cabinet-diego-r188\/","url":"https:\/\/www.monaxis.lt\/en\/parduotuve\/refrigerated-display-cabinet-diego-r188\/","name":"Refrigerated display cabinets DIEGO R188 | \u0160aldymo \u012franga | Monaxis.lt","isPartOf":{"@id":"https:\/\/www.monaxis.lt\/en\/#website"},"primaryImageOfPage":{"@id":"https:\/\/www.monaxis.lt\/en\/parduotuve\/refrigerated-display-cabinet-diego-r188\/#primaryimage"},"image":{"@id":"https:\/\/www.monaxis.lt\/en\/parduotuve\/refrigerated-display-cabinet-diego-r188\/#primaryimage"},"thumbnailUrl":"https:\/\/www.monaxis.lt\/wp-content\/uploads\/2023\/01\/1-IMG_1351.webp","datePublished":"2023-01-31T05:41:01+00:00","dateModified":"2026-03-21T14:17:33+00:00","description":"Encourage your customers to explore the variety of your offers with the DIEGO R188 Refrigerated display cabinet. Refrigerated display cabinets at affordable prices Monaxis.lt","breadcrumb":{"@id":"https:\/\/www.monaxis.lt\/en\/parduotuve\/refrigerated-display-cabinet-diego-r188\/#breadcrumb"},"inLanguage":"en-US","potentialAction":[{"@type":"ReadAction","target":["https:\/\/www.monaxis.lt\/en\/parduotuve\/refrigerated-display-cabinet-diego-r188\/"]}]},{"@type":"ImageObject","inLanguage":"en-US","@id":"https:\/\/www.monaxis.lt\/en\/parduotuve\/refrigerated-display-cabinet-diego-r188\/#primaryimage","url":"https:\/\/www.monaxis.lt\/wp-content\/uploads\/2023\/01\/1-IMG_1351.webp","contentUrl":"https:\/\/www.monaxis.lt\/wp-content\/uploads\/2023\/01\/1-IMG_1351.webp","width":1000,"height":1000},{"@type":"BreadcrumbList","@id":"https:\/\/www.monaxis.lt\/en\/parduotuve\/refrigerated-display-cabinet-diego-r188\/#breadcrumb","itemListElement":[{"@type":"ListItem","position":1,"name":"Pagrindinis","item":"https:\/\/www.monaxis.lt\/en\/"},{"@type":"ListItem","position":2,"name":"Shop","item":"https:\/\/www.monaxis.lt\/en\/shop\/"},{"@type":"ListItem","position":3,"name":"Commercial refrigeration equipment","item":"https:\/\/www.monaxis.lt\/en\/produkto-kategorija\/commercial-refrigeration-equipment-en\/"},{"@type":"ListItem","position":4,"name":"Showcase refrigerators","item":"https:\/\/www.monaxis.lt\/en\/produkto-kategorija\/commercial-refrigeration-equipment-en\/showcase-refrigerators\/"},{"@type":"ListItem","position":5,"name":"Refrigerated display cabinet DIEGO R188 White"}]},{"@type":"WebSite","@id":"https:\/\/www.monaxis.lt\/en\/#website","url":"https:\/\/www.monaxis.lt\/en\/","name":"Monaxis","description":"Prekybin\u0117, bei \u0161aldymo \u012franga","publisher":{"@id":"https:\/\/www.monaxis.lt\/en\/#organization"},"potentialAction":[{"@type":"SearchAction","target":{"@type":"EntryPoint","urlTemplate":"https:\/\/www.monaxis.lt\/en\/?s={search_term_string}"},"query-input":{"@type":"PropertyValueSpecification","valueRequired":true,"valueName":"search_term_string"}}],"inLanguage":"en-US"},{"@type":"Organization","@id":"https:\/\/www.monaxis.lt\/en\/#organization","name":"Monaxis","url":"https:\/\/www.monaxis.lt\/en\/","logo":{"@type":"ImageObject","inLanguage":"en-US","@id":"https:\/\/www.monaxis.lt\/en\/#\/schema\/logo\/image\/","url":"https:\/\/www.monaxis.lt\/wp-content\/uploads\/2023\/03\/logo-1.png","contentUrl":"https:\/\/www.monaxis.lt\/wp-content\/uploads\/2023\/03\/logo-1.png","width":205,"height":58,"caption":"Monaxis"},"image":{"@id":"https:\/\/www.monaxis.lt\/en\/#\/schema\/logo\/image\/"}}]}},"_links":{"self":[{"href":"https:\/\/www.monaxis.lt\/en\/wp-json\/wp\/v2\/product\/9680","targetHints":{"allow":["GET"]}}],"collection":[{"href":"https:\/\/www.monaxis.lt\/en\/wp-json\/wp\/v2\/product"}],"about":[{"href":"https:\/\/www.monaxis.lt\/en\/wp-json\/wp\/v2\/types\/product"}],"replies":[{"embeddable":true,"href":"https:\/\/www.monaxis.lt\/en\/wp-json\/wp\/v2\/comments?post=9680"}],"wp:featuredmedia":[{"embeddable":true,"href":"https:\/\/www.monaxis.lt\/en\/wp-json\/wp\/v2\/media\/11324"}],"wp:attachment":[{"href":"https:\/\/www.monaxis.lt\/en\/wp-json\/wp\/v2\/media?parent=9680"}],"wp:term":[{"taxonomy":"product_brand","embeddable":true,"href":"https:\/\/www.monaxis.lt\/en\/wp-json\/wp\/v2\/product_brand?post=9680"},{"taxonomy":"product_cat","embeddable":true,"href":"https:\/\/www.monaxis.lt\/en\/wp-json\/wp\/v2\/product_cat?post=9680"},{"taxonomy":"product_tag","embeddable":true,"href":"https:\/\/www.monaxis.lt\/en\/wp-json\/wp\/v2\/product_tag?post=9680"}],"curies":[{"name":"wp","href":"https:\/\/api.w.org\/{rel}","templated":true}]}}