{"id":9699,"date":"2023-01-20T14:11:54","date_gmt":"2023-01-20T12:11:54","guid":{"rendered":"https:\/\/www.monaxis.lt\/parduotuve\/showcase-refrigerator-diego-r62-prestige-black\/"},"modified":"2026-03-21T16:17:10","modified_gmt":"2026-03-21T14:17:10","slug":"display-refrigerators-m-diego-r62","status":"publish","type":"product","link":"https:\/\/www.monaxis.lt\/en\/parduotuve\/display-refrigerators-m-diego-r62\/","title":{"rendered":"Showcase refrigerator DIEGO R62 Prestige Black 501L"},"content":{"rendered":"<p>The display area of the showcase is made without a frame in the Full Glass version.<br \/>\nThe stainless steel door handles give the showcase a modern finish.<br \/>\nThe body and the inside of the chamber are powder coated, making it easier to keep clean.<br \/>\nThe vertical LED lighting on the right side of the door increases the visibility of the display.<br \/>\nThe shelves are reinforced, height-adjustable, height-adjustable and plastic coated.<br \/>\nDoors with a double layer of tempered glass prevent loss of cooling properties.<br \/>\nHigh-quality insulation in the refrigeration case guarantees low electricity consumption.<br \/>\nSelf-closing doors ensure proper temperature maintenance.<br \/>\nWheels with brake allow easy transport of the unit.<br \/>\nEach shelf is equipped with a price strip and a shelf divider\/separator .<\/p>\n<p>The dynamic cooling system ensures a uniform temperature throughout the chamber.<br \/>\nCarel&#8217;s electronic control panel allows the temperature to be set between 0 and +10 \u00b0C.<br \/>\nThe digital display provides information on the current temperature inside the chamber.<br \/>\nThe efficient Secop compressor ensures adequate efficiency and energy efficiency.<br \/>\nThe product comes with a 12-month warranty.<br \/>\nThe refrigeration display is CE certified to meet Sanepid requirements.<\/p>\n<h4>The M Diego R62 display fridges are exceptional industrial refrigeration equipment that create eye-catching visual impact and help boost sales. These compact display fridges with LED lighting and glass doors are the perfect option for those who want to attract attention and give their display a modern and distinctive look.<\/h4>\n<p>The design of the M Diego R62 fridge is very distinctive and modern. Its elegant appearance combined with functionality gives you the opportunity to stand out and create a unique atmosphere in your retail space. This display fridge reflects high quality and style, satisfying even the most demanding customers.<\/p>\n<p>One of the most important advantages offered by these display fridges is LED lighting. This will give your products a bright and attractive visual accent, enhance their beauty and attract customers&#8217; attention. LED lighting is also an energy-efficient solution that will help you reduce energy costs and maintain an environmentally friendly retail space.<\/p>\n<p>In addition to their distinctive design and LED lighting, these display fridges are also compact in size. This is a great advantage for those who have limited space but want to offer a large selection of goods. The compact size allows you to make efficient use of available space and effectively store and display your goods.<\/p>\n<p>The M Diego R62 display fridge is the perfect solution for businesses looking to stand out from the competition and create a memorable shopping experience for their customers. Its distinctive design, LED lighting, compact size and high quality will ensure that your goods are presented in style and sales are boosted. Trust the M Diego R62 display fridge to give your business a high image and success in industrial refrigeration.<\/p>\n","protected":false},"excerpt":{"rendered":"<div class=\"product__parameter__name\"><strong><span class=\"product__parameter__name__text\"><img decoding=\"async\" class=\"alignnone wp-image-7601\" src=\"https:\/\/www.monaxis.lt\/wp-content\/uploads\/2023\/03\/delivery-1-150x150.png\" alt=\"\" width=\"23\" height=\"23\" srcset=\"https:\/\/www.monaxis.lt\/wp-content\/uploads\/2023\/03\/delivery-1-150x150.png 150w, https:\/\/www.monaxis.lt\/wp-content\/uploads\/2023\/03\/delivery-1-300x300.png 300w, https:\/\/www.monaxis.lt\/wp-content\/uploads\/2023\/03\/delivery-1.png 512w\" sizes=\"(max-width: 23px) 100vw, 23px\" \/> Delivery <\/span><\/strong><\/div>\n<div class=\"product__parameter__value\"><span class=\"product__parameter__value__text\" style=\"font-size: 75%;\">     <strong>   <span style=\"color: #999999;\"> 2-10 d.d.<\/span><\/strong><\/span><\/div>\n<div class=\"product__parameter__name\">\n<div class=\"product__parameter__value\">\n<hr>\n<\/div>\n<div>\n<div class=\"product__parameter__name\"><strong><span class=\"product__parameter__name__text\"><img decoding=\"async\" class=\"alignnone wp-image-7806\" style=\"color: #333333;\" src=\"https:\/\/www.monaxis.lt\/wp-content\/uploads\/2023\/01\/temperature-4.png\" alt=\"\" width=\"23\" height=\"23\"> Maintained temperature<\/span><\/strong><\/div>\n<div class=\"product__parameter__value\"><span class=\"product__parameter__value__text\" style=\"font-size: 75%;\">     <strong>   <span style=\"color: #999999;\">    <\/span><\/strong><\/span><span style=\"color: #999999;\"><strong><span style=\"font-size: 75%;\">(0\u00f7 +10 \u00b0C)<\/span><\/strong><\/span><\/div>\n<\/div>\n<div>\n<hr>\n<\/div>\n<div>\n<div class=\"product__parameter__name\"><strong><span class=\"product__parameter__name__text\"><img decoding=\"async\" class=\"alignnone wp-image-7807\" src=\"https:\/\/www.monaxis.lt\/wp-content\/uploads\/2023\/01\/refrigerant.png\" alt=\"\" width=\"23\" height=\"23\"> Refrigerant<\/span><\/strong><\/div>\n<div class=\"product__parameter__value\"><span class=\"product__parameter__value__text\" style=\"font-size: 75%;\">       <span style=\"color: #808080;\">  <span style=\"color: #999999;\"><strong>R290<\/strong><\/span><\/span><\/span><\/div>\n<\/div>\n<\/div>\n<div class=\"product__parameter__value\">\n<hr>\n<\/div>\n<p><strong><img decoding=\"async\" class=\"alignnone wp-image-7810\" src=\"https:\/\/www.monaxis.lt\/wp-content\/uploads\/2023\/01\/komplektuojama.png\" alt=\"\" width=\"23\" height=\"23\"> Comes with<\/strong><br \/>\n<strong><span style=\"font-size: 75%; color: #999999;\">  Refrigerated 1-door cupboard<\/span><\/strong><br \/>\n<strong><span style=\"font-size: 75%; color: #999999;\"> Shelves &#8211; 5 pcs<\/span><\/strong><br \/>\n<strong><span style=\"font-size: 75%; color: #999999;\">  Shelf partitions &#8211; 5 pcs<\/span><\/strong><br \/>\n<strong><span style=\"font-size: 75%; color: #999999;\">  Price strips &#8211; 5 pcs<\/span><\/strong><br \/>\n<strong><span style=\"font-size: 75%; color: #999999;\"> Warranty card<\/span><\/strong><br \/>\n<strong><span style=\"font-size: 75%; color: #999999;\"> Proof of purchase &#8211; Receipt \/ FV<\/span><\/strong><\/p>\n","protected":false},"featured_media":20773,"comment_status":"open","ping_status":"closed","template":"","meta":[],"product_brand":[],"product_cat":[138,67],"product_tag":[146,143,142,145],"class_list":{"0":"post-9699","1":"product","2":"type-product","3":"status-publish","4":"has-post-thumbnail","6":"product_cat-showcase-refrigerators","7":"product_cat-commercial-refrigeration-equipment-en","8":"product_tag-fridge","9":"product_tag-refrigerator-with-glass-door","10":"product_tag-showcase-fridge","11":"product_tag-showcase-refrigerators","12":"pa_aukstis-198cm-en-2","13":"pa_bukle-new-en","14":"pa_ilgis-62cm-en","15":"pa_plotis-63cm-en","16":"pa_talpa-501l-en","17":"pa_temperaturos-diapazonas-c-0c-10c-en","19":"first","20":"instock","21":"sale","22":"taxable","23":"shipping-taxable","24":"purchasable","25":"product-type-simple"},"yoast_head":"<!-- This site is optimized with the Yoast SEO plugin v27.1.1 - https:\/\/yoast.com\/product\/yoast-seo-wordpress\/ -->\n<title>Showcase refrigerators DIEGO R62 Black | \u0160aldymo \u012franga | Monaxis<\/title>\n<meta name=\"description\" content=\"Create a memorable shopping experience and boost sales with stylish, energy-efficient refrigeration. Showcase refrigerators DIEGO R62 Black\" \/>\n<meta name=\"robots\" content=\"index, follow, max-snippet:-1, max-image-preview:large, max-video-preview:-1\" \/>\n<link rel=\"canonical\" href=\"https:\/\/www.monaxis.lt\/en\/parduotuve\/display-refrigerators-m-diego-r62\/\" \/>\n<meta property=\"og:locale\" content=\"en_US\" \/>\n<meta property=\"og:type\" content=\"article\" \/>\n<meta property=\"og:title\" content=\"Showcase refrigerators DIEGO R62 Black | \u0160aldymo \u012franga | Monaxis\" \/>\n<meta property=\"og:description\" content=\"Create a memorable shopping experience and boost sales with stylish, energy-efficient refrigeration. Showcase refrigerators DIEGO R62 Black\" \/>\n<meta property=\"og:url\" content=\"https:\/\/www.monaxis.lt\/en\/parduotuve\/display-refrigerators-m-diego-r62\/\" \/>\n<meta property=\"og:site_name\" content=\"Monaxis\" \/>\n<meta property=\"article:modified_time\" content=\"2026-03-21T14:17:10+00:00\" \/>\n<meta property=\"og:image\" content=\"https:\/\/www.monaxis.lt\/wp-content\/uploads\/2023\/01\/Vitrininis-saldytuvas-DIEGO-R62-Prestige-Black-501L-1.jpg\" \/>\n\t<meta property=\"og:image:width\" content=\"1024\" \/>\n\t<meta property=\"og:image:height\" content=\"1024\" \/>\n\t<meta property=\"og:image:type\" content=\"image\/jpeg\" \/>\n<meta name=\"twitter:card\" content=\"summary_large_image\" \/>\n<meta name=\"twitter:label1\" content=\"Est. reading time\" \/>\n\t<meta name=\"twitter:data1\" content=\"3 minutes\" \/>\n<script type=\"application\/ld+json\" class=\"yoast-schema-graph\">{\"@context\":\"https:\/\/schema.org\",\"@graph\":[{\"@type\":\"WebPage\",\"@id\":\"https:\/\/www.monaxis.lt\/en\/parduotuve\/display-refrigerators-m-diego-r62\/\",\"url\":\"https:\/\/www.monaxis.lt\/en\/parduotuve\/display-refrigerators-m-diego-r62\/\",\"name\":\"Showcase refrigerators DIEGO R62 Black | \u0160aldymo \u012franga | Monaxis\",\"isPartOf\":{\"@id\":\"https:\/\/www.monaxis.lt\/en\/#website\"},\"primaryImageOfPage\":{\"@id\":\"https:\/\/www.monaxis.lt\/en\/parduotuve\/display-refrigerators-m-diego-r62\/#primaryimage\"},\"image\":{\"@id\":\"https:\/\/www.monaxis.lt\/en\/parduotuve\/display-refrigerators-m-diego-r62\/#primaryimage\"},\"thumbnailUrl\":\"https:\/\/www.monaxis.lt\/wp-content\/uploads\/2023\/01\/Vitrininis-saldytuvas-DIEGO-R62-Prestige-Black-501L-1.jpg\",\"datePublished\":\"2023-01-20T12:11:54+00:00\",\"dateModified\":\"2026-03-21T14:17:10+00:00\",\"description\":\"Create a memorable shopping experience and boost sales with stylish, energy-efficient refrigeration. Showcase refrigerators DIEGO R62 Black\",\"breadcrumb\":{\"@id\":\"https:\/\/www.monaxis.lt\/en\/parduotuve\/display-refrigerators-m-diego-r62\/#breadcrumb\"},\"inLanguage\":\"en-US\",\"potentialAction\":[{\"@type\":\"ReadAction\",\"target\":[\"https:\/\/www.monaxis.lt\/en\/parduotuve\/display-refrigerators-m-diego-r62\/\"]}]},{\"@type\":\"ImageObject\",\"inLanguage\":\"en-US\",\"@id\":\"https:\/\/www.monaxis.lt\/en\/parduotuve\/display-refrigerators-m-diego-r62\/#primaryimage\",\"url\":\"https:\/\/www.monaxis.lt\/wp-content\/uploads\/2023\/01\/Vitrininis-saldytuvas-DIEGO-R62-Prestige-Black-501L-1.jpg\",\"contentUrl\":\"https:\/\/www.monaxis.lt\/wp-content\/uploads\/2023\/01\/Vitrininis-saldytuvas-DIEGO-R62-Prestige-Black-501L-1.jpg\",\"width\":1024,\"height\":1024},{\"@type\":\"BreadcrumbList\",\"@id\":\"https:\/\/www.monaxis.lt\/en\/parduotuve\/display-refrigerators-m-diego-r62\/#breadcrumb\",\"itemListElement\":[{\"@type\":\"ListItem\",\"position\":1,\"name\":\"Pagrindinis\",\"item\":\"https:\/\/www.monaxis.lt\/en\/\"},{\"@type\":\"ListItem\",\"position\":2,\"name\":\"Shop\",\"item\":\"https:\/\/www.monaxis.lt\/en\/shop\/\"},{\"@type\":\"ListItem\",\"position\":3,\"name\":\"Prekybin\u0117 \u0161aldymo \u012franga\",\"item\":\"https:\/\/www.monaxis.lt\/produkto-kategorija\/prekybine-saldymo-iranga\/\"},{\"@type\":\"ListItem\",\"position\":4,\"name\":\"Showcase refrigerator DIEGO R62 Prestige Black 501L\"}]},{\"@type\":\"WebSite\",\"@id\":\"https:\/\/www.monaxis.lt\/en\/#website\",\"url\":\"https:\/\/www.monaxis.lt\/en\/\",\"name\":\"Monaxis\",\"description\":\"Prekybin\u0117, bei \u0161aldymo \u012franga\",\"publisher\":{\"@id\":\"https:\/\/www.monaxis.lt\/en\/#organization\"},\"potentialAction\":[{\"@type\":\"SearchAction\",\"target\":{\"@type\":\"EntryPoint\",\"urlTemplate\":\"https:\/\/www.monaxis.lt\/en\/?s={search_term_string}\"},\"query-input\":{\"@type\":\"PropertyValueSpecification\",\"valueRequired\":true,\"valueName\":\"search_term_string\"}}],\"inLanguage\":\"en-US\"},{\"@type\":\"Organization\",\"@id\":\"https:\/\/www.monaxis.lt\/en\/#organization\",\"name\":\"Monaxis\",\"url\":\"https:\/\/www.monaxis.lt\/en\/\",\"logo\":{\"@type\":\"ImageObject\",\"inLanguage\":\"en-US\",\"@id\":\"https:\/\/www.monaxis.lt\/en\/#\/schema\/logo\/image\/\",\"url\":\"https:\/\/www.monaxis.lt\/wp-content\/uploads\/2023\/03\/logo-1.png\",\"contentUrl\":\"https:\/\/www.monaxis.lt\/wp-content\/uploads\/2023\/03\/logo-1.png\",\"width\":205,\"height\":58,\"caption\":\"Monaxis\"},\"image\":{\"@id\":\"https:\/\/www.monaxis.lt\/en\/#\/schema\/logo\/image\/\"}}]}<\/script>\n<!-- \/ Yoast SEO plugin. -->","yoast_head_json":{"title":"Showcase refrigerators DIEGO R62 Black | \u0160aldymo \u012franga | Monaxis","description":"Create a memorable shopping experience and boost sales with stylish, energy-efficient refrigeration. Showcase refrigerators DIEGO R62 Black","robots":{"index":"index","follow":"follow","max-snippet":"max-snippet:-1","max-image-preview":"max-image-preview:large","max-video-preview":"max-video-preview:-1"},"canonical":"https:\/\/www.monaxis.lt\/en\/parduotuve\/display-refrigerators-m-diego-r62\/","og_locale":"en_US","og_type":"article","og_title":"Showcase refrigerators DIEGO R62 Black | \u0160aldymo \u012franga | Monaxis","og_description":"Create a memorable shopping experience and boost sales with stylish, energy-efficient refrigeration. Showcase refrigerators DIEGO R62 Black","og_url":"https:\/\/www.monaxis.lt\/en\/parduotuve\/display-refrigerators-m-diego-r62\/","og_site_name":"Monaxis","article_modified_time":"2026-03-21T14:17:10+00:00","og_image":[{"width":1024,"height":1024,"url":"https:\/\/www.monaxis.lt\/wp-content\/uploads\/2023\/01\/Vitrininis-saldytuvas-DIEGO-R62-Prestige-Black-501L-1.jpg","type":"image\/jpeg"}],"twitter_card":"summary_large_image","twitter_misc":{"Est. reading time":"3 minutes"},"schema":{"@context":"https:\/\/schema.org","@graph":[{"@type":"WebPage","@id":"https:\/\/www.monaxis.lt\/en\/parduotuve\/display-refrigerators-m-diego-r62\/","url":"https:\/\/www.monaxis.lt\/en\/parduotuve\/display-refrigerators-m-diego-r62\/","name":"Showcase refrigerators DIEGO R62 Black | \u0160aldymo \u012franga | Monaxis","isPartOf":{"@id":"https:\/\/www.monaxis.lt\/en\/#website"},"primaryImageOfPage":{"@id":"https:\/\/www.monaxis.lt\/en\/parduotuve\/display-refrigerators-m-diego-r62\/#primaryimage"},"image":{"@id":"https:\/\/www.monaxis.lt\/en\/parduotuve\/display-refrigerators-m-diego-r62\/#primaryimage"},"thumbnailUrl":"https:\/\/www.monaxis.lt\/wp-content\/uploads\/2023\/01\/Vitrininis-saldytuvas-DIEGO-R62-Prestige-Black-501L-1.jpg","datePublished":"2023-01-20T12:11:54+00:00","dateModified":"2026-03-21T14:17:10+00:00","description":"Create a memorable shopping experience and boost sales with stylish, energy-efficient refrigeration. Showcase refrigerators DIEGO R62 Black","breadcrumb":{"@id":"https:\/\/www.monaxis.lt\/en\/parduotuve\/display-refrigerators-m-diego-r62\/#breadcrumb"},"inLanguage":"en-US","potentialAction":[{"@type":"ReadAction","target":["https:\/\/www.monaxis.lt\/en\/parduotuve\/display-refrigerators-m-diego-r62\/"]}]},{"@type":"ImageObject","inLanguage":"en-US","@id":"https:\/\/www.monaxis.lt\/en\/parduotuve\/display-refrigerators-m-diego-r62\/#primaryimage","url":"https:\/\/www.monaxis.lt\/wp-content\/uploads\/2023\/01\/Vitrininis-saldytuvas-DIEGO-R62-Prestige-Black-501L-1.jpg","contentUrl":"https:\/\/www.monaxis.lt\/wp-content\/uploads\/2023\/01\/Vitrininis-saldytuvas-DIEGO-R62-Prestige-Black-501L-1.jpg","width":1024,"height":1024},{"@type":"BreadcrumbList","@id":"https:\/\/www.monaxis.lt\/en\/parduotuve\/display-refrigerators-m-diego-r62\/#breadcrumb","itemListElement":[{"@type":"ListItem","position":1,"name":"Pagrindinis","item":"https:\/\/www.monaxis.lt\/en\/"},{"@type":"ListItem","position":2,"name":"Shop","item":"https:\/\/www.monaxis.lt\/en\/shop\/"},{"@type":"ListItem","position":3,"name":"Prekybin\u0117 \u0161aldymo \u012franga","item":"https:\/\/www.monaxis.lt\/produkto-kategorija\/prekybine-saldymo-iranga\/"},{"@type":"ListItem","position":4,"name":"Showcase refrigerator DIEGO R62 Prestige Black 501L"}]},{"@type":"WebSite","@id":"https:\/\/www.monaxis.lt\/en\/#website","url":"https:\/\/www.monaxis.lt\/en\/","name":"Monaxis","description":"Prekybin\u0117, bei \u0161aldymo \u012franga","publisher":{"@id":"https:\/\/www.monaxis.lt\/en\/#organization"},"potentialAction":[{"@type":"SearchAction","target":{"@type":"EntryPoint","urlTemplate":"https:\/\/www.monaxis.lt\/en\/?s={search_term_string}"},"query-input":{"@type":"PropertyValueSpecification","valueRequired":true,"valueName":"search_term_string"}}],"inLanguage":"en-US"},{"@type":"Organization","@id":"https:\/\/www.monaxis.lt\/en\/#organization","name":"Monaxis","url":"https:\/\/www.monaxis.lt\/en\/","logo":{"@type":"ImageObject","inLanguage":"en-US","@id":"https:\/\/www.monaxis.lt\/en\/#\/schema\/logo\/image\/","url":"https:\/\/www.monaxis.lt\/wp-content\/uploads\/2023\/03\/logo-1.png","contentUrl":"https:\/\/www.monaxis.lt\/wp-content\/uploads\/2023\/03\/logo-1.png","width":205,"height":58,"caption":"Monaxis"},"image":{"@id":"https:\/\/www.monaxis.lt\/en\/#\/schema\/logo\/image\/"}}]}},"_links":{"self":[{"href":"https:\/\/www.monaxis.lt\/en\/wp-json\/wp\/v2\/product\/9699","targetHints":{"allow":["GET"]}}],"collection":[{"href":"https:\/\/www.monaxis.lt\/en\/wp-json\/wp\/v2\/product"}],"about":[{"href":"https:\/\/www.monaxis.lt\/en\/wp-json\/wp\/v2\/types\/product"}],"replies":[{"embeddable":true,"href":"https:\/\/www.monaxis.lt\/en\/wp-json\/wp\/v2\/comments?post=9699"}],"wp:featuredmedia":[{"embeddable":true,"href":"https:\/\/www.monaxis.lt\/en\/wp-json\/wp\/v2\/media\/20773"}],"wp:attachment":[{"href":"https:\/\/www.monaxis.lt\/en\/wp-json\/wp\/v2\/media?parent=9699"}],"wp:term":[{"taxonomy":"product_brand","embeddable":true,"href":"https:\/\/www.monaxis.lt\/en\/wp-json\/wp\/v2\/product_brand?post=9699"},{"taxonomy":"product_cat","embeddable":true,"href":"https:\/\/www.monaxis.lt\/en\/wp-json\/wp\/v2\/product_cat?post=9699"},{"taxonomy":"product_tag","embeddable":true,"href":"https:\/\/www.monaxis.lt\/en\/wp-json\/wp\/v2\/product_tag?post=9699"}],"curies":[{"name":"wp","href":"https:\/\/api.w.org\/{rel}","templated":true}]}}