{"id":9713,"date":"2023-01-23T12:40:19","date_gmt":"2023-01-23T10:40:19","guid":{"rendered":"https:\/\/www.monaxis.lt\/parduotuve\/upright-freezer-olaf-r125-exclusive\/"},"modified":"2026-03-21T16:17:26","modified_gmt":"2026-03-21T14:17:26","slug":"upright-freezer-olaf-r125-exclusive","status":"publish","type":"product","link":"https:\/\/www.monaxis.lt\/en\/parduotuve\/upright-freezer-olaf-r125-exclusive\/","title":{"rendered":"Upright freezer OLAF R125 Exclusive WHITE"},"content":{"rendered":"<p>The upright freezer is an exceptional refrigeration solution that offers high quality performance. If you are looking for a reliable and efficient way to keep your products frozen in your business, a vertical freezer is exactly what you need.<\/p>\n<p>This upright freezer is designed with exceptional functionality and a modern design that will fit perfectly into any interior. It has the capacity to store large quantities of frozen products conveniently and efficiently. The freezer is also temperature-controlled, so you can easily adapt it to your needs and frozen product requirements.<\/p>\n<p>The upright freezer also features an energy-saving function that helps to reduce electricity consumption and maintain refrigeration efficiency for longer. This not only saves you money, but is also environmentally friendly.<\/p>\n<p>When you buy a Vertical Freezer from Monaxis.lt, you will not only get a high quality product, but also professional advice and fast delivery. We want to ensure that our customers are satisfied and receive the best service.<\/p>\n<p>Trust Monaxis.lt to provide you with a reliable, efficient and convenient refrigeration solution. Keep your frozen products fresher for longer and enjoy high quality preservation with a vertical freezer from Monaxis.lt.<\/p>\n<p><strong>Features of the OLAF R125 Exclusive upright freezer:<\/strong><\/p>\n<p>The stainless steel door handles are a modern finish for the living room.<br \/>\nThe body and the interior of the camera are made of powder-coated steel.<br \/>\nVertical LED lighting on both sides of the door increases the visibility of the screen.<br \/>\nThe shelves are reinforced, height-adjustable, and plastic coated.<br \/>\nDoors with a double layer of tempered glass to prevent loss of cooling properties.<br \/>\nHigh-quality insulation in the refrigeration case guarantees low electricity consumption.<br \/>\nSelf-closing doors ensure proper temperature maintenance.<br \/>\nWheels with brake for easy transport.<br \/>\nEach shelf has a price strip.<\/p>\n<p>The dynamic cooling system ensures a uniform temperature throughout the chamber.<br \/>\nCarel&#8217;s electronic control panel allows you to set the temperature from -18 to -22 \u00b0C.<br \/>\nThe digital display informs you of the current temperature inside the chamber.<br \/>\nThe appliance is equipped with an automatic defrosting function.<br \/>\nThe efficient Secop compressor ensures proper efficiency and energy efficiency.<br \/>\nThe product comes with a 12-month warranty.<\/p>\n","protected":false},"excerpt":{"rendered":"<div class=\"product__parameter__name\"><strong><span class=\"product__parameter__name__text\"><img decoding=\"async\" class=\"alignnone wp-image-7601\" src=\"https:\/\/www.monaxis.lt\/wp-content\/uploads\/2023\/03\/delivery-1-150x150.png\" alt=\"\" width=\"23\" height=\"23\" srcset=\"https:\/\/www.monaxis.lt\/wp-content\/uploads\/2023\/03\/delivery-1-150x150.png 150w, https:\/\/www.monaxis.lt\/wp-content\/uploads\/2023\/03\/delivery-1-300x300.png 300w, https:\/\/www.monaxis.lt\/wp-content\/uploads\/2023\/03\/delivery-1.png 512w\" sizes=\"(max-width: 23px) 100vw, 23px\" \/> Delivery <\/span><\/strong><\/div>\n<div class=\"product__parameter__value\"><span class=\"product__parameter__value__text\" style=\"font-size: 75%;\">     <strong>   <span style=\"color: #999999;\">  2 &#8211; 10 d.d.<\/span><\/strong><\/span><\/div>\n<div class=\"product__parameter__name\">\n<div class=\"product__parameter__value\">\n<hr>\n<\/div>\n<div>\n<div class=\"product__parameter__name\"><strong><span class=\"product__parameter__name__text\"><img decoding=\"async\" class=\"alignnone wp-image-7806\" style=\"color: #333333;\" src=\"https:\/\/www.monaxis.lt\/wp-content\/uploads\/2023\/01\/temperature-4.png\" alt=\"\" width=\"23\" height=\"23\"> Maintained temperature<\/span><\/strong><\/div>\n<div class=\"product__parameter__value\"><span class=\"product__parameter__value__text\" style=\"font-size: 75%;\">     <strong>   <span style=\"color: #999999;\">    <\/span><\/strong><\/span><span style=\"color: #999999;\"><strong><span style=\"font-size: 75%;\">(-18 \u00f7 -22 \u00b0C)<\/span><\/strong><\/span><\/div>\n<\/div>\n<div>\n<hr>\n<\/div>\n<div>\n<div class=\"product__parameter__name\"><strong><span class=\"product__parameter__name__text\"><img decoding=\"async\" class=\"alignnone wp-image-7807\" src=\"https:\/\/www.monaxis.lt\/wp-content\/uploads\/2023\/01\/refrigerant.png\" alt=\"\" width=\"23\" height=\"23\"> Refrigerant<\/span><\/strong><\/div>\n<div class=\"product__parameter__value\"><span class=\"product__parameter__value__text\" style=\"font-size: 75%;\">       <span style=\"color: #808080;\">  <span style=\"color: #999999;\"><strong>R290<\/strong><\/span><\/span><\/span><\/div>\n<\/div>\n<\/div>\n<div class=\"product__parameter__value\">\n<hr>\n<\/div>\n<p><strong><img decoding=\"async\" class=\"alignnone wp-image-7810\" src=\"https:\/\/www.monaxis.lt\/wp-content\/uploads\/2023\/01\/komplektuojama.png\" alt=\"\" width=\"23\" height=\"23\"> Comes with<\/strong><br \/>\n<strong><span style=\"font-size: 75%; color: #999999;\"> Refrigerated 2-door cupboard<\/span><\/strong><br \/>\n<strong><span style=\"font-size: 75%; color: #999999;\">  Shelves &#8211; 10pcs<\/span><\/strong><br \/>\n<strong><span style=\"font-size: 75%; color: #999999;\">  Shelf partitions &#8211; 10 pcs<\/span><\/strong><br \/>\n<strong><span style=\"font-size: 75%; color: #999999;\">  Price strips &#8211; 10 pcs<\/span><\/strong><br \/>\n<strong><span style=\"font-size: 75%; color: #999999;\"> Warranty card<\/span><\/strong><br \/>\n<strong><span style=\"font-size: 75%; color: #999999;\"> Proof of purchase &#8211; Receipt \/ FV<\/span><\/strong><\/p>\n","protected":false},"featured_media":11076,"comment_status":"open","ping_status":"closed","template":"","meta":[],"product_brand":[],"product_cat":[191],"product_tag":[],"class_list":{"0":"post-9713","1":"product","2":"type-product","3":"status-publish","4":"has-post-thumbnail","6":"product_cat-vertical-display-freezers","8":"first","9":"outofstock","10":"taxable","11":"shipping-taxable","12":"purchasable","13":"product-type-simple"},"yoast_head":"<!-- This site is optimized with the Yoast SEO plugin v27.1.1 - https:\/\/yoast.com\/product\/yoast-seo-wordpress\/ -->\n<title>Upright freezer OLAF R125 Exclusive WHITE|Monaxis%.lt<\/title>\n<meta name=\"description\" content=\"High-quality upright freezer OLAF R125. A modern freezer to save money, space and product sales Monaxis.lt\" \/>\n<meta name=\"robots\" content=\"index, follow, max-snippet:-1, max-image-preview:large, max-video-preview:-1\" \/>\n<link rel=\"canonical\" href=\"https:\/\/www.monaxis.lt\/en\/parduotuve\/upright-freezer-olaf-r125-exclusive\/\" \/>\n<meta property=\"og:locale\" content=\"en_US\" \/>\n<meta property=\"og:type\" content=\"article\" \/>\n<meta property=\"og:title\" content=\"Upright freezer OLAF R125 Exclusive WHITE|Monaxis%.lt\" \/>\n<meta property=\"og:description\" content=\"High-quality upright freezer OLAF R125. A modern freezer to save money, space and product sales Monaxis.lt\" \/>\n<meta property=\"og:url\" content=\"https:\/\/www.monaxis.lt\/en\/parduotuve\/upright-freezer-olaf-r125-exclusive\/\" \/>\n<meta property=\"og:site_name\" content=\"Monaxis\" \/>\n<meta property=\"article:modified_time\" content=\"2026-03-21T14:17:26+00:00\" \/>\n<meta property=\"og:image\" content=\"https:\/\/www.monaxis.lt\/wp-content\/uploads\/2023\/01\/olaf-r125-1.webp\" \/>\n\t<meta property=\"og:image:width\" content=\"1000\" \/>\n\t<meta property=\"og:image:height\" content=\"1000\" \/>\n\t<meta property=\"og:image:type\" content=\"image\/webp\" \/>\n<meta name=\"twitter:card\" content=\"summary_large_image\" \/>\n<meta name=\"twitter:label1\" content=\"Est. reading time\" \/>\n\t<meta name=\"twitter:data1\" content=\"2 minutes\" \/>\n<script type=\"application\/ld+json\" class=\"yoast-schema-graph\">{\"@context\":\"https:\/\/schema.org\",\"@graph\":[{\"@type\":\"WebPage\",\"@id\":\"https:\/\/www.monaxis.lt\/en\/parduotuve\/upright-freezer-olaf-r125-exclusive\/\",\"url\":\"https:\/\/www.monaxis.lt\/en\/parduotuve\/upright-freezer-olaf-r125-exclusive\/\",\"name\":\"Upright freezer OLAF R125 Exclusive WHITE|Monaxis%.lt\",\"isPartOf\":{\"@id\":\"https:\/\/www.monaxis.lt\/en\/#website\"},\"primaryImageOfPage\":{\"@id\":\"https:\/\/www.monaxis.lt\/en\/parduotuve\/upright-freezer-olaf-r125-exclusive\/#primaryimage\"},\"image\":{\"@id\":\"https:\/\/www.monaxis.lt\/en\/parduotuve\/upright-freezer-olaf-r125-exclusive\/#primaryimage\"},\"thumbnailUrl\":\"https:\/\/www.monaxis.lt\/wp-content\/uploads\/2023\/01\/olaf-r125-1.webp\",\"datePublished\":\"2023-01-23T10:40:19+00:00\",\"dateModified\":\"2026-03-21T14:17:26+00:00\",\"description\":\"High-quality upright freezer OLAF R125. A modern freezer to save money, space and product sales Monaxis.lt\",\"breadcrumb\":{\"@id\":\"https:\/\/www.monaxis.lt\/en\/parduotuve\/upright-freezer-olaf-r125-exclusive\/#breadcrumb\"},\"inLanguage\":\"en-US\",\"potentialAction\":[{\"@type\":\"ReadAction\",\"target\":[\"https:\/\/www.monaxis.lt\/en\/parduotuve\/upright-freezer-olaf-r125-exclusive\/\"]}]},{\"@type\":\"ImageObject\",\"inLanguage\":\"en-US\",\"@id\":\"https:\/\/www.monaxis.lt\/en\/parduotuve\/upright-freezer-olaf-r125-exclusive\/#primaryimage\",\"url\":\"https:\/\/www.monaxis.lt\/wp-content\/uploads\/2023\/01\/olaf-r125-1.webp\",\"contentUrl\":\"https:\/\/www.monaxis.lt\/wp-content\/uploads\/2023\/01\/olaf-r125-1.webp\",\"width\":1000,\"height\":1000},{\"@type\":\"BreadcrumbList\",\"@id\":\"https:\/\/www.monaxis.lt\/en\/parduotuve\/upright-freezer-olaf-r125-exclusive\/#breadcrumb\",\"itemListElement\":[{\"@type\":\"ListItem\",\"position\":1,\"name\":\"Pagrindinis\",\"item\":\"https:\/\/www.monaxis.lt\/en\/\"},{\"@type\":\"ListItem\",\"position\":2,\"name\":\"Shop\",\"item\":\"https:\/\/www.monaxis.lt\/en\/shop\/\"},{\"@type\":\"ListItem\",\"position\":3,\"name\":\"Commercial refrigeration equipment\",\"item\":\"https:\/\/www.monaxis.lt\/en\/produkto-kategorija\/commercial-refrigeration-equipment-en\/\"},{\"@type\":\"ListItem\",\"position\":4,\"name\":\"Vertical freezers\",\"item\":\"https:\/\/www.monaxis.lt\/en\/produkto-kategorija\/commercial-refrigeration-equipment-en\/vertical-freezers\/\"},{\"@type\":\"ListItem\",\"position\":5,\"name\":\"Vertical display freezers\",\"item\":\"https:\/\/www.monaxis.lt\/en\/produkto-kategorija\/commercial-refrigeration-equipment-en\/vertical-freezers\/vertical-display-freezers\/\"},{\"@type\":\"ListItem\",\"position\":6,\"name\":\"Upright freezer OLAF R125 Exclusive WHITE\"}]},{\"@type\":\"WebSite\",\"@id\":\"https:\/\/www.monaxis.lt\/en\/#website\",\"url\":\"https:\/\/www.monaxis.lt\/en\/\",\"name\":\"Monaxis\",\"description\":\"Prekybin\u0117, bei \u0161aldymo \u012franga\",\"publisher\":{\"@id\":\"https:\/\/www.monaxis.lt\/en\/#organization\"},\"potentialAction\":[{\"@type\":\"SearchAction\",\"target\":{\"@type\":\"EntryPoint\",\"urlTemplate\":\"https:\/\/www.monaxis.lt\/en\/?s={search_term_string}\"},\"query-input\":{\"@type\":\"PropertyValueSpecification\",\"valueRequired\":true,\"valueName\":\"search_term_string\"}}],\"inLanguage\":\"en-US\"},{\"@type\":\"Organization\",\"@id\":\"https:\/\/www.monaxis.lt\/en\/#organization\",\"name\":\"Monaxis\",\"url\":\"https:\/\/www.monaxis.lt\/en\/\",\"logo\":{\"@type\":\"ImageObject\",\"inLanguage\":\"en-US\",\"@id\":\"https:\/\/www.monaxis.lt\/en\/#\/schema\/logo\/image\/\",\"url\":\"https:\/\/www.monaxis.lt\/wp-content\/uploads\/2023\/03\/logo-1.png\",\"contentUrl\":\"https:\/\/www.monaxis.lt\/wp-content\/uploads\/2023\/03\/logo-1.png\",\"width\":205,\"height\":58,\"caption\":\"Monaxis\"},\"image\":{\"@id\":\"https:\/\/www.monaxis.lt\/en\/#\/schema\/logo\/image\/\"}}]}<\/script>\n<!-- \/ Yoast SEO plugin. -->","yoast_head_json":{"title":"Upright freezer OLAF R125 Exclusive WHITE|Monaxis%.lt","description":"High-quality upright freezer OLAF R125. A modern freezer to save money, space and product sales Monaxis.lt","robots":{"index":"index","follow":"follow","max-snippet":"max-snippet:-1","max-image-preview":"max-image-preview:large","max-video-preview":"max-video-preview:-1"},"canonical":"https:\/\/www.monaxis.lt\/en\/parduotuve\/upright-freezer-olaf-r125-exclusive\/","og_locale":"en_US","og_type":"article","og_title":"Upright freezer OLAF R125 Exclusive WHITE|Monaxis%.lt","og_description":"High-quality upright freezer OLAF R125. A modern freezer to save money, space and product sales Monaxis.lt","og_url":"https:\/\/www.monaxis.lt\/en\/parduotuve\/upright-freezer-olaf-r125-exclusive\/","og_site_name":"Monaxis","article_modified_time":"2026-03-21T14:17:26+00:00","og_image":[{"width":1000,"height":1000,"url":"https:\/\/www.monaxis.lt\/wp-content\/uploads\/2023\/01\/olaf-r125-1.webp","type":"image\/webp"}],"twitter_card":"summary_large_image","twitter_misc":{"Est. reading time":"2 minutes"},"schema":{"@context":"https:\/\/schema.org","@graph":[{"@type":"WebPage","@id":"https:\/\/www.monaxis.lt\/en\/parduotuve\/upright-freezer-olaf-r125-exclusive\/","url":"https:\/\/www.monaxis.lt\/en\/parduotuve\/upright-freezer-olaf-r125-exclusive\/","name":"Upright freezer OLAF R125 Exclusive WHITE|Monaxis%.lt","isPartOf":{"@id":"https:\/\/www.monaxis.lt\/en\/#website"},"primaryImageOfPage":{"@id":"https:\/\/www.monaxis.lt\/en\/parduotuve\/upright-freezer-olaf-r125-exclusive\/#primaryimage"},"image":{"@id":"https:\/\/www.monaxis.lt\/en\/parduotuve\/upright-freezer-olaf-r125-exclusive\/#primaryimage"},"thumbnailUrl":"https:\/\/www.monaxis.lt\/wp-content\/uploads\/2023\/01\/olaf-r125-1.webp","datePublished":"2023-01-23T10:40:19+00:00","dateModified":"2026-03-21T14:17:26+00:00","description":"High-quality upright freezer OLAF R125. A modern freezer to save money, space and product sales Monaxis.lt","breadcrumb":{"@id":"https:\/\/www.monaxis.lt\/en\/parduotuve\/upright-freezer-olaf-r125-exclusive\/#breadcrumb"},"inLanguage":"en-US","potentialAction":[{"@type":"ReadAction","target":["https:\/\/www.monaxis.lt\/en\/parduotuve\/upright-freezer-olaf-r125-exclusive\/"]}]},{"@type":"ImageObject","inLanguage":"en-US","@id":"https:\/\/www.monaxis.lt\/en\/parduotuve\/upright-freezer-olaf-r125-exclusive\/#primaryimage","url":"https:\/\/www.monaxis.lt\/wp-content\/uploads\/2023\/01\/olaf-r125-1.webp","contentUrl":"https:\/\/www.monaxis.lt\/wp-content\/uploads\/2023\/01\/olaf-r125-1.webp","width":1000,"height":1000},{"@type":"BreadcrumbList","@id":"https:\/\/www.monaxis.lt\/en\/parduotuve\/upright-freezer-olaf-r125-exclusive\/#breadcrumb","itemListElement":[{"@type":"ListItem","position":1,"name":"Pagrindinis","item":"https:\/\/www.monaxis.lt\/en\/"},{"@type":"ListItem","position":2,"name":"Shop","item":"https:\/\/www.monaxis.lt\/en\/shop\/"},{"@type":"ListItem","position":3,"name":"Commercial refrigeration equipment","item":"https:\/\/www.monaxis.lt\/en\/produkto-kategorija\/commercial-refrigeration-equipment-en\/"},{"@type":"ListItem","position":4,"name":"Vertical freezers","item":"https:\/\/www.monaxis.lt\/en\/produkto-kategorija\/commercial-refrigeration-equipment-en\/vertical-freezers\/"},{"@type":"ListItem","position":5,"name":"Vertical display freezers","item":"https:\/\/www.monaxis.lt\/en\/produkto-kategorija\/commercial-refrigeration-equipment-en\/vertical-freezers\/vertical-display-freezers\/"},{"@type":"ListItem","position":6,"name":"Upright freezer OLAF R125 Exclusive WHITE"}]},{"@type":"WebSite","@id":"https:\/\/www.monaxis.lt\/en\/#website","url":"https:\/\/www.monaxis.lt\/en\/","name":"Monaxis","description":"Prekybin\u0117, bei \u0161aldymo \u012franga","publisher":{"@id":"https:\/\/www.monaxis.lt\/en\/#organization"},"potentialAction":[{"@type":"SearchAction","target":{"@type":"EntryPoint","urlTemplate":"https:\/\/www.monaxis.lt\/en\/?s={search_term_string}"},"query-input":{"@type":"PropertyValueSpecification","valueRequired":true,"valueName":"search_term_string"}}],"inLanguage":"en-US"},{"@type":"Organization","@id":"https:\/\/www.monaxis.lt\/en\/#organization","name":"Monaxis","url":"https:\/\/www.monaxis.lt\/en\/","logo":{"@type":"ImageObject","inLanguage":"en-US","@id":"https:\/\/www.monaxis.lt\/en\/#\/schema\/logo\/image\/","url":"https:\/\/www.monaxis.lt\/wp-content\/uploads\/2023\/03\/logo-1.png","contentUrl":"https:\/\/www.monaxis.lt\/wp-content\/uploads\/2023\/03\/logo-1.png","width":205,"height":58,"caption":"Monaxis"},"image":{"@id":"https:\/\/www.monaxis.lt\/en\/#\/schema\/logo\/image\/"}}]}},"_links":{"self":[{"href":"https:\/\/www.monaxis.lt\/en\/wp-json\/wp\/v2\/product\/9713","targetHints":{"allow":["GET"]}}],"collection":[{"href":"https:\/\/www.monaxis.lt\/en\/wp-json\/wp\/v2\/product"}],"about":[{"href":"https:\/\/www.monaxis.lt\/en\/wp-json\/wp\/v2\/types\/product"}],"replies":[{"embeddable":true,"href":"https:\/\/www.monaxis.lt\/en\/wp-json\/wp\/v2\/comments?post=9713"}],"wp:featuredmedia":[{"embeddable":true,"href":"https:\/\/www.monaxis.lt\/en\/wp-json\/wp\/v2\/media\/11076"}],"wp:attachment":[{"href":"https:\/\/www.monaxis.lt\/en\/wp-json\/wp\/v2\/media?parent=9713"}],"wp:term":[{"taxonomy":"product_brand","embeddable":true,"href":"https:\/\/www.monaxis.lt\/en\/wp-json\/wp\/v2\/product_brand?post=9713"},{"taxonomy":"product_cat","embeddable":true,"href":"https:\/\/www.monaxis.lt\/en\/wp-json\/wp\/v2\/product_cat?post=9713"},{"taxonomy":"product_tag","embeddable":true,"href":"https:\/\/www.monaxis.lt\/en\/wp-json\/wp\/v2\/product_tag?post=9713"}],"curies":[{"name":"wp","href":"https:\/\/api.w.org\/{rel}","templated":true}]}}